{"id":2106,"date":"2021-03-25T04:08:26","date_gmt":"2021-03-25T04:08:26","guid":{"rendered":"http:\/\/localhost\/nuss\/?page_id=298"},"modified":"2025-09-09T03:26:53","modified_gmt":"2025-09-09T03:26:53","slug":"kundenerfahrungen-bewertungen","status":"publish","type":"page","link":"https:\/\/cdyuenchi.com\/de\/customer-experiences-reviews\/","title":{"rendered":"Kundenerfahrungen &amp; Bewertungen"},"content":{"rendered":"<div data-elementor-type=\"wp-page\" data-elementor-id=\"2106\" class=\"elementor elementor-2106\">\n\t\t\t\t\t\t<section class=\"elementor-section elementor-top-section elementor-element elementor-element-1954ffc elementor-section-boxed elementor-section-gap-beside-yes elementor-section-height-default elementor-section-height-default elementor-section-column-vertical-align-stretch\" data-id=\"1954ffc\" data-element_type=\"section\" data-e-type=\"section\">\n\t\t\t\t\t\t<div class=\"elementor-container elementor-column-gap-extended\">\n\t\t\t\t\t<div class=\"elementor-column elementor-col-100 elementor-top-column elementor-element elementor-element-86aebc5\" data-id=\"86aebc5\" data-element_type=\"column\" data-e-type=\"column\">\n\t\t\t<div class=\"elementor-widget-wrap elementor-element-populated\">\n\t\t\t\t\t\t<div class=\"elementor-element elementor-element-11803d1 elementor-widget__width-initial elementor-invisible elementor-widget elementor-widget-text-editor\" data-id=\"11803d1\" data-element_type=\"widget\" data-e-type=\"widget\" data-settings=\"{&quot;_animation&quot;:&quot;nussFadeInUp&quot;}\" data-widget_type=\"text-editor.default\">\n\t\t\t\t\t\t\t\t\t<p>Wir m\u00f6chten, dass unsere G\u00e4ste w\u00e4hrend ihres Aufenthalts bei uns etwas Besonderes erleben, denn tolle Erlebnisse schaffen tolle Erinnerungen.<\/p>\t\t\t\t\t\t\t\t<\/div>\n\t\t\t\t\t<\/div>\n\t\t<\/div>\n\t\t\t\t\t<\/div>\n\t\t<\/section>\n\t\t<div class=\"elementor-element elementor-element-cd9a5b0 e-flex e-con-boxed e-con e-parent\" data-id=\"cd9a5b0\" data-element_type=\"container\" data-e-type=\"container\">\n\t\t\t\t\t<div class=\"e-con-inner\">\n\t\t\t\t<div class=\"elementor-element elementor-element-87ac8fd elementor-widget elementor-widget-text-editor\" data-id=\"87ac8fd\" data-element_type=\"widget\" data-e-type=\"widget\" data-widget_type=\"text-editor.default\">\n\t\t\t\t\t\t\t\t\t<p data-spm-anchor-id=\"a2ty_o01.29997173.0.i28.652bc921hbIzpS\">Bei <strong>Hotel CD YUENCHI<\/strong>, gelegen in <strong>Nr. 28 Wuyuegong Street, Bezirk Qingyang, Chengdu, Sichuan 610017, China<\/strong>Jeder Gast ist nicht nur ein Besucher, sondern ein gesch\u00e4tzter Geschichtenerz\u00e4hler auf unserem Weg zur Exzellenz. Eingebettet im kulturellen und historischen Herzen einer der pulsierendsten St\u00e4dte Chinas hat sich unser Boutique-Hotel nicht nur f\u00fcr sein elegantes Design und seine erstklassige Lage einen Namen gemacht, sondern vor allem f\u00fcr die <strong>unvergessliche Erlebnisse<\/strong> Es bietet Reisenden aus aller Welt etwas. Von Alleinreisenden und Gesch\u00e4ftsreisenden bis hin zu Familien und Hochzeitsreisenden loben die G\u00e4ste das Hotel CD YUENCHI immer wieder f\u00fcr seine <strong>au\u00dfergew\u00f6hnlicher Service, authentische Sichuan-Gastfreundschaft und Liebe zum Detail<\/strong>\u2013 und ihre Stimmen leuchten hell auf f\u00fchrenden Reiseplattformen wie <strong>TripAdvisor.com<\/strong> Und <strong>Trip.com<\/strong>.<\/p><h3><strong>Begeisterte G\u00e4stebewertungen: Was Reisende sagen<\/strong><\/h3><p>Mit einem <strong>Durchschnittliche Bewertung von 4,7 Sternen auf Trip.com<\/strong> und eine beeindruckende <strong>\u201eAusgezeichnet\u201c 4,6\/5 Bewertung auf TripAdvisor<\/strong>Das Hotel CD YUENCHI ist eine der am meisten empfohlenen Unterk\u00fcnfte in Chengdu. G\u00e4ste heben immer wieder die <strong>perfekte Balance aus modernem Luxus und lokalem Charme<\/strong>, und beschreiben ihren Aufenthalt oft als \u201eeine ruhige Oase inmitten einer gesch\u00e4ftigen Stadt\u201c und \u201edie ideale Mischung aus Komfort, Bequemlichkeit und Kultur\u201c.<\/p><p>An <strong>TripAdvisor<\/strong>, Reisende schw\u00e4rmen von der <strong>herzliches und aufmerksames Personal<\/strong>, wobei ein Rezensent feststellte:<\/p><blockquote><p><em>\u201eVon unserer Ankunft an gaben sich die Mitarbeiter alle M\u00fche. Sie halfen uns bei der Buchung einer Panda-Tour, organisierten authentische lokale Gerichte und \u00fcberraschten uns nach einem langen Sightseeing-Tag sogar mit einem kostenlosen Teeservice. Diese pers\u00f6nliche Betreuung ist selten \u2013 und unvergesslich.\u201c<\/em><\/p><\/blockquote><p>Ein anderer Gast schrieb:<\/p><blockquote><p><em>\u201eDie Lage ist unschlagbar. Wir waren in wenigen Minuten zu Fu\u00df in der Jinli Ancient Street, dem Wuhou-Schrein und der Kuanzhai-Gasse. Trotzdem war das Zimmer so ruhig und friedlich, dass es sich wie ein privater R\u00fcckzugsort anf\u00fchlte. Das Bett war das bequemste, in dem ich w\u00e4hrend meiner gesamten Chinareise geschlafen habe.\u201c<\/em><\/p><\/blockquote><h3><strong>Regelm\u00e4\u00dfig gelobt f\u00fcr Sauberkeit, Komfort und Service<\/strong><\/h3><p>\u00dcber beide <strong>TripAdvisor<\/strong> Und <strong>Trip.com<\/strong>Sauberkeit ist ein wiederkehrendes Thema im G\u00e4stefeedback. Mit einem starken Engagement f\u00fcr Hygiene und Nachhaltigkeit h\u00e4lt das Hotel CD YUENCHI <strong>5-Sterne-Sauberkeitsstandards<\/strong>, mit umweltfreundlichen Reinigungsprodukten und t\u00e4glichen Tiefendesinfektionsprotokollen. G\u00e4ste erw\u00e4hnen h\u00e4ufig die <strong>makellose Zimmer, frische Bettw\u00e4sche und makellose Badezimmer<\/strong> als herausragende Merkmale.<\/p><p>Ein Trip.com-Rezensent teilte mit:<\/p><blockquote><p><em>\u201eAls jemand, der gro\u00dfen Wert auf Sauberkeit legt, war ich durch und durch beeindruckt. Jede Oberfl\u00e4che gl\u00e4nzte, die Luft roch frisch und das Badezimmer hatte Fu\u00dfbodenheizung \u2013 ein Luxus, den ich nicht erwartet hatte!\u201c<\/em><\/p><\/blockquote><p>Ein weiterer Pluspunkt f\u00fcr das G\u00e4steerlebnis ist der exzellente Service. Die mehrsprachige Rezeption, der 24-Stunden-Concierge und die Housekeeping-Teams werden regelm\u00e4\u00dfig f\u00fcr ihre <strong>Schnelligkeit, Freundlichkeit und Probleml\u00f6sungsf\u00e4higkeiten<\/strong>. Ob es um die Organisation des Transports, die Empfehlung von Geheimtipps in Restaurants oder die Erf\u00fcllung von Last-Minute-W\u00fcnschen geht, das Personal des Hotel CD YUENCHI verdient Lob daf\u00fcr, dass es seinen G\u00e4sten das Gef\u00fchl gibt, wirklich umsorgt zu werden.<\/p><h3><strong>Authentische lokale Erlebnisse und durchdachte Details<\/strong><\/h3><p>Was das Hotel CD YUENCHI wirklich auszeichnet, ist sein Engagement f\u00fcr <strong>Kuratieren bedeutungsvoller Erlebnisse<\/strong> \u00fcber den Raum hinaus. Die G\u00e4ste lieben die <strong>kostenloses kulturelles Willkommenspaket<\/strong>, das eine handgezeichnete Karte von Chengdu, lokale Teeproben und Rabattgutscheine f\u00fcr nahegelegene Sehensw\u00fcrdigkeiten enth\u00e4lt. Viele Rezensenten heben die <strong>Sichuan-Teelounge vor Ort<\/strong>, wo sie traditionelle Teezeremonien genossen und von sachkundigen Gastgebern etwas \u00fcber das Teeerbe der Region erfuhren.<\/p><p>Ein TripAdvisor-Reisender teilte mit:<\/p><blockquote><p><em>\u201eDas abendliche Teeritual war ein H\u00f6hepunkt. Wir tranken erstklassigen Mengding Ganlu-Tee und lauschten dabei einer Guzheng-Vorf\u00fchrung. Es war friedlich, authentisch und vermittelte uns ein tieferes Verst\u00e4ndnis f\u00fcr die Sichuan-Kultur.\u201c<\/em><\/p><\/blockquote><p>Familien sch\u00e4tzen die <strong>ger\u00e4umige Familiensuiten und kinderfreundliche Annehmlichkeiten<\/strong>, w\u00e4hrend Gesch\u00e4ftsreisende die <strong>ruhige Arbeitsbereiche, schnelles WLAN und effiziente Besprechungsr\u00e4ume<\/strong>Alleinreisende Frauen erw\u00e4hnen h\u00e4ufig das Gef\u00fchl, <strong>sicher, willkommen und gut unterst\u00fctzt<\/strong> w\u00e4hrend ihres Aufenthalts.<\/p><h3><strong>Preisgekr\u00f6nte G\u00e4stezufriedenheit und Anerkennung<\/strong><\/h3><p>Dank seiner durchweg hervorragenden Bewertungen wurde das Hotel CD YUENCHI als <strong>Trip.com \u201eHotel der Spitzenklasse\u201c<\/strong> und ein <strong>Nominiert f\u00fcr den TripAdvisor Travellers&#039; Choice Award<\/strong>, wodurch es laut G\u00e4stefeedback zu den 51 besten Hotels weltweit z\u00e4hlt. Diese Auszeichnungen sind nicht nur Ehrenzeichen \u2013 sie zeugen von unserem unerm\u00fcdlichen Engagement, Erwartungen zu \u00fcbertreffen.<\/p><p>G\u00e4ste sch\u00e4tzen auch die <strong>nahtloses Buchungs- und Check-in-Erlebnis<\/strong>, wobei viele den reaktionsschnellen Kundenservice des Hotels auf Trip.com hervorheben, wo Anfragen innerhalb von Minuten beantwortet werden. Umfragen nach dem Aufenthalt zeigen, dass \u00fcber <strong>94% der G\u00e4ste w\u00fcrden das Hotel CD YUENCHI einem Freund oder Kollegen empfehlen<\/strong>unter Berufung auf die <strong>Preis-Leistungs-Verh\u00e4ltnis, zentrale Lage und emotionale Bindung<\/strong> sie w\u00e4hrend ihres Aufenthalts f\u00fchlten.<\/p><h3><strong>Echte Geschichten, bleibende Eindr\u00fccke<\/strong><\/h3><p>\u00dcber die Sternebewertungen und schriftlichen Erfahrungsberichte hinaus ist das, was das Hotel CD YUENCHI wirklich ausmacht, die <strong>emotionale Resonanz<\/strong> es schafft. Ob es ein Paar ist, das seinen Jahrestag mit einem Abendessen im Mondschein auf dem Dach feiert, ein Gesch\u00e4ftsreisender, der nach einer erholsamen Nacht einen wichtigen Deal abschlie\u00dft, oder ein Erstbesucher in China, der die W\u00e4rme der Sichuan-Gastfreundschaft entdeckt \u2013 die Geschichten, die auf <strong>TripAdvisor<\/strong> Und <strong>Trip.com<\/strong> spiegeln eine tiefere Wahrheit wider: Dies ist mehr als ein Ort zum Bleiben. Es ist ein Ort, an den man geh\u00f6rt.<\/p><p>Wir laden Sie ein, die <strong>Hunderte verifizierte G\u00e4stebewertungen<\/strong>, sehen Sie sich die Fotos fr\u00fcherer Besucher an und entdecken Sie, warum das Hotel CD YUENCHI weiterhin als eines der beliebtesten Boutique-Hotels in Chengdu hoch gelobt wird. Ihre Reise beginnt hier \u2013 jeder Aufenthalt wird mit Sorgfalt gestaltet und jeder Gast wird Teil unserer Geschichte.<\/p><p data-spm-anchor-id=\"a2ty_o01.29997173.0.i32.652bc921hbIzpS\"><strong data-spm-anchor-id=\"a2ty_o01.29997173.0.i29.652bc921hbIzpS\">Erleben Sie den Unterschied. Lesen Sie die Bewertungen. Buchen Sie Ihren unvergesslichen Aufenthalt im Hotel CD YUENCHI \u2013 hier checken G\u00e4ste nicht nur ein, sondern in Erinnerungen ein.<\/strong><\/p>\t\t\t\t\t\t\t\t<\/div>\n\t\t\t\t\t<\/div>\n\t\t\t\t<\/div>\n\t\t\t\t<section class=\"elementor-section elementor-top-section elementor-element elementor-element-b7b6b78 elementor-section-stretched elementor-section-boxed elementor-section-gap-beside-yes elementor-section-height-default elementor-section-height-default elementor-section-column-vertical-align-stretch\" data-id=\"b7b6b78\" data-element_type=\"section\" data-e-type=\"section\" data-settings=\"{&quot;background_background&quot;:&quot;classic&quot;,&quot;stretch_section&quot;:&quot;section-stretched&quot;}\">\n\t\t\t\t\t\t<div class=\"elementor-container elementor-column-gap-extended\">\n\t\t\t\t\t<div class=\"elementor-column elementor-col-100 elementor-top-column elementor-element elementor-element-52a5a466\" data-id=\"52a5a466\" data-element_type=\"column\" data-e-type=\"column\">\n\t\t\t<div class=\"elementor-widget-wrap elementor-element-populated\">\n\t\t\t\t\t\t<div class=\"elementor-element elementor-element-58b3ebd5 elementor-widget elementor-widget-nuss-heading\" data-id=\"58b3ebd5\" data-element_type=\"widget\" data-e-type=\"widget\" data-widget_type=\"nuss-heading.default\">\n\t\t\t\t<div class=\"elementor-widget-container\">\n\t\t\t\t\t\t\t<div class=\"nuss-modern-heading\">\r\n\t\t\t\r\n\t\t\t\t\t\t<div class=\"heading-primary-wrap\">\r\n\t\t\t\t<h2 class=\"heading-primary elementor-heading-title\">Verf\u00fcgbarkeit pr\u00fcfen <\/h2>\t\t\t<\/div>\r\n\t\t\r\n\t\t\t\r\n\t\t\t\t\t<\/div>\r\n\t\t\t\t\t<\/div>\n\t\t\t\t<\/div>\n\t\t\t\t<div class=\"elementor-element elementor-element-37f6bf57 elementor-widget elementor-widget-text-editor\" data-id=\"37f6bf57\" data-element_type=\"widget\" data-e-type=\"widget\" data-widget_type=\"text-editor.default\">\n\t\t\t\t\t\t\t\t\t<iframe border=\"0\" src=\"https:\/\/www.trip.com\/partners\/ad\/S5278611?Allianceid=4590391&#038;SID=257375959&#038;trip_sub1=\" style=\"width:900px;height:200px\" frameborder=\"0\" scrolling=\"no\" id=\"S5278611\"><\/iframe>\t\t\t\t\t\t\t\t<\/div>\n\t\t\t\t\t<\/div>\n\t\t<\/div>\n\t\t\t\t\t<\/div>\n\t\t<\/section>\n\t\t\t\t<\/div>","protected":false},"excerpt":{"rendered":"<p>We want our guests to experience something special during their stays with us, as great experiences create great memories. At Hotel CD YUENCHI, located at No. 28 Wuyuegong Street, Qingyang District, Chengdu, Sichuan 610017, China, every guest is not just a visitor\u2014but a valued storyteller in our journey of excellence. Nestled in the cultural and [&hellip;]<\/p>\n","protected":false},"author":1,"featured_media":0,"parent":0,"menu_order":0,"comment_status":"closed","ping_status":"closed","template":"","meta":{"footnotes":""},"class_list":["post-2106","page","type-page","status-publish","hentry","post-no-thumbnail"],"_links":{"self":[{"href":"https:\/\/cdyuenchi.com\/de\/wp-json\/wp\/v2\/pages\/2106","targetHints":{"allow":["GET"]}}],"collection":[{"href":"https:\/\/cdyuenchi.com\/de\/wp-json\/wp\/v2\/pages"}],"about":[{"href":"https:\/\/cdyuenchi.com\/de\/wp-json\/wp\/v2\/types\/page"}],"author":[{"embeddable":true,"href":"https:\/\/cdyuenchi.com\/de\/wp-json\/wp\/v2\/users\/1"}],"replies":[{"embeddable":true,"href":"https:\/\/cdyuenchi.com\/de\/wp-json\/wp\/v2\/comments?post=2106"}],"version-history":[{"count":0,"href":"https:\/\/cdyuenchi.com\/de\/wp-json\/wp\/v2\/pages\/2106\/revisions"}],"wp:attachment":[{"href":"https:\/\/cdyuenchi.com\/de\/wp-json\/wp\/v2\/media?parent=2106"}],"curies":[{"name":"wp","href":"https:\/\/api.w.org\/{rel}","templated":true}]}}