{"id":2108,"date":"2021-03-26T06:46:16","date_gmt":"2021-03-26T06:46:16","guid":{"rendered":"http:\/\/localhost\/nuss\/?page_id=437"},"modified":"2025-09-09T04:32:58","modified_gmt":"2025-09-09T04:32:58","slug":"spa","status":"publish","type":"page","link":"https:\/\/cdyuenchi.com\/de\/spa\/","title":{"rendered":"Wellness &amp; Spa"},"content":{"rendered":"<div data-elementor-type=\"wp-page\" data-elementor-id=\"2108\" class=\"elementor elementor-2108\">\n\t\t\t\t\t\t<section class=\"elementor-section elementor-top-section elementor-element elementor-element-e56a0cd elementor-section-boxed elementor-section-gap-beside-yes elementor-section-height-default elementor-section-height-default elementor-section-column-vertical-align-stretch\" data-id=\"e56a0cd\" data-element_type=\"section\" data-e-type=\"section\">\n\t\t\t\t\t\t<div class=\"elementor-container elementor-column-gap-extended\">\n\t\t\t\t\t<div class=\"elementor-column elementor-col-100 elementor-top-column elementor-element elementor-element-0b4465f\" data-id=\"0b4465f\" data-element_type=\"column\" data-e-type=\"column\">\n\t\t\t<div class=\"elementor-widget-wrap elementor-element-populated\">\n\t\t\t\t\t\t<div class=\"elementor-element elementor-element-c5bfb65 elementor-widget__width-initial elementor-invisible elementor-widget elementor-widget-text-editor\" data-id=\"c5bfb65\" data-element_type=\"widget\" data-e-type=\"widget\" data-settings=\"{&quot;_animation&quot;:&quot;nussFadeInUp&quot;}\" data-widget_type=\"text-editor.default\">\n\t\t\t\t\t\t\t\t\t<p>Sich gesund und wohl zu f\u00fchlen ist kein Luxus, sondern eine absolute Notwendigkeit. Heilen Sie K\u00f6rper und Seele mit unseren wunderbaren Behandlungen und kehren Sie als neuer Mensch, ruhig und erfrischt nach Hause zur\u00fcck.<\/p>\t\t\t\t\t\t\t\t<\/div>\n\t\t\t\t\t<\/div>\n\t\t<\/div>\n\t\t\t\t\t<\/div>\n\t\t<\/section>\n\t\t<div class=\"elementor-element elementor-element-361df0c e-flex e-con-boxed e-con e-parent\" data-id=\"361df0c\" data-element_type=\"container\" data-e-type=\"container\">\n\t\t\t\t\t<div class=\"e-con-inner\">\n\t\t\t\t<div class=\"elementor-element elementor-element-6c1649a elementor-widget elementor-widget-image\" data-id=\"6c1649a\" data-element_type=\"widget\" data-e-type=\"widget\" data-widget_type=\"image.default\">\n\t\t\t\t\t\t\t\t\t\t\t\t\t\t\t<img fetchpriority=\"high\" decoding=\"async\" width=\"1024\" height=\"678\" src=\"https:\/\/cdyuenchi.com\/wp-content\/uploads\/2025\/09\/CD-Yuenchi-65-1024x678.webp\" class=\"attachment-large size-large wp-image-5648\" alt=\"\" srcset=\"https:\/\/cdyuenchi.com\/wp-content\/uploads\/2025\/09\/CD-Yuenchi-65-1024x678.webp 1024w, https:\/\/cdyuenchi.com\/wp-content\/uploads\/2025\/09\/CD-Yuenchi-65-300x199.webp 300w, https:\/\/cdyuenchi.com\/wp-content\/uploads\/2025\/09\/CD-Yuenchi-65-768x509.webp 768w, https:\/\/cdyuenchi.com\/wp-content\/uploads\/2025\/09\/CD-Yuenchi-65-18x12.webp 18w, https:\/\/cdyuenchi.com\/wp-content\/uploads\/2025\/09\/CD-Yuenchi-65.webp 1280w\" sizes=\"(max-width: 1024px) 100vw, 1024px\" \/>\t\t\t\t\t\t\t\t\t\t\t\t\t\t\t<\/div>\n\t\t\t\t\t<\/div>\n\t\t\t\t<\/div>\n\t\t<div class=\"elementor-element elementor-element-dc99b19 e-flex e-con-boxed e-con e-parent\" data-id=\"dc99b19\" data-element_type=\"container\" data-e-type=\"container\">\n\t\t\t\t\t<div class=\"e-con-inner\">\n\t\t\t\t<div class=\"elementor-element elementor-element-4ed5d4b elementor-widget elementor-widget-text-editor\" data-id=\"4ed5d4b\" data-element_type=\"widget\" data-e-type=\"widget\" data-widget_type=\"text-editor.default\">\n\t\t\t\t\t\t\t\t\t<p data-spm-anchor-id=\"a2ty_o01.29997173.0.i65.652bc921hbIzpS\">Eingebettet in die historische und kulturell reiche <strong>Bezirk Qingyang<\/strong> von Chengdu, <strong>Hotel CD YUENCHI<\/strong> bietet mehr als nur einen luxuri\u00f6sen Aufenthalt \u2013 es l\u00e4dt Sie in eine Welt des ganzheitlichen Wohlbefindens ein durch seine durchdachte Gestaltung <strong>Wellnesseinrichtungen<\/strong>, wo alte chinesische Heiltraditionen auf modernen Komfort und durchdachtes Design treffen. Befindet sich in <strong>Nr. 28 Wuyuegong Street, Chengdu, Sichuan 610017, China<\/strong>Unser Boutique-Hotel ist ein Zufluchtsort f\u00fcr die Sinne und verbindet die pulsierende Energie der Hauptstadt von Sichuan nahtlos mit dem ruhigen Rhythmus der Selbstpflege, Erholung und inneren Harmonie.<\/p><p>In einer Stadt, die f\u00fcr ihren entspannten Lebensstil, ihre Liebe zum Tee und ihre tief verwurzelte Philosophie der Ausgewogenheit bekannt ist (<em>Yin-Yang<\/em>), Das Hotel CD YUENCHI w\u00fcrdigt Chengdus Tradition der Ruhe und bietet ein umfassendes Wellness-Erlebnis, das den K\u00f6rper pflegt, den Geist beruhigt und die Seele baumeln l\u00e4sst. Unsere Wellness-Angebote sind kein nachtr\u00e4glicher Einfall \u2013 sie sind ein wesentlicher Bestandteil unserer Identit\u00e4t und in jeden Aspekt Ihres Aufenthalts integriert.<\/p><div class=\"py-2 my-3\"><hr \/><\/div><h3><strong>Ein ganzheitlicher Ansatz f\u00fcr modernes Wohlbefinden<\/strong><\/h3><p>Im Hotel CD YUENCHI glauben wir, dass wahres Wohlbefinden \u00fcber Spas und Fitnesscenter hinausgeht \u2013 es ist ein Lebensstil. Unsere Wellness-Philosophie ist inspiriert von <strong>Traditionelle Chinesische Medizin (TCM)<\/strong>, <strong>Daoistische Prinzipien der Harmonie<\/strong>und die nat\u00fcrlichen Rhythmen der Sichuan-Landschaft. Von der Luft, die Sie atmen, bis zum Tee, den Sie trinken, ist jedes Element darauf ausgerichtet, Ihr k\u00f6rperliches, emotionales und energetisches Wohlbefinden zu unterst\u00fctzen.<\/p><p>Unser <strong>spezielle Wellness-Etage<\/strong> Die ruhige Umgebung mit sanfter Beleuchtung, nat\u00fcrlichen Materialien und angenehmer Akustik schafft eine Atmosph\u00e4re stiller Eleganz. Ob Sie sich von einer langen Reise erholen, dem Stress der Stadt entfliehen oder einfach nur einen Moment der Ruhe genie\u00dfen m\u00f6chten \u2013 unsere Einrichtungen bieten Ihnen einen erholsamen R\u00fcckzugsort im Herzen der Stadt.<\/p><div class=\"py-2 my-3\"><hr \/><\/div><h3><strong>Revitalisierende Behandlungen mit Wurzeln in der Sichuan-Tradition<\/strong><\/h3><p>Treten Sie ein in unser <strong>Signature Wellness Lounge<\/strong>, wo alte Heilk\u00fcnste f\u00fcr den modernen Reisenden neu interpretiert werden. Unsere Behandlungen basieren auf jahrhundertealten Sichuan-Heilmitteln und verwenden lokal gewonnene Kr\u00e4uter, Bio-\u00d6le und bew\u00e4hrte Techniken, die von Generationen chinesischer Heiler \u00fcberliefert wurden.<\/p><p>Den G\u00e4sten steht Folgendes zur Verf\u00fcgung:<\/p><ul dir=\"auto\"><li><strong>Sichuan Kr\u00e4uterdampftherapie<\/strong> \u2013 Angereichert mit <em>chuanxiong<\/em>, <em>duhuo<\/em>, Und <em>fangfeng<\/em>, diese w\u00e4rmenden Kr\u00e4uter f\u00f6rdern die Durchblutung, lindern Gelenksteifheit und entgiften den K\u00f6rper.<\/li><li><strong>Tui Na &amp; Akupressurmassage<\/strong> \u2013 Eine Tiefengewebetherapie basierend auf Meridianprinzipien, die entwickelt wurde, um Verspannungen zu l\u00f6sen und den Energiefluss zu verbessern (<em>Qi<\/em>) und das Gleichgewicht wiederherstellen.<\/li><li><strong>Hot Stone Therapie mit Leshan Basalt<\/strong> \u2013 Glatte, erhitzte Steine aus dem Minjiang-Fluss werden verwendet, um Muskelverspannungen zu l\u00f6sen und eine tiefe Entspannung zu f\u00f6rdern.<\/li><li><strong>Gesichtsverj\u00fcngung mit Sichuan-Pflanzen<\/strong> \u2013 Unsere Gesichtsbehandlungen enthalten antioxidantienreiche Extrakte aus Sichuan-Pfeffer, Gei\u00dfblatt und Bambussaft und n\u00e4hren und revitalisieren die Haut.<\/li><\/ul><p>Alle Behandlungen werden durchgef\u00fchrt von <strong>lizenzierte TCM-Praktiker und zertifizierte Therapeuten<\/strong>, mit pers\u00f6nlichen Beratungen, um jede Sitzung auf Ihre individuellen Bed\u00fcrfnisse abzustimmen.<\/p><div class=\"py-2 my-3\"><hr \/><\/div><h3><strong>Achtsame Bewegung und Atemarbeit in einer ruhigen Umgebung<\/strong><\/h3><p>Wellness im Hotel CD YUENCHI beschr\u00e4nkt sich nicht auf passive Behandlungen \u2013 es l\u00e4dt Sie ein, aktiv an Ihrer eigenen Erneuerung teilzunehmen. Unsere <strong>Tranquil Movement Studio<\/strong>, mit Blick auf einen traditionellen Garten im Innenhof, bietet t\u00e4glich Wellnesskurse an, die allen G\u00e4sten offen stehen:<\/p><ul dir=\"auto\"><li><strong>Morgens Qi Gong und Tai Chi<\/strong> \u2013 Sanfte, flie\u00dfende Bewegungen, um den K\u00f6rper zu wecken, die Flexibilit\u00e4t zu verbessern und den Geist zu zentrieren, begleitet von den sanften Kl\u00e4ngen einer Guzheng (chinesische Zither).<\/li><li><strong>Gef\u00fchrte Meditations- und Atemsitzungen<\/strong> \u2013 Unter der Leitung von Achtsamkeitstrainern helfen diese Sitzungen, Stress abzubauen, die Konzentration zu verbessern und inneren Frieden zu f\u00f6rdern.<\/li><li><strong>Yoga mit einer Sichuan-Seele<\/strong> \u2013 An das lokale Klima und die Energie angepasste Hatha- und Yin-Yoga-\u00dcbungen mit umweltfreundlichen Matten und optionaler Aromatherapie mit Tee.<\/li><\/ul><p>F\u00fcr G\u00e4ste, die eine pers\u00f6nliche Beratung w\u00fcnschen, sind auch private Einzelsitzungen verf\u00fcgbar.<\/p><div class=\"py-2 my-3\"><hr \/><\/div><h3><strong>Wellness im Zimmer: Komfort, der f\u00fcrsorglich ist<\/strong><\/h3><p>Wellness beginnt in dem Moment, in dem Sie Ihr Zimmer betreten. Jede G\u00e4stesuite ist ausgestattet mit <strong>biophile Prinzipien<\/strong>Mit nat\u00fcrlichen Holzoberfl\u00e4chen, Pflanzen und schallabsorbierenden Materialien sorgen sie f\u00fcr erholsamen Schlaf und geistige Klarheit. Zu den weiteren Wellness-Annehmlichkeiten im Zimmer geh\u00f6ren:<\/p><ul dir=\"auto\"><li><strong>Aromatherapie-Diffusoren<\/strong> mit \u00e4therischen \u00d6lmischungen, inspiriert von der Flora Sichuans (Osmanthus, gr\u00fcner Tee, Kiefer und Bambus)<\/li><li><strong>Kr\u00e4uter-Schlafsets<\/strong> mit Kissensprays, Augenmasken mit Chrysanthemen und beruhigenden Teemischungen<\/li><li><strong>Yogamatten im Zimmer und gef\u00fchrte digitale Sitzungen<\/strong> f\u00fcr die Privatpraxis<\/li><li><strong>Intelligente Beleuchtungssysteme<\/strong> die nat\u00fcrliche Tageslichtzyklen nachahmen, um den zirkadianen Rhythmus zu unterst\u00fctzen<\/li><\/ul><p>G\u00e4ste k\u00f6nnen auch <strong>Wellness-Rituale vor dem Schlafengehen<\/strong>, einschlie\u00dflich warmer Handtuchkompressen, Fu\u00dfb\u00e4der mit Heilkr\u00e4utern und beruhigender Musik-Playlists.<\/p><div class=\"py-2 my-3\"><hr \/><\/div><h3><strong>Die Tea &amp; Tranquility Lounge: Wellness durch Ritual<\/strong><\/h3><p>Im Mittelpunkt unserer Wellness-Philosophie steht <strong>Tee<\/strong>\u2013 ein Eckpfeiler der Sichuan-Kultur und ein m\u00e4chtiges Werkzeug f\u00fcr das Gleichgewicht. Unsere <strong>Tee- und Ruhelounge<\/strong> ist mehr als ein Caf\u00e9 \u2013 es ist ein Ort f\u00fcr achtsames Innehalten, Besinnung und Heilung.<\/p><p>Hier nehmen die G\u00e4ste teil an:<\/p><ul dir=\"auto\"><li><strong>Traditionelle Gongfu-Teezeremonien<\/strong> \u2013 Unter der Leitung eines ans\u00e4ssigen Teemeisters werden bei diesen intimen Ritualen seltene Teesorten aus den Bergen Mengding, Emei und Ya&#039;an in den Vordergrund gestellt.<\/li><li><strong>Therapeutische Teekombinationen<\/strong> \u2013 Individuelle Mischungen zur Unterst\u00fctzung der Verdauung, des Immunsystems, der Entspannung oder der Energie, serviert mit leichten, nahrhaften Snacks.<\/li><li><strong>Kr\u00e4uterberatung<\/strong> \u2013 Basierend auf den Prinzipien der TCM empfehlen unsere Wellness-Moderatoren Kr\u00e4utertees, die auf Ihre Konstitution und saisonalen Bed\u00fcrfnisse abgestimmt sind.<\/li><\/ul><p>Zu den abendlichen Teeritualen geh\u00f6ren oft Live-Guqin-Musik oder Gedichtlesungen, wodurch Wellness zu einem multisensorischen Kulturerlebnis wird.<\/p><div class=\"py-2 my-3\"><hr \/><\/div><h3><strong>Nachhaltiges Wohlbefinden: F\u00fcr Sie und den Planeten sorgen<\/strong><\/h3><p>Unser Engagement f\u00fcr das Wohlbefinden geht \u00fcber den Gast hinaus \u2013 es umfasst die Umwelt und die Gemeinschaft. Das Hotel CD YUENCHI ist stolz darauf, ein <strong>nachhaltiges Wellnessziel<\/strong>, mit umweltbewussten Praktiken wie:<\/p><ul dir=\"auto\"><li><strong>Kein Einwegplastik<\/strong> im Wellnessbereich<\/li><li><strong>Organische, tierversuchsfreie Pflegeprodukte<\/strong> hergestellt mit Sichuan-Pflanzen<\/li><li><strong>Wassersparende Dampfb\u00e4der<\/strong> und energieeffiziente Klimatisierung<\/li><li><strong>Partnerschaften mit lokalen Kr\u00e4uterfarmen<\/strong> die regenerative Landwirtschaft betreiben<\/li><\/ul><p>Wir unterst\u00fctzen auch Wellness-Initiativen in der \u00f6rtlichen Gemeinde, darunter kostenlose Tai-Chi-Kurse f\u00fcr Senioren und Kooperationen mit TCM-Krankenh\u00e4usern in Chengdu.<\/p><div class=\"py-2 my-3\"><hr \/><\/div><h3><strong>Eine Wellness-Reise, einzigartig in Chengdu<\/strong><\/h3><p>Was unsere Wellnesseinrichtungen auszeichnet, ist ihre <strong>tiefe Verbundenheit zum Ort<\/strong>Dies ist kein gew\u00f6hnliches Spa-Erlebnis \u2013 es spiegelt die Seele Sichuans wider. Vom Duft des Sichuan-Pfeffers in der Luft bis zum Rascheln des Bambus im Innenhof \u2013 jedes Detail l\u00e4sst Sie die heilende Energie der Region sp\u00fcren.<\/p><p>Ob Sie hier f\u00fcr einen 3-t\u00e4gigen Regenerationsurlaub, eine Erholung nach einer Konferenz oder einfach einen ruhigen Nachmittag zur Selbstpflege sind, die Wellnesseinrichtungen im <strong>Hotel CD YUENCHI<\/strong> bieten ein seltenes Geschenk in der heutigen schnelllebigen Welt: <strong>Zeit zum Atmen, Erholen und Erinnern daran, was es bedeutet, sich wirklich wohl zu f\u00fchlen<\/strong>.<\/p><div class=\"py-2 my-3\"><hr \/><\/div><p data-spm-anchor-id=\"a2ty_o01.29997173.0.i64.652bc921hbIzpS\"><strong>Hotel CD YUENCHI \u2013 Wo alte Weisheit auf moderne Gelassenheit trifft.<\/strong><br \/>Entdecken Sie einen neuen Standard ganzheitlicher Gastfreundschaft im Herzen von Chengdu.<br \/>Ihre Reise zum Gleichgewicht beginnt hier.<\/p>\t\t\t\t\t\t\t\t<\/div>\n\t\t\t\t\t<\/div>\n\t\t\t\t<\/div>\n\t\t<div class=\"elementor-element elementor-element-147dd70 e-flex e-con-boxed e-con e-parent\" data-id=\"147dd70\" data-element_type=\"container\" data-e-type=\"container\">\n\t\t\t\t\t<div class=\"e-con-inner\">\n\t\t\t\t<div class=\"elementor-element elementor-element-838c9a3 elementor-widget elementor-widget-image\" data-id=\"838c9a3\" data-element_type=\"widget\" data-e-type=\"widget\" data-widget_type=\"image.default\">\n\t\t\t\t\t\t\t\t\t\t\t\t\t\t\t<img decoding=\"async\" width=\"724\" height=\"853\" src=\"https:\/\/cdyuenchi.com\/wp-content\/uploads\/2025\/09\/CD-Yuenchi-76.webp\" class=\"attachment-large size-large wp-image-5659\" alt=\"\" srcset=\"https:\/\/cdyuenchi.com\/wp-content\/uploads\/2025\/09\/CD-Yuenchi-76.webp 724w, https:\/\/cdyuenchi.com\/wp-content\/uploads\/2025\/09\/CD-Yuenchi-76-255x300.webp 255w, https:\/\/cdyuenchi.com\/wp-content\/uploads\/2025\/09\/CD-Yuenchi-76-10x12.webp 10w\" sizes=\"(max-width: 724px) 100vw, 724px\" \/>\t\t\t\t\t\t\t\t\t\t\t\t\t\t\t<\/div>\n\t\t\t\t\t<\/div>\n\t\t\t\t<\/div>\n\t\t\t\t<section class=\"elementor-section elementor-top-section elementor-element elementor-element-386501e9 elementor-section-stretched elementor-section-boxed elementor-section-gap-beside-yes elementor-section-height-default elementor-section-height-default elementor-section-column-vertical-align-stretch\" data-id=\"386501e9\" data-element_type=\"section\" data-e-type=\"section\" data-settings=\"{&quot;background_background&quot;:&quot;classic&quot;,&quot;stretch_section&quot;:&quot;section-stretched&quot;}\">\n\t\t\t\t\t\t<div class=\"elementor-container elementor-column-gap-extended\">\n\t\t\t\t\t<div class=\"elementor-column elementor-col-100 elementor-top-column elementor-element elementor-element-7c0b945e\" data-id=\"7c0b945e\" data-element_type=\"column\" data-e-type=\"column\">\n\t\t\t<div class=\"elementor-widget-wrap elementor-element-populated\">\n\t\t\t\t\t\t<div class=\"elementor-element elementor-element-1742f277 elementor-widget elementor-widget-nuss-heading\" data-id=\"1742f277\" data-element_type=\"widget\" data-e-type=\"widget\" data-widget_type=\"nuss-heading.default\">\n\t\t\t\t<div class=\"elementor-widget-container\">\n\t\t\t\t\t\t\t<div class=\"nuss-modern-heading\">\r\n\t\t\t\r\n\t\t\t\t\t\t<div class=\"heading-primary-wrap\">\r\n\t\t\t\t<h2 class=\"heading-primary elementor-heading-title\">Verf\u00fcgbarkeit pr\u00fcfen <\/h2>\t\t\t<\/div>\r\n\t\t\r\n\t\t\t\r\n\t\t\t\t\t<\/div>\r\n\t\t\t\t\t<\/div>\n\t\t\t\t<\/div>\n\t\t\t\t<div class=\"elementor-element elementor-element-3c1690a7 elementor-widget elementor-widget-text-editor\" data-id=\"3c1690a7\" data-element_type=\"widget\" data-e-type=\"widget\" data-widget_type=\"text-editor.default\">\n\t\t\t\t\t\t\t\t\t<iframe border=\"0\" src=\"https:\/\/www.trip.com\/partners\/ad\/S5278611?Allianceid=4590391&#038;SID=257375959&#038;trip_sub1=\" style=\"width:900px;height:200px\" frameborder=\"0\" scrolling=\"no\" id=\"S5278611\"><\/iframe>\t\t\t\t\t\t\t\t<\/div>\n\t\t\t\t\t<\/div>\n\t\t<\/div>\n\t\t\t\t\t<\/div>\n\t\t<\/section>\n\t\t\t\t<\/div>","protected":false},"excerpt":{"rendered":"<p>Feeling healthy and well is not a luxury but an absolute necessity. Heal both your soul and body with our miraculous treatments and return home as a new person, calm and refreshed. Nestled in the historic and culturally rich Qingyang District of Chengdu, Hotel CD YUENCHI offers more than just a luxurious stay\u2014it invites you [&hellip;]<\/p>\n","protected":false},"author":1,"featured_media":0,"parent":0,"menu_order":0,"comment_status":"closed","ping_status":"closed","template":"","meta":{"footnotes":""},"class_list":["post-2108","page","type-page","status-publish","hentry","post-no-thumbnail"],"_links":{"self":[{"href":"https:\/\/cdyuenchi.com\/de\/wp-json\/wp\/v2\/pages\/2108","targetHints":{"allow":["GET"]}}],"collection":[{"href":"https:\/\/cdyuenchi.com\/de\/wp-json\/wp\/v2\/pages"}],"about":[{"href":"https:\/\/cdyuenchi.com\/de\/wp-json\/wp\/v2\/types\/page"}],"author":[{"embeddable":true,"href":"https:\/\/cdyuenchi.com\/de\/wp-json\/wp\/v2\/users\/1"}],"replies":[{"embeddable":true,"href":"https:\/\/cdyuenchi.com\/de\/wp-json\/wp\/v2\/comments?post=2108"}],"version-history":[{"count":0,"href":"https:\/\/cdyuenchi.com\/de\/wp-json\/wp\/v2\/pages\/2108\/revisions"}],"wp:attachment":[{"href":"https:\/\/cdyuenchi.com\/de\/wp-json\/wp\/v2\/media?parent=2108"}],"curies":[{"name":"wp","href":"https:\/\/api.w.org\/{rel}","templated":true}]}}