{"id":5266,"date":"2021-07-18T08:03:35","date_gmt":"2021-07-18T08:03:35","guid":{"rendered":"https:\/\/nuss.uxper.co\/luxury-resort\/?page_id=5266"},"modified":"2025-09-09T03:05:59","modified_gmt":"2025-09-09T03:05:59","slug":"uber-uns","status":"publish","type":"page","link":"https:\/\/cdyuenchi.com\/de\/about-us\/","title":{"rendered":"\u00dcber uns"},"content":{"rendered":"<div data-elementor-type=\"wp-page\" data-elementor-id=\"5266\" class=\"elementor elementor-5266\">\n\t\t\t\t\t\t<section class=\"elementor-section elementor-top-section elementor-element elementor-element-10416953 elementor-section-boxed elementor-section-gap-beside-yes elementor-section-height-default elementor-section-height-default elementor-section-column-vertical-align-stretch\" data-id=\"10416953\" data-element_type=\"section\" data-e-type=\"section\">\n\t\t\t\t\t\t<div class=\"elementor-container elementor-column-gap-extended\">\n\t\t\t\t\t<div class=\"elementor-column elementor-col-100 elementor-top-column elementor-element elementor-element-29c6aa8\" data-id=\"29c6aa8\" data-element_type=\"column\" data-e-type=\"column\">\n\t\t\t<div class=\"elementor-widget-wrap elementor-element-populated\">\n\t\t\t\t\t\t<div class=\"elementor-element elementor-element-7be18fe7 elementor-widget__width-initial elementor-invisible elementor-widget elementor-widget-text-editor\" data-id=\"7be18fe7\" data-element_type=\"widget\" data-e-type=\"widget\" data-settings=\"{&quot;_animation&quot;:&quot;nussFadeInUp&quot;}\" data-widget_type=\"text-editor.default\">\n\t\t\t\t\t\t\t\t\t<p>Eingebettet im pulsierenden Herzen des historischen Qingyang-Viertels von Chengdu, <strong>Hotel CD YUENCHI<\/strong> steht f\u00fcr eine harmonische Mischung aus moderner Eleganz und traditionellem Sichuan-Charme.<\/p>\t\t\t\t\t\t\t\t<\/div>\n\t\t\t\t\t<\/div>\n\t\t<\/div>\n\t\t\t\t\t<\/div>\n\t\t<\/section>\n\t\t\t\t<section class=\"elementor-section elementor-top-section elementor-element elementor-element-7d18327f elementor-section-boxed elementor-section-gap-beside-yes elementor-section-height-default elementor-section-height-default elementor-section-column-vertical-align-stretch\" data-id=\"7d18327f\" data-element_type=\"section\" data-e-type=\"section\">\n\t\t\t\t\t\t<div class=\"elementor-container elementor-column-gap-extended\">\n\t\t\t\t\t<div class=\"elementor-column elementor-col-50 elementor-top-column elementor-element elementor-element-56533670\" data-id=\"56533670\" data-element_type=\"column\" data-e-type=\"column\">\n\t\t\t<div class=\"elementor-widget-wrap elementor-element-populated\">\n\t\t\t\t\t\t<div class=\"elementor-element elementor-element-19c3f543 elementor-invisible elementor-widget elementor-widget-text-editor\" data-id=\"19c3f543\" data-element_type=\"widget\" data-e-type=\"widget\" data-settings=\"{&quot;_animation&quot;:&quot;nussFadeInUp&quot;}\" data-widget_type=\"text-editor.default\">\n\t\t\t\t\t\t\t\t\t<p>Standort <strong>Nr. 28 Wuyuegong Street, Chengdu, Sichuan 610017, China<\/strong>Dieses Boutique-Hotel bietet anspruchsvollen Reisenden einen ruhigen R\u00fcckzugsort nur wenige Schritte von den ber\u00fchmtesten kulturellen Sehensw\u00fcrdigkeiten, gesch\u00e4ftigen Einkaufsvierteln und kulinarischen Hotspots der Stadt entfernt. Egal, ob Sie Chengdu gesch\u00e4ftlich oder privat besuchen oder die ber\u00fchmten Schutzgebiete f\u00fcr Gro\u00dfe Pandas erkunden m\u00f6chten, das Hotel CD YUENCHI bietet einen unvergleichlichen Ausgangspunkt, um den dynamischen Rhythmus einer der lebenswertesten St\u00e4dte Chinas zu erleben.<\/p>\t\t\t\t\t\t\t\t<\/div>\n\t\t\t\t\t<\/div>\n\t\t<\/div>\n\t\t\t\t<div class=\"elementor-column elementor-col-50 elementor-top-column elementor-element elementor-element-30f14127\" data-id=\"30f14127\" data-element_type=\"column\" data-e-type=\"column\">\n\t\t\t<div class=\"elementor-widget-wrap elementor-element-populated\">\n\t\t\t\t\t\t<div class=\"elementor-element elementor-element-9d28533 elementor-widget elementor-widget-image\" data-id=\"9d28533\" data-element_type=\"widget\" data-e-type=\"widget\" data-widget_type=\"image.default\">\n\t\t\t\t\t\t\t\t\t\t\t\t\t\t\t<img fetchpriority=\"high\" decoding=\"async\" width=\"1024\" height=\"682\" src=\"https:\/\/cdyuenchi.com\/wp-content\/uploads\/2025\/09\/CD-Yuenchi-103-1024x682.webp\" class=\"attachment-large size-large wp-image-5579\" alt=\"\" srcset=\"https:\/\/cdyuenchi.com\/wp-content\/uploads\/2025\/09\/CD-Yuenchi-103-1024x682.webp 1024w, https:\/\/cdyuenchi.com\/wp-content\/uploads\/2025\/09\/CD-Yuenchi-103-300x200.webp 300w, https:\/\/cdyuenchi.com\/wp-content\/uploads\/2025\/09\/CD-Yuenchi-103-768x512.webp 768w, https:\/\/cdyuenchi.com\/wp-content\/uploads\/2025\/09\/CD-Yuenchi-103-18x12.webp 18w, https:\/\/cdyuenchi.com\/wp-content\/uploads\/2025\/09\/CD-Yuenchi-103.webp 1280w\" sizes=\"(max-width: 1024px) 100vw, 1024px\" \/>\t\t\t\t\t\t\t\t\t\t\t\t\t\t\t<\/div>\n\t\t\t\t\t<\/div>\n\t\t<\/div>\n\t\t\t\t\t<\/div>\n\t\t<\/section>\n\t\t\t\t<section class=\"elementor-section elementor-top-section elementor-element elementor-element-29fb8578 elementor-section-height-min-height elementor-section-stretched elementor-section-full_width elementor-section-items-stretch elementor-section-height-default elementor-section-column-vertical-align-stretch\" data-id=\"29fb8578\" data-element_type=\"section\" data-e-type=\"section\" data-settings=\"{&quot;stretch_section&quot;:&quot;section-stretched&quot;}\">\n\t\t\t\t\t\t<div class=\"elementor-container elementor-column-gap-no\">\n\t\t\t\t\t<div class=\"elementor-column elementor-col-50 elementor-top-column elementor-element elementor-element-40ac270b\" data-id=\"40ac270b\" data-element_type=\"column\" data-e-type=\"column\">\n\t\t\t<div class=\"elementor-widget-wrap elementor-element-populated\">\n\t\t\t\t\t\t<div class=\"elementor-element elementor-element-20872773 elementor-widget__width-initial elementor-widget-mobile__width-inherit elementor-invisible nuss-elementor-loading nuss-slide-in-right elementor-widget elementor-widget-image\" data-id=\"20872773\" data-element_type=\"widget\" data-e-type=\"widget\" data-settings=\"{&quot;_animation&quot;:&quot;nussSlideInRight&quot;}\" data-widget_type=\"image.default\">\n\t\t\t\t\t\t\t\t\t\t\t\t\t\t\t<img decoding=\"async\" width=\"1139\" height=\"853\" src=\"https:\/\/cdyuenchi.com\/wp-content\/uploads\/2025\/09\/CD-Yuenchi-3.webp\" class=\"attachment-full size-full wp-image-5585\" alt=\"\" srcset=\"https:\/\/cdyuenchi.com\/wp-content\/uploads\/2025\/09\/CD-Yuenchi-3.webp 1139w, https:\/\/cdyuenchi.com\/wp-content\/uploads\/2025\/09\/CD-Yuenchi-3-300x225.webp 300w, https:\/\/cdyuenchi.com\/wp-content\/uploads\/2025\/09\/CD-Yuenchi-3-1024x767.webp 1024w, https:\/\/cdyuenchi.com\/wp-content\/uploads\/2025\/09\/CD-Yuenchi-3-768x575.webp 768w, https:\/\/cdyuenchi.com\/wp-content\/uploads\/2025\/09\/CD-Yuenchi-3-16x12.webp 16w\" sizes=\"(max-width: 1139px) 100vw, 1139px\" \/>\t\t\t\t\t\t\t\t\t\t\t\t\t\t\t<\/div>\n\t\t\t\t\t<\/div>\n\t\t<\/div>\n\t\t\t\t<div class=\"elementor-column elementor-col-50 elementor-top-column elementor-element elementor-element-2dac103\" data-id=\"2dac103\" data-element_type=\"column\" data-e-type=\"column\">\n\t\t\t<div class=\"elementor-widget-wrap elementor-element-populated\">\n\t\t\t\t\t\t<div class=\"elementor-element elementor-element-6f1b8966 elementor-invisible elementor-widget elementor-widget-text-editor\" data-id=\"6f1b8966\" data-element_type=\"widget\" data-e-type=\"widget\" data-settings=\"{&quot;_animation&quot;:&quot;nussFadeInUp&quot;}\" data-widget_type=\"text-editor.default\">\n\t\t\t\t\t\t\t\t\t<p>Chengdu, die Hauptstadt der Provinz Sichuan, ist bekannt f\u00fcr ihre reiche Geschichte, ihr UNESCO-Weltkulturerbe und ihre weltber\u00fchmte K\u00fcche \u2013 insbesondere f\u00fcr ihren feurigen Sichuan-Pfeffer und ihren k\u00f6stlichen Hot Pot. Im Hotel CD YUENCHI haben G\u00e4ste die perfekte Lage, um in diese einzigartige Kultur einzutauchen. Dank der zentralen Lage des Hotels an der Wuyuegong-Stra\u00dfe erreichen Sie wichtige Sehensw\u00fcrdigkeiten wie den Wuhou-Schrein, die Jinli-Stra\u00dfe, die Kuanzhai-Gasse und den Chengdu-Volkspark bequem. Der Chengdu International Finance Square (IFS) und das Einkaufsviertel Chunxi Road sind nur eine kurze Autofahrt entfernt.<\/p>\t\t\t\t\t\t\t\t<\/div>\n\t\t\t\t\t<\/div>\n\t\t<\/div>\n\t\t\t\t\t<\/div>\n\t\t<\/section>\n\t\t\t\t<section class=\"elementor-section elementor-top-section elementor-element elementor-element-8eea303 elementor-section-height-min-height elementor-section-stretched elementor-section-full_width elementor-section-items-stretch elementor-section-height-default elementor-section-column-vertical-align-stretch\" data-id=\"8eea303\" data-element_type=\"section\" data-e-type=\"section\" data-settings=\"{&quot;stretch_section&quot;:&quot;section-stretched&quot;}\">\n\t\t\t\t\t\t<div class=\"elementor-container elementor-column-gap-no\">\n\t\t\t\t\t<div class=\"elementor-column elementor-col-50 elementor-top-column elementor-element elementor-element-2686052\" data-id=\"2686052\" data-element_type=\"column\" data-e-type=\"column\">\n\t\t\t<div class=\"elementor-widget-wrap elementor-element-populated\">\n\t\t\t\t\t\t<div class=\"elementor-element elementor-element-522574b elementor-invisible elementor-widget elementor-widget-text-editor\" data-id=\"522574b\" data-element_type=\"widget\" data-e-type=\"widget\" data-settings=\"{&quot;_animation&quot;:&quot;nussFadeInUp&quot;}\" data-widget_type=\"text-editor.default\">\n\t\t\t\t\t\t\t\t\t<p data-spm-anchor-id=\"a2ty_o01.29997173.0.i9.652bc921hbIzpS\">Das Hotel CD YUENCHI ist mehr als nur ein Ort der Ruhe. Es ist ein durchdacht gestaltetes urbanes Refugium, das die Seele Chengdus widerspiegelt. Schon beim Betreten des einladenden Eingangsbereichs wird man von einer Atmosph\u00e4re kultivierter Ruhe begr\u00fc\u00dft \u2013 hier trifft zeitgen\u00f6ssisches Design auf subtile Anspielungen auf lokale Kunst. Jedes Zimmer und jede Suite ist sorgf\u00e4ltig mit Blick auf Komfort und Stil eingerichtet und bietet hochwertige Bettw\u00e4sche, intelligente Technologie und einen Panoramablick auf die Stadt oder die ruhigen Innenh\u00f6fe. Annehmlichkeiten wie Highspeed-WLAN, 24-Stunden-Concierge-Service, ein hoteleigenes Restaurant mit authentischen Sichuan-Aromen und umweltfreundliche Praktiken sorgen f\u00fcr ein nahtloses und nachhaltiges G\u00e4steerlebnis.<\/p><div class=\"my-2\">\u00a0<\/div><p>Das Hotel CD YUENCHI ist ideal f\u00fcr Urlauber und Gesch\u00e4ftsreisende und verbindet Erreichbarkeit mit Exklusivit\u00e4t. Die N\u00e4he zu wichtigen Verkehrsknotenpunkten \u2013 darunter der internationale Flughafen Chengdu Shuangliu und das effiziente U-Bahn-System der Stadt \u2013 erm\u00f6glicht eine m\u00fchelose Anreise und Erkundung. Die vielseitigen Tagungsr\u00e4ume und Business-Services des Hotels richten sich an Gesch\u00e4ftsreisende, die Produktivit\u00e4t in einer ruhigen Umgebung suchen.<\/p>\t\t\t\t\t\t\t\t<\/div>\n\t\t\t\t\t<\/div>\n\t\t<\/div>\n\t\t\t\t<div class=\"elementor-column elementor-col-50 elementor-top-column elementor-element elementor-element-e1ede14\" data-id=\"e1ede14\" data-element_type=\"column\" data-e-type=\"column\">\n\t\t\t<div class=\"elementor-widget-wrap elementor-element-populated\">\n\t\t\t\t\t\t<div class=\"elementor-element elementor-element-ef9a6c4 elementor-widget__width-initial elementor-widget-mobile__width-inherit elementor-invisible nuss-elementor-loading nuss-slide-in-right elementor-widget elementor-widget-image\" data-id=\"ef9a6c4\" data-element_type=\"widget\" data-e-type=\"widget\" data-settings=\"{&quot;_animation&quot;:&quot;nussSlideInRight&quot;}\" data-widget_type=\"image.default\">\n\t\t\t\t\t\t\t\t\t\t\t\t\t\t\t<img decoding=\"async\" width=\"1280\" height=\"810\" src=\"https:\/\/cdyuenchi.com\/wp-content\/uploads\/2025\/09\/CD-Yuenchi-10.webp\" class=\"attachment-full size-full wp-image-5593\" alt=\"\" srcset=\"https:\/\/cdyuenchi.com\/wp-content\/uploads\/2025\/09\/CD-Yuenchi-10.webp 1280w, https:\/\/cdyuenchi.com\/wp-content\/uploads\/2025\/09\/CD-Yuenchi-10-300x190.webp 300w, https:\/\/cdyuenchi.com\/wp-content\/uploads\/2025\/09\/CD-Yuenchi-10-1024x648.webp 1024w, https:\/\/cdyuenchi.com\/wp-content\/uploads\/2025\/09\/CD-Yuenchi-10-768x486.webp 768w, https:\/\/cdyuenchi.com\/wp-content\/uploads\/2025\/09\/CD-Yuenchi-10-18x12.webp 18w\" sizes=\"(max-width: 1280px) 100vw, 1280px\" \/>\t\t\t\t\t\t\t\t\t\t\t\t\t\t\t<\/div>\n\t\t\t\t\t<\/div>\n\t\t<\/div>\n\t\t\t\t\t<\/div>\n\t\t<\/section>\n\t\t\t\t<section class=\"elementor-section elementor-top-section elementor-element elementor-element-0f035b6 elementor-section-height-min-height elementor-section-stretched elementor-section-full_width elementor-section-items-stretch elementor-section-height-default elementor-section-column-vertical-align-stretch\" data-id=\"0f035b6\" data-element_type=\"section\" data-e-type=\"section\" data-settings=\"{&quot;stretch_section&quot;:&quot;section-stretched&quot;}\">\n\t\t\t\t\t\t<div class=\"elementor-container elementor-column-gap-no\">\n\t\t\t\t\t<div class=\"elementor-column elementor-col-50 elementor-top-column elementor-element elementor-element-5d6cdf8\" data-id=\"5d6cdf8\" data-element_type=\"column\" data-e-type=\"column\">\n\t\t\t<div class=\"elementor-widget-wrap elementor-element-populated\">\n\t\t\t\t\t\t<div class=\"elementor-element elementor-element-02953f4 elementor-widget__width-initial elementor-widget-mobile__width-inherit elementor-invisible nuss-elementor-loading nuss-slide-in-right elementor-widget elementor-widget-image\" data-id=\"02953f4\" data-element_type=\"widget\" data-e-type=\"widget\" data-settings=\"{&quot;_animation&quot;:&quot;nussSlideInRight&quot;}\" data-widget_type=\"image.default\">\n\t\t\t\t\t\t\t\t\t\t\t\t\t\t\t<img loading=\"lazy\" decoding=\"async\" width=\"1280\" height=\"853\" src=\"https:\/\/cdyuenchi.com\/wp-content\/uploads\/2025\/09\/CD-Yuenchi-85.webp\" class=\"attachment-full size-full wp-image-5668\" alt=\"\" srcset=\"https:\/\/cdyuenchi.com\/wp-content\/uploads\/2025\/09\/CD-Yuenchi-85.webp 1280w, https:\/\/cdyuenchi.com\/wp-content\/uploads\/2025\/09\/CD-Yuenchi-85-300x200.webp 300w, https:\/\/cdyuenchi.com\/wp-content\/uploads\/2025\/09\/CD-Yuenchi-85-1024x682.webp 1024w, https:\/\/cdyuenchi.com\/wp-content\/uploads\/2025\/09\/CD-Yuenchi-85-768x512.webp 768w, https:\/\/cdyuenchi.com\/wp-content\/uploads\/2025\/09\/CD-Yuenchi-85-18x12.webp 18w\" sizes=\"(max-width: 1280px) 100vw, 1280px\" \/>\t\t\t\t\t\t\t\t\t\t\t\t\t\t\t<\/div>\n\t\t\t\t\t<\/div>\n\t\t<\/div>\n\t\t\t\t<div class=\"elementor-column elementor-col-50 elementor-top-column elementor-element elementor-element-e4b0670\" data-id=\"e4b0670\" data-element_type=\"column\" data-e-type=\"column\">\n\t\t\t<div class=\"elementor-widget-wrap elementor-element-populated\">\n\t\t\t\t\t\t<div class=\"elementor-element elementor-element-4cfec7a elementor-invisible elementor-widget elementor-widget-text-editor\" data-id=\"4cfec7a\" data-element_type=\"widget\" data-e-type=\"widget\" data-settings=\"{&quot;_animation&quot;:&quot;nussFadeInUp&quot;}\" data-widget_type=\"text-editor.default\">\n\t\t\t\t\t\t\t\t\t<p>Als erstklassige Unterkunft im Bezirk Qingyang ist das Hotel CD YUENCHI mehr als nur ein Hotel \u2013 es ist ein Tor zum authentischen Chengdu. Ob Sie in einem traditionellen Salon Tee trinken, durch jahrhundertealte Tempel schlendern oder in einem lokalen Restaurant w\u00fcrziges Mapo Tofu genie\u00dfen \u2013 Ihr Aufenthalt im Hotel CD YUENCHI bietet Komfort, Bequemlichkeit und kulturelle Verbundenheit. Entdecken Sie die herzliche Gastfreundschaft Sichuans, den Puls einer florierenden Metropole und den ruhigen Luxus eines Boutique-Hotels \u2013 alles im Herzen einer der faszinierendsten St\u00e4dte Chinas. Willkommen im Hotel CD YUENCHI, wo Tradition auf Zukunft trifft.<\/p>\t\t\t\t\t\t\t\t<\/div>\n\t\t\t\t\t<\/div>\n\t\t<\/div>\n\t\t\t\t\t<\/div>\n\t\t<\/section>\n\t\t\t\t<section class=\"elementor-section elementor-top-section elementor-element elementor-element-2092b7d0 elementor-section-stretched elementor-section-boxed elementor-section-gap-beside-yes elementor-section-height-default elementor-section-height-default elementor-section-column-vertical-align-stretch\" data-id=\"2092b7d0\" data-element_type=\"section\" data-e-type=\"section\" data-settings=\"{&quot;background_background&quot;:&quot;classic&quot;,&quot;stretch_section&quot;:&quot;section-stretched&quot;}\">\n\t\t\t\t\t\t<div class=\"elementor-container elementor-column-gap-extended\">\n\t\t\t\t\t<div class=\"elementor-column elementor-col-100 elementor-top-column elementor-element elementor-element-be69d75\" data-id=\"be69d75\" data-element_type=\"column\" data-e-type=\"column\">\n\t\t\t<div class=\"elementor-widget-wrap elementor-element-populated\">\n\t\t\t\t\t\t<div class=\"elementor-element elementor-element-efd82ec elementor-widget elementor-widget-nuss-heading\" data-id=\"efd82ec\" data-element_type=\"widget\" data-e-type=\"widget\" data-widget_type=\"nuss-heading.default\">\n\t\t\t\t<div class=\"elementor-widget-container\">\n\t\t\t\t\t\t\t<div class=\"nuss-modern-heading\">\r\n\t\t\t\r\n\t\t\t\t\t\t<div class=\"heading-primary-wrap\">\r\n\t\t\t\t<h2 class=\"heading-primary elementor-heading-title\">Verf\u00fcgbarkeit pr\u00fcfen <\/h2>\t\t\t<\/div>\r\n\t\t\r\n\t\t\t\r\n\t\t\t\t\t<\/div>\r\n\t\t\t\t\t<\/div>\n\t\t\t\t<\/div>\n\t\t\t\t<div class=\"elementor-element elementor-element-a675632 elementor-widget elementor-widget-text-editor\" data-id=\"a675632\" data-element_type=\"widget\" data-e-type=\"widget\" data-widget_type=\"text-editor.default\">\n\t\t\t\t\t\t\t\t\t<iframe border=\"0\" src=\"https:\/\/www.trip.com\/partners\/ad\/S5278611?Allianceid=4590391&#038;SID=257375959&#038;trip_sub1=\" style=\"width:900px;height:200px\" frameborder=\"0\" scrolling=\"no\" id=\"S5278611\"><\/iframe>\t\t\t\t\t\t\t\t<\/div>\n\t\t\t\t\t<\/div>\n\t\t<\/div>\n\t\t\t\t\t<\/div>\n\t\t<\/section>\n\t\t\t\t<\/div>","protected":false},"excerpt":{"rendered":"<p>Nestled in the vibrant heart of Chengdu\u2019s historic Qingyang District, Hotel CD YUENCHI stands as a harmonious blend of modern elegance and traditional Sichuan charm. Located at No. 28 Wuyuegong Street, Chengdu, Sichuan 610017, China, this boutique hotel offers discerning travelers a serene retreat just steps away from the city\u2019s most iconic cultural landmarks, bustling [&hellip;]<\/p>\n","protected":false},"author":1,"featured_media":0,"parent":0,"menu_order":0,"comment_status":"closed","ping_status":"closed","template":"","meta":{"footnotes":""},"class_list":["post-5266","page","type-page","status-publish","hentry","post-no-thumbnail"],"_links":{"self":[{"href":"https:\/\/cdyuenchi.com\/de\/wp-json\/wp\/v2\/pages\/5266","targetHints":{"allow":["GET"]}}],"collection":[{"href":"https:\/\/cdyuenchi.com\/de\/wp-json\/wp\/v2\/pages"}],"about":[{"href":"https:\/\/cdyuenchi.com\/de\/wp-json\/wp\/v2\/types\/page"}],"author":[{"embeddable":true,"href":"https:\/\/cdyuenchi.com\/de\/wp-json\/wp\/v2\/users\/1"}],"replies":[{"embeddable":true,"href":"https:\/\/cdyuenchi.com\/de\/wp-json\/wp\/v2\/comments?post=5266"}],"version-history":[{"count":0,"href":"https:\/\/cdyuenchi.com\/de\/wp-json\/wp\/v2\/pages\/5266\/revisions"}],"wp:attachment":[{"href":"https:\/\/cdyuenchi.com\/de\/wp-json\/wp\/v2\/media?parent=5266"}],"curies":[{"name":"wp","href":"https:\/\/api.w.org\/{rel}","templated":true}]}}