{"id":612,"date":"2021-03-26T10:04:13","date_gmt":"2021-03-26T10:04:13","guid":{"rendered":"http:\/\/localhost\/nuss\/?page_id=612"},"modified":"2025-09-09T04:02:17","modified_gmt":"2025-09-09T04:02:17","slug":"restaurant","status":"publish","type":"page","link":"https:\/\/cdyuenchi.com\/de\/restaurant\/","title":{"rendered":"Restaurant"},"content":{"rendered":"<div data-elementor-type=\"wp-page\" data-elementor-id=\"612\" class=\"elementor elementor-612\">\n\t\t\t\t\t\t<section class=\"elementor-section elementor-top-section elementor-element elementor-element-e2effe8 elementor-section-boxed elementor-section-gap-beside-yes elementor-section-height-default elementor-section-height-default elementor-section-column-vertical-align-stretch\" data-id=\"e2effe8\" data-element_type=\"section\" data-e-type=\"section\">\n\t\t\t\t\t\t<div class=\"elementor-container elementor-column-gap-extended\">\n\t\t\t\t\t<div class=\"elementor-column elementor-col-100 elementor-top-column elementor-element elementor-element-e18f688\" data-id=\"e18f688\" data-element_type=\"column\" data-e-type=\"column\">\n\t\t\t<div class=\"elementor-widget-wrap elementor-element-populated\">\n\t\t\t\t\t\t<div class=\"elementor-element elementor-element-6db146d elementor-widget__width-initial elementor-invisible elementor-widget elementor-widget-text-editor\" data-id=\"6db146d\" data-element_type=\"widget\" data-e-type=\"widget\" data-settings=\"{&quot;_animation&quot;:&quot;nussFadeInUp&quot;}\" data-widget_type=\"text-editor.default\">\n\t\t\t\t\t\t\t\t\t<p><strong data-spm-anchor-id=\"a2ty_o01.29997173.0.i51.652bc921hbIzpS\">Genie\u00dfen Sie die Seele von Sichuan: Eine exquisite kulinarische Reise im Restaurant des Hotels CD YUENCHI, Chengdu<\/strong><\/p>\t\t\t\t\t\t\t\t<\/div>\n\t\t\t\t\t<\/div>\n\t\t<\/div>\n\t\t\t\t\t<\/div>\n\t\t<\/section>\n\t\t<div class=\"elementor-element elementor-element-9af90e5 e-flex e-con-boxed e-con e-parent\" data-id=\"9af90e5\" data-element_type=\"container\" data-e-type=\"container\">\n\t\t\t\t\t<div class=\"e-con-inner\">\n\t\t\t\t<div class=\"elementor-element elementor-element-f5c22c6 elementor-widget elementor-widget-nuss-image-gallery\" data-id=\"f5c22c6\" data-element_type=\"widget\" data-e-type=\"widget\" data-widget_type=\"nuss-image-gallery.default\">\n\t\t\t\t<div class=\"elementor-widget-container\">\n\t\t\t\t\t\t\t<div class=\"nuss-grid-wrapper\" data-grid=\"{&quot;type&quot;:&quot;grid&quot;,&quot;ratio&quot;:null,&quot;columns&quot;:3,&quot;gutter&quot;:30}\">\r\n\t\t\t<div class=\"nuss-grid lazy-grid\">\r\n\t\t\t\t<div class=\"grid-sizer\"><\/div>\r\n\r\n\t\t\t\t\t\t\t\t\t\t\t\t<div class=\"grid-item\">\r\n\t\t\t\t\t\t<div class=\"nuss-box\">\t\t<div class=\"nuss-image image\">\r\n\t\t\t<img decoding=\"async\"  src=\"https:\/\/cdyuenchi.com\/wp-content\/uploads\/2025\/09\/CD-Yuenchi-61.webp\" alt=\"CD Yuenchi (61)\" \/>\t\t<\/div>\r\n\t\t\t\t<\/div>\t\t\t\t\t<\/div>\r\n\t\t\t\t\t\t<div class=\"grid-item\">\r\n\t\t\t\t\t\t<div class=\"nuss-box\">\t\t<div class=\"nuss-image image\">\r\n\t\t\t<img decoding=\"async\"  src=\"https:\/\/cdyuenchi.com\/wp-content\/uploads\/2025\/09\/CD-Yuenchi-60.webp\" alt=\"CD Yuenchi (60)\" \/>\t\t<\/div>\r\n\t\t\t\t<\/div>\t\t\t\t\t<\/div>\r\n\t\t\t\t\t\t<div class=\"grid-item\">\r\n\t\t\t\t\t\t<div class=\"nuss-box\">\t\t<div class=\"nuss-image image\">\r\n\t\t\t<img decoding=\"async\"  src=\"https:\/\/cdyuenchi.com\/wp-content\/uploads\/2025\/09\/CD-Yuenchi-59.webp\" alt=\"CD Yuenchi (59)\" \/>\t\t<\/div>\r\n\t\t\t\t<\/div>\t\t\t\t\t<\/div>\r\n\t\t\t\t\t\t<div class=\"grid-item\">\r\n\t\t\t\t\t\t<div class=\"nuss-box\">\t\t<div class=\"nuss-image image\">\r\n\t\t\t<img decoding=\"async\"  src=\"https:\/\/cdyuenchi.com\/wp-content\/uploads\/2025\/09\/CD-Yuenchi-58.webp\" alt=\"CD Yuenchi (58)\" \/>\t\t<\/div>\r\n\t\t\t\t<\/div>\t\t\t\t\t<\/div>\r\n\t\t\t\t\t\t<div class=\"grid-item\">\r\n\t\t\t\t\t\t<div class=\"nuss-box\">\t\t<div class=\"nuss-image image\">\r\n\t\t\t<img decoding=\"async\"  src=\"https:\/\/cdyuenchi.com\/wp-content\/uploads\/2025\/09\/CD-Yuenchi-56.webp\" alt=\"CD Yuenchi (56)\" \/>\t\t<\/div>\r\n\t\t\t\t<\/div>\t\t\t\t\t<\/div>\r\n\t\t\t\t\t\t<div class=\"grid-item\">\r\n\t\t\t\t\t\t<div class=\"nuss-box\">\t\t<div class=\"nuss-image image\">\r\n\t\t\t<img decoding=\"async\"  src=\"https:\/\/cdyuenchi.com\/wp-content\/uploads\/2025\/09\/CD-Yuenchi-105.webp\" alt=\"CD Yuenchi (105)\" \/>\t\t<\/div>\r\n\t\t\t\t<\/div>\t\t\t\t\t<\/div>\r\n\t\t\t\t\t\t<div class=\"grid-item\">\r\n\t\t\t\t\t\t<div class=\"nuss-box\">\t\t<div class=\"nuss-image image\">\r\n\t\t\t<img decoding=\"async\"  src=\"https:\/\/cdyuenchi.com\/wp-content\/uploads\/2025\/09\/CD-Yuenchi-104.webp\" alt=\"CD Yuenchi (104)\" \/>\t\t<\/div>\r\n\t\t\t\t<\/div>\t\t\t\t\t<\/div>\r\n\t\t\t\t\t\t<div class=\"grid-item\">\r\n\t\t\t\t\t\t<div class=\"nuss-box\">\t\t<div class=\"nuss-image image\">\r\n\t\t\t<img decoding=\"async\"  src=\"https:\/\/cdyuenchi.com\/wp-content\/uploads\/2025\/09\/CD-Yuenchi-71.webp\" alt=\"CD Yuenchi (71)\" \/>\t\t<\/div>\r\n\t\t\t\t<\/div>\t\t\t\t\t<\/div>\r\n\t\t\t\t\t\t<div class=\"grid-item\">\r\n\t\t\t\t\t\t<div class=\"nuss-box\">\t\t<div class=\"nuss-image image\">\r\n\t\t\t<img decoding=\"async\"  src=\"https:\/\/cdyuenchi.com\/wp-content\/uploads\/2025\/09\/CD-Yuenchi-10.webp\" alt=\"CD Yuenchi (10)\" \/>\t\t<\/div>\r\n\t\t\t\t<\/div>\t\t\t\t\t<\/div>\r\n\t\t\t\t\t\t<div class=\"grid-item\">\r\n\t\t\t\t\t\t<div class=\"nuss-box\">\t\t<div class=\"nuss-image image\">\r\n\t\t\t<img decoding=\"async\"  src=\"https:\/\/cdyuenchi.com\/wp-content\/uploads\/2025\/09\/CD-Yuenchi-74.webp\" alt=\"CD Yuenchi (74)\" \/>\t\t<\/div>\r\n\t\t\t\t<\/div>\t\t\t\t\t<\/div>\r\n\t\t\t\t\t\t<div class=\"grid-item\">\r\n\t\t\t\t\t\t<div class=\"nuss-box\">\t\t<div class=\"nuss-image image\">\r\n\t\t\t<img decoding=\"async\"  src=\"https:\/\/cdyuenchi.com\/wp-content\/uploads\/2025\/09\/CD-Yuenchi-95.webp\" alt=\"CD Yuenchi (95)\" \/>\t\t<\/div>\r\n\t\t\t\t<\/div>\t\t\t\t\t<\/div>\r\n\t\t\t\t\t\t<div class=\"grid-item\">\r\n\t\t\t\t\t\t<div class=\"nuss-box\">\t\t<div class=\"nuss-image image\">\r\n\t\t\t<img decoding=\"async\"  src=\"https:\/\/cdyuenchi.com\/wp-content\/uploads\/2025\/09\/CD-Yuenchi-52.webp\" alt=\"CD Yuenchi (52)\" \/>\t\t<\/div>\r\n\t\t\t\t<\/div>\t\t\t\t\t<\/div>\r\n\t\t\t\t\t\t\t\r\n\t\t\t<\/div>\r\n\t\t<\/div>\r\n\t\t\t\t\t\t<\/div>\n\t\t\t\t<\/div>\n\t\t\t\t\t<\/div>\n\t\t\t\t<\/div>\n\t\t<div class=\"elementor-element elementor-element-3fbd4ca e-flex e-con-boxed e-con e-parent\" data-id=\"3fbd4ca\" data-element_type=\"container\" data-e-type=\"container\">\n\t\t\t\t\t<div class=\"e-con-inner\">\n\t\t\t\t<div class=\"elementor-element elementor-element-d755ece elementor-widget elementor-widget-text-editor\" data-id=\"d755ece\" data-element_type=\"widget\" data-e-type=\"widget\" data-widget_type=\"text-editor.default\">\n\t\t\t\t\t\t\t\t\t<p data-spm-anchor-id=\"a2ty_o01.29997173.0.i52.652bc921hbIzpS\">Im Herzen von <strong>Hotel CD YUENCHI<\/strong>, eingebettet in die historische <strong>Bezirk Qingyang<\/strong> bei <strong>Nr. 28 Wuyuegong Street, Chengdu, Sichuan 610017, China<\/strong>liegt ein kulinarisches Heiligtum, das die kr\u00e4ftigen, aromatischen und tiefsinnigen Aromen einer der ber\u00fchmtesten gastronomischen Regionen Chinas feiert \u2013<strong>Sichuan<\/strong>. Unser hauseigenes Restaurant ist nicht nur ein Ort zum Essen \u2013 es ist ein <strong>Feier des Erbes, der Handwerkskunst und des Geschmacks<\/strong>, wo jedes Gericht eine Geschichte erz\u00e4hlt und jede Mahlzeit zu einem unvergesslichen Erlebnis wird.<\/p><p>Chengdu, eine von der UNESCO anerkannte Stadt der Gastronomie, ist weltber\u00fchmt f\u00fcr seine feurigen Gew\u00fcrze, bet\u00e4ubenden Pfefferk\u00f6rner und die kunstvolle Balance von <em>Mala<\/em> (scharf und bet\u00e4ubend), die die Sichuan-K\u00fcche definiert. Am <strong>Restaurant des Hotels CD YUENCHI<\/strong>ehren wir dieses Erbe mit Ehrfurcht und Innovation und kreieren ein Men\u00fc, das den traditionellen, \u00fcber Generationen weitergegebenen Rezepten Tribut zollt \u2013 und gleichzeitig moderne Techniken und nachhaltige Beschaffung einsetzt, um das Speiseerlebnis f\u00fcr den anspruchsvollen Reisenden von heute zu verbessern.<\/p><div class=\"my-2\">\u00a0<\/div><h3><strong>Eine kulinarische Philosophie, die auf Authentizit\u00e4t beruht<\/strong><\/h3><p>Unsere K\u00fcche wird von einem Team aus <strong>Meisterk\u00f6che, geboren und aufgewachsen in Sichuan<\/strong>, jeder mit jahrzehntelanger Erfahrung in der regionalen K\u00fcche. Sie glauben, dass wahrer Geschmack lange vor dem Aufheizen des Woks beginnt \u2013 mit der Qualit\u00e4t der Zutaten, dem Rhythmus der Zubereitung und der Atmosph\u00e4re, in der das Essen geteilt wird. Von handgezogenen Nudeln im Morgengrauen bis hin zu hausfermentiertem Doubanjiang (Saubohnenpaste) wird jedes Element mit Sorgfalt hergestellt.<\/p><p>Wir beziehen unsere Produkte aus <strong>lokale Bauernh\u00f6fe in der Chengdu-Ebene<\/strong>, um frisches Gem\u00fcse, Fleisch aus Freilandhaltung und wild gesammelte Kr\u00e4uter zu gew\u00e4hrleisten. Unsere Teebl\u00e4tter werden an den nebligen H\u00e4ngen von <strong>Mengding-Berg<\/strong>, und unsere Sichuan-Pfefferk\u00f6rner kommen aus <strong>Landkreis Hanyuan<\/strong>, ber\u00fchmt f\u00fcr ihr blumiges Aroma und ihren prickelnden Abgang. Dieses Engagement f\u00fcr Authentizit\u00e4t hat uns nicht nur die Anerkennung unserer G\u00e4ste eingebracht, sondern auch die der lokalen Gastronomiekritiker, die unser Restaurant als \u201eeine der authentischsten Ausdrucksformen des Sichuan-Geschmacks im Zentrum von Chengdu\u201c loben.<\/p><div class=\"my-2\">\u00a0<\/div><h3><strong>Ein Men\u00fc, das eine Geschichte erz\u00e4hlt<\/strong><\/h3><p>Das Men\u00fc im Restaurant des Hotels CD YUENCHI ist eine kuratierte Reise durch die <strong>Jahreszeiten, Regionen und Traditionen von Sichuan<\/strong>. Beginnen Sie Ihre Mahlzeit mit delikaten Vorspeisen wie <em>Dan Dan Nudeln<\/em> serviert mit einer reichhaltigen, sesamhaltigen Br\u00fche und einem Hauch Chili\u00f6l, oder <em>Schweinebauch mit Knoblauchsauce<\/em>, ein weniger bekanntes Juwel, das die Meisterschaft der Region in Bezug auf Textur und Ausgewogenheit zeigt.<\/p><p>G\u00f6nnen Sie sich als Hauptgericht mit Pr\u00e4zision neu interpretierte Klassiker:<\/p><ul dir=\"auto\"><li><strong>Mapo Tofu<\/strong>, seidig und dampfend, angereichert mit fermentierten schwarzen Bohnen und einem leuchtend roten \u00d6l, das auf dem Gaumen tanzt<\/li><li><strong>Kung Pao H\u00fchnchen<\/strong>, auf authentische Weise zubereitet \u2013 mit Sichuan-Erdn\u00fcssen, getrockneten Chilis und einem Hauch Essig f\u00fcr die Frische<\/li><li><strong>Ged\u00e4mpfter Fisch mit Chili und fermentierten Gurken<\/strong>, ein Gericht, das die Seele der l\u00e4ndlichen Sichuan-K\u00fcche einf\u00e4ngt<\/li><li><strong>Geschmortes Rindfleisch in w\u00fcrziger Br\u00fche<\/strong>, stundenlang langsam gegart, bis das Fleisch bei der Ber\u00fchrung mit einer Gabel schmilzt<\/li><\/ul><p>Vegetarische G\u00e4ste werden gleicherma\u00dfen mit Gerichten wie gefeiert <em>Trocken gebratene gr\u00fcne Bohnen mit Pixian-Paste<\/em> Und <em>Bambussprossen in brauner Sauce<\/em>und beweist, dass die Sichuan-K\u00fcche weit mehr ist als nur Sch\u00e4rfe \u2013 sie ist Tiefe, Aroma und Harmonie.<\/p><div class=\"my-2\">\u00a0<\/div><h3><strong>Fr\u00fchst\u00fcck: Ein Vorgeschmack auf Chengdu im Morgengrauen<\/strong><\/h3><p>Unser <strong>t\u00e4gliches Fr\u00fchst\u00fcckserlebnis<\/strong> ist f\u00fcr viele G\u00e4ste ein Highlight. Wir bieten eine <strong>Buffet mit Doppelkonzept<\/strong>: A <strong>Westliche Auswahl<\/strong> mit frischem Geb\u00e4ck, Bio-Joghurt und Eiern aus Freilandhaltung und einem <strong>authentische Sichuan-Fr\u00fchst\u00fccksbar<\/strong> mit ged\u00e4mpften Br\u00f6tchen, Reisnudeln in pikanter Br\u00fche, w\u00fcrzigen Wan Tans und <em>congyoubing<\/em> (Fr\u00fchlingszwiebelpfannkuchen). Nippen Sie an frisch gebr\u00fchtem Jasmintee oder einer warmen Tasse <em>Kudin-Tee<\/em>, ein lokaler koffeinfreier Kr\u00e4uteraufguss, der f\u00fcr seine beruhigenden Eigenschaften bekannt ist.<\/p><p>Reisende beschreiben unser Fr\u00fchst\u00fcck oft als \u201eden k\u00f6stlichsten Start in einen Tag voller Erkundungen in Chengdu\u201c, und viele kommen nur zur\u00fcck, um den Geschmack unserer handgerollten <em>zhongzi<\/em> (Klebreiskn\u00f6del).<\/p><div class=\"my-2\">\u00a0<\/div><h3><strong>Die Teelounge: Wo Kultur auf Ruhe trifft<\/strong><\/h3><p>Neben dem Hauptspeisesaal befindet sich unser <strong>elegante Sichuan Tea Lounge<\/strong> bietet einen ruhigen R\u00fcckzugsort f\u00fcr ruhige Momente, Nachmittagstreffen oder Aperitifs vor dem Abendessen. Hier k\u00f6nnen die G\u00e4ste teilnehmen an <strong>traditionelle Teezeremonien<\/strong>, gef\u00fchrt von unseren ans\u00e4ssigen Teemeistern, und probieren Sie seltene Sorten wie <em>Mengding Ganlu<\/em>, <em>Emei Schneeknospe<\/em>und im Alter <em>Pu&#039;er<\/em>Die Lounge dient auch <strong>mit Tee angereicherte Cocktails<\/strong>, handwerklich hergestellte Desserts und leichte herzhafte H\u00e4ppchen \u2013 perfekt zum Entspannen nach einem Tag voller Besichtigungen.<\/p><p>W\u00f6chentlich finden Live-Kulturdarbietungen statt \u2013 beispielsweise Guzheng-Musik, Opernausschnitte mit gesichtsver\u00e4ndernden Gesichtern und Kalligrafievorf\u00fchrungen \u2013 und verwandeln den Raum in eine lebendige Galerie der Sichuan-Kunst.<\/p><div class=\"my-2\">\u00a0<\/div><h3><strong>F\u00fcr die Sinne konzipiert<\/strong><\/h3><p>Das Interieur des Restaurants verbindet <strong>zeitgen\u00f6ssische Eleganz mit traditioneller Sichuan-\u00c4sthetik<\/strong>. H\u00f6lzerne Gitterw\u00e4nde, handgemalte Wandgem\u00e4lde des Minjiang-Flusses und sanftes Laternenlicht schaffen ein elegantes und einladendes Ambiente. F\u00fcr private Zusammenk\u00fcnfte, Gesch\u00e4ftsessen oder besondere Feiern stehen private Speiser\u00e4ume zur Verf\u00fcgung, die jeweils nach einer ber\u00fchmten literarischen Pers\u00f6nlichkeit oder einem Wahrzeichen Sichuans benannt sind.<\/p><p>Vom Boden bis zur Decke reichende Fenster \u00f6ffnen sich zu einem ruhigen Garten im Innenhof, wo Kois durch Lotusteiche gleiten und Bambus in der Brise schwankt \u2013 und den G\u00e4sten zwischen den G\u00e4ngen eine optische Gaumenreinigung bieten.<\/p><div class=\"my-2\">\u00a0<\/div><h3><strong>Nachhaltigkeit und Wellness auf dem Teller<\/strong><\/h3><p>Wir glauben, dass gutes Essen sowohl den K\u00f6rper als auch den Planeten n\u00e4hren sollte. Unsere K\u00fcche folgt <strong>umweltbewusste Praktiken<\/strong>, Minimierung von Abf\u00e4llen durch Kompostierung, wiederverwendbare Verpackungen und saisonale Men\u00fcwechsel. Wir bieten <strong>glutenfreie, halal und pflanzliche Optionen<\/strong>, und unsere K\u00f6che ber\u00fccksichtigen gerne Ihre Ern\u00e4hrungsbed\u00fcrfnisse mit durchdachten Alternativen.<\/p><p>Wir heben auch hervor <strong>Wellness-Gerichte<\/strong>-wie <em>Lotuswurzel mit Honig<\/em>, bekannt f\u00fcr seine lungenberuhigenden Eigenschaften, und <em>Goji-Beeren-Congee<\/em>, ein traditionelles, st\u00e4rkendes Fr\u00fchst\u00fcck, das alte chinesische Heilprinzipien mit moderner Kochkunst verbindet.<\/p><div class=\"my-2\">\u00a0<\/div><h3><strong>Ein Muss f\u00fcr einen kulinarischen Besuch in Chengdu<\/strong><\/h3><p>Egal, ob Sie ein Gast des Hotels oder ein Liebhaber lokaler K\u00fcche sind, der den Bezirk Qingyang erkundet, die <strong>Restaurant im Hotel CD YUENCHI<\/strong> l\u00e4dt Sie ein, abseits der Touristenpfade zu gehen und die <strong>wahre Essenz von Sichuan<\/strong>. Hier verlieben sich Erstbesucher in Mapo Tofu, hier finden Expats Trost in einer Sch\u00fcssel <em>dandamian<\/em>und wo sich jede Mahlzeit wie eine warme Umarmung der Stadt selbst anf\u00fchlt.<\/p><p>Entdecken Sie, warum Reisende auf <strong>TripAdvisor, Trip.com und Google-Bewertungen<\/strong> bewerten unser Restaurant regelm\u00e4\u00dfig als eines der <strong>Die 10 besten Hotel-Restaurants in Chengdu<\/strong>Kommen Sie wegen der W\u00fcrze, bleiben Sie wegen der Seele \u2013 und lassen Sie Ihren Gaumen das Herz von Sichuan entdecken, einen unvergesslichen Bissen nach dem anderen.<\/p><div class=\"my-2\">\u00a0<\/div><p data-spm-anchor-id=\"a2ty_o01.29997173.0.i53.652bc921hbIzpS\"><strong>Hotel CD YUENCHI Restaurant \u2013 Wo jeder Geschmack eine Geschichte hat und jede Geschichte mit einem einzigen Geschmack beginnt.<\/strong><\/p>\t\t\t\t\t\t\t\t<\/div>\n\t\t\t\t\t<\/div>\n\t\t\t\t<\/div>\n\t\t\t\t<section class=\"elementor-section elementor-top-section elementor-element elementor-element-14a1b9e7 elementor-section-stretched elementor-section-boxed elementor-section-gap-beside-yes elementor-section-height-default elementor-section-height-default elementor-section-column-vertical-align-stretch\" data-id=\"14a1b9e7\" data-element_type=\"section\" data-e-type=\"section\" data-settings=\"{&quot;background_background&quot;:&quot;classic&quot;,&quot;stretch_section&quot;:&quot;section-stretched&quot;}\">\n\t\t\t\t\t\t<div class=\"elementor-container elementor-column-gap-extended\">\n\t\t\t\t\t<div class=\"elementor-column elementor-col-100 elementor-top-column elementor-element elementor-element-25b67a07\" data-id=\"25b67a07\" data-element_type=\"column\" data-e-type=\"column\">\n\t\t\t<div class=\"elementor-widget-wrap elementor-element-populated\">\n\t\t\t\t\t\t<div class=\"elementor-element elementor-element-f982e27 elementor-widget elementor-widget-nuss-heading\" data-id=\"f982e27\" data-element_type=\"widget\" data-e-type=\"widget\" data-widget_type=\"nuss-heading.default\">\n\t\t\t\t<div class=\"elementor-widget-container\">\n\t\t\t\t\t\t\t<div class=\"nuss-modern-heading\">\r\n\t\t\t\r\n\t\t\t\t\t\t<div class=\"heading-primary-wrap\">\r\n\t\t\t\t<h2 class=\"heading-primary elementor-heading-title\">Verf\u00fcgbarkeit pr\u00fcfen <\/h2>\t\t\t<\/div>\r\n\t\t\r\n\t\t\t\r\n\t\t\t\t\t<\/div>\r\n\t\t\t\t\t<\/div>\n\t\t\t\t<\/div>\n\t\t\t\t<div class=\"elementor-element elementor-element-7ff2c099 elementor-widget elementor-widget-text-editor\" data-id=\"7ff2c099\" data-element_type=\"widget\" data-e-type=\"widget\" data-widget_type=\"text-editor.default\">\n\t\t\t\t\t\t\t\t\t<iframe border=\"0\" src=\"https:\/\/www.trip.com\/partners\/ad\/S5278611?Allianceid=4590391&#038;SID=257375959&#038;trip_sub1=\" style=\"width:900px;height:200px\" frameborder=\"0\" scrolling=\"no\" id=\"S5278611\"><\/iframe>\t\t\t\t\t\t\t\t<\/div>\n\t\t\t\t\t<\/div>\n\t\t<\/div>\n\t\t\t\t\t<\/div>\n\t\t<\/section>\n\t\t\t\t<\/div>","protected":false},"excerpt":{"rendered":"<p>Savor the Soul of Sichuan: An Exquisite Culinary Journey at the Restaurant of Hotel CD YUENCHI, Chengdu At the heart of Hotel CD YUENCHI, nestled in the historic Qingyang District at No. 28 Wuyuegong Street, Chengdu, Sichuan 610017, China, lies a culinary sanctuary that celebrates the bold, aromatic, and deeply soulful flavors of one of [&hellip;]<\/p>\n","protected":false},"author":1,"featured_media":0,"parent":0,"menu_order":0,"comment_status":"closed","ping_status":"closed","template":"","meta":{"footnotes":""},"class_list":["post-612","page","type-page","status-publish","hentry","post-no-thumbnail"],"_links":{"self":[{"href":"https:\/\/cdyuenchi.com\/de\/wp-json\/wp\/v2\/pages\/612","targetHints":{"allow":["GET"]}}],"collection":[{"href":"https:\/\/cdyuenchi.com\/de\/wp-json\/wp\/v2\/pages"}],"about":[{"href":"https:\/\/cdyuenchi.com\/de\/wp-json\/wp\/v2\/types\/page"}],"author":[{"embeddable":true,"href":"https:\/\/cdyuenchi.com\/de\/wp-json\/wp\/v2\/users\/1"}],"replies":[{"embeddable":true,"href":"https:\/\/cdyuenchi.com\/de\/wp-json\/wp\/v2\/comments?post=612"}],"version-history":[{"count":0,"href":"https:\/\/cdyuenchi.com\/de\/wp-json\/wp\/v2\/pages\/612\/revisions"}],"wp:attachment":[{"href":"https:\/\/cdyuenchi.com\/de\/wp-json\/wp\/v2\/media?parent=612"}],"curies":[{"name":"wp","href":"https:\/\/api.w.org\/{rel}","templated":true}]}}