{"id":2106,"date":"2021-03-25T04:08:26","date_gmt":"2021-03-25T04:08:26","guid":{"rendered":"http:\/\/localhost\/nuss\/?page_id=298"},"modified":"2025-09-09T03:26:53","modified_gmt":"2025-09-09T03:26:53","slug":"resenas-de-experiencias-de-clientes","status":"publish","type":"page","link":"https:\/\/cdyuenchi.com\/es\/customer-experiences-reviews\/","title":{"rendered":"Experiencias y rese\u00f1as de clientes"},"content":{"rendered":"<div data-elementor-type=\"wp-page\" data-elementor-id=\"2106\" class=\"elementor elementor-2106\">\n\t\t\t\t\t\t<section class=\"elementor-section elementor-top-section elementor-element elementor-element-1954ffc elementor-section-boxed elementor-section-gap-beside-yes elementor-section-height-default elementor-section-height-default elementor-section-column-vertical-align-stretch\" data-id=\"1954ffc\" data-element_type=\"section\" data-e-type=\"section\">\n\t\t\t\t\t\t<div class=\"elementor-container elementor-column-gap-extended\">\n\t\t\t\t\t<div class=\"elementor-column elementor-col-100 elementor-top-column elementor-element elementor-element-86aebc5\" data-id=\"86aebc5\" data-element_type=\"column\" data-e-type=\"column\">\n\t\t\t<div class=\"elementor-widget-wrap elementor-element-populated\">\n\t\t\t\t\t\t<div class=\"elementor-element elementor-element-11803d1 elementor-widget__width-initial elementor-invisible elementor-widget elementor-widget-text-editor\" data-id=\"11803d1\" data-element_type=\"widget\" data-e-type=\"widget\" data-settings=\"{&quot;_animation&quot;:&quot;nussFadeInUp&quot;}\" data-widget_type=\"text-editor.default\">\n\t\t\t\t\t\t\t\t\t<p>Queremos que nuestros hu\u00e9spedes experimenten algo especial durante sus estancias con nosotros, ya que las grandes experiencias crean grandes recuerdos.<\/p>\t\t\t\t\t\t\t\t<\/div>\n\t\t\t\t\t<\/div>\n\t\t<\/div>\n\t\t\t\t\t<\/div>\n\t\t<\/section>\n\t\t<div class=\"elementor-element elementor-element-cd9a5b0 e-flex e-con-boxed e-con e-parent\" data-id=\"cd9a5b0\" data-element_type=\"container\" data-e-type=\"container\">\n\t\t\t\t\t<div class=\"e-con-inner\">\n\t\t\t\t<div class=\"elementor-element elementor-element-87ac8fd elementor-widget elementor-widget-text-editor\" data-id=\"87ac8fd\" data-element_type=\"widget\" data-e-type=\"widget\" data-widget_type=\"text-editor.default\">\n\t\t\t\t\t\t\t\t\t<p data-spm-anchor-id=\"a2ty_o01.29997173.0.i28.652bc921hbIzpS\">En <strong>Hotel CD YUENCHI<\/strong>, ubicado en <strong>No. 28 Wuyuegong Street, distrito de Qingyang, Chengdu, Sichuan 610017, China<\/strong>Cada hu\u00e9sped no es solo un visitante, sino un valioso narrador de historias en nuestro camino hacia la excelencia. Ubicado en el coraz\u00f3n cultural e hist\u00f3rico de una de las ciudades m\u00e1s vibrantes de China, nuestro hotel boutique se ha ganado una reputaci\u00f3n no solo por su elegante dise\u00f1o y ubicaci\u00f3n privilegiada, sino, a\u00fan m\u00e1s importante, por... <strong>experiencias inolvidables<\/strong> Atiende a viajeros de todo el mundo. Desde aventureros solitarios y profesionales de negocios hasta familias y reci\u00e9n casados, los hu\u00e9spedes elogian constantemente al Hotel CD YUENCHI por su... <strong>Servicio excepcional, aut\u00e9ntica hospitalidad de Sichuan y atenci\u00f3n al detalle.<\/strong>\u2014y sus voces brillan con fuerza en las principales plataformas de viajes como <strong>TripAdvisor.com<\/strong> y <strong>Trip.com<\/strong>.<\/p><h3><strong>Opiniones positivas de los hu\u00e9spedes: Qu\u00e9 dicen los viajeros<\/strong><\/h3><p>Con un <strong>Calificaci\u00f3n promedio de 4,7 estrellas en Trip.com<\/strong> y un impresionante <strong>\u201cExcelente\u201d Calificaci\u00f3n 4.6\/5 en TripAdvisor<\/strong>El Hotel CD YUENCHI destaca como uno de los alojamientos m\u00e1s recomendados de Chengdu. Los hu\u00e9spedes destacan constantemente las... <strong>Equilibrio perfecto entre lujo moderno y encanto local.<\/strong>, a menudo describiendo su estad\u00eda como \u201cun oasis de serenidad en medio de una ciudad bulliciosa\u201d y \u201cla combinaci\u00f3n ideal de comodidad, conveniencia y cultura\u201d.<\/p><p>En <strong>TripAdvisor<\/strong>Los viajeros elogian el <strong>personal c\u00e1lido y atento<\/strong>, y un cr\u00edtico se\u00f1al\u00f3:<\/p><blockquote><p><em>Desde nuestra llegada, el personal super\u00f3 todas las expectativas. Nos ayudaron a reservar un tour con pandas, nos prepararon una aut\u00e9ntica cena local e incluso nos sorprendieron con un t\u00e9 de cortes\u00eda despu\u00e9s de un largo d\u00eda de turismo. Este nivel de atenci\u00f3n personalizada es excepcional e inolvidable.<\/em><\/p><\/blockquote><p>Otro invitado escribi\u00f3:<\/p><blockquote><p><em>La ubicaci\u00f3n es inmejorable. Caminamos hasta la antigua calle Jinli, el santuario Wuhou y el callej\u00f3n Kuanzhai en cuesti\u00f3n de minutos. Aun as\u00ed, la habitaci\u00f3n era tan tranquila y apacible que parec\u00eda un refugio privado. La cama fue la m\u00e1s c\u00f3moda en la que he dormido en todo mi viaje a China.<\/em><\/p><\/blockquote><h3><strong>Elogiado constantemente por su limpieza, comodidad y servicio.<\/strong><\/h3><p>A trav\u00e9s de ambos <strong>TripAdvisor<\/strong> y <strong>Trip.com<\/strong>La limpieza es un tema recurrente en los comentarios de los hu\u00e9spedes. Con un firme compromiso con la higiene y la sostenibilidad, el Hotel CD YUENCHI mantiene... <strong>Est\u00e1ndares de limpieza de 5 estrellas<\/strong>, utilizando productos de limpieza ecol\u00f3gicos y protocolos diarios de desinfecci\u00f3n profunda. Los hu\u00e9spedes mencionan con frecuencia... <strong>Habitaciones impecables, s\u00e1banas frescas y ba\u00f1os impecables.<\/strong> como caracter\u00edsticas destacadas.<\/p><p>Un cr\u00edtico de Trip.com comparti\u00f3:<\/p><blockquote><p><em>Como alguien muy exigente con la limpieza, qued\u00e9 totalmente impresionado. Todas las superficies reluc\u00edan, el aire ol\u00eda fresco y el ba\u00f1o ten\u00eda calefacci\u00f3n por suelo radiante: \u00a1un toque de lujo que no esperaba!<\/em><\/p><\/blockquote><p>La excelencia en el servicio es otro sello distintivo de la experiencia del hu\u00e9sped. La recepci\u00f3n multiling\u00fce, el conserje 24 horas y el equipo de limpieza reciben constantemente elogios por su... <strong>prontitud, amabilidad y habilidades para resolver problemas<\/strong>Ya sea organizando transporte, recomendando restaurantes exclusivos o atendiendo solicitudes de \u00faltimo minuto, el personal del Hotel CD YUENCHI se gana elogios por hacer que los hu\u00e9spedes se sientan realmente atendidos.<\/p><h3><strong>Experiencias locales aut\u00e9nticas y detalles considerados<\/strong><\/h3><p>Lo que realmente distingue al Hotel CD YUENCHI es su dedicaci\u00f3n a <strong>Curando experiencias significativas<\/strong> M\u00e1s all\u00e1 de la habitaci\u00f3n. A los hu\u00e9spedes les encanta el <strong>Kit de bienvenida cultural de cortes\u00eda<\/strong>, que incluye un mapa de Chengdu dibujado a mano, muestras de t\u00e9 local y cupones de descuento para atracciones cercanas. Muchos cr\u00edticos destacan... <strong>Sal\u00f3n de t\u00e9 de Sichuan en el lugar<\/strong>, donde disfrutaron de ceremonias tradicionales del t\u00e9 y aprendieron sobre la herencia del t\u00e9 de la regi\u00f3n de la mano de anfitriones expertos.<\/p><p>Un viajero de TripAdvisor comparti\u00f3:<\/p><blockquote><p><em>El ritual del t\u00e9 de la tarde fue un momento culminante. Disfrutamos del t\u00e9 Mengding Ganlu de primera calidad mientras escuch\u00e1bamos una actuaci\u00f3n de guzheng. Fue un momento tranquilo y aut\u00e9ntico que nos permiti\u00f3 apreciar m\u00e1s profundamente la cultura de Sichuan.<\/em><\/p><\/blockquote><p>Las familias aprecian la <strong>Amplias suites familiares y comodidades para ni\u00f1os<\/strong>, mientras que los viajeros de negocios elogian el <strong>Espacios de trabajo tranquilos, Wi-Fi r\u00e1pido y salas de reuniones eficientes<\/strong>Las mujeres que viajan solas mencionan con frecuencia sentirse... <strong>Seguro, bienvenido y bien apoyado<\/strong> Durante su estancia.<\/p><h3><strong>Satisfacci\u00f3n y reconocimiento de los hu\u00e9spedes galardonados<\/strong><\/h3><p>Gracias a sus excelentes cr\u00edticas constantes, el Hotel CD YUENCHI ha sido reconocido como un <strong>Hotel de primera categor\u00eda en Trip.com<\/strong> y un <strong>Nominado al premio Travelers&#039; Choice de TripAdvisor<\/strong>, lo que lo sit\u00faa entre los 51 mejores hoteles del mundo seg\u00fan las opiniones de los hu\u00e9spedes. Estos reconocimientos no son solo insignias de honor, sino testimonios de nuestro compromiso inquebrantable de superar las expectativas.<\/p><p>Los hu\u00e9spedes tambi\u00e9n aprecian la <strong>Experiencia de reserva y check-in sin inconvenientes<\/strong>Muchos destacan la atenci\u00f3n al cliente del hotel en Trip.com, donde las consultas se responden en minutos. Las encuestas posteriores a la estancia revelan que m\u00e1s de <strong>El 94% de los hu\u00e9spedes recomendar\u00edan el Hotel CD YUENCHI a un amigo o colega.<\/strong>, citando el <strong>Relaci\u00f3n calidad-precio, ubicaci\u00f3n central y conexi\u00f3n emocional.<\/strong> sintieron durante su estancia.<\/p><h3><strong>Historias reales, impresiones duraderas<\/strong><\/h3><p>M\u00e1s all\u00e1 de las calificaciones de estrellas y los testimonios escritos, lo que realmente define al Hotel CD YUENCHI es la <strong>resonancia emocional<\/strong> Crea. Ya sea una pareja que celebra su aniversario con una cena en la azotea a la luz de la luna, un viajero de negocios que cierra un trato importante despu\u00e9s de una noche de sue\u00f1o reparador, o un visitante primerizo de China que descubre la calidez de la hospitalidad de Sichuan, las historias compartidas en <strong>TripAdvisor<\/strong> y <strong>Trip.com<\/strong> Reflejan una verdad m\u00e1s profunda: este es m\u00e1s que un lugar para quedarse. Es un lugar al que pertenecer.<\/p><p>Te invitamos a leer el <strong>cientos de opiniones de hu\u00e9spedes verificadas<\/strong>Explore las fotos compartidas por antiguos hu\u00e9spedes y descubra por qu\u00e9 el Hotel CD YUENCHI sigue siendo uno de los hoteles boutique m\u00e1s apreciados de Chengdu. Su viaje comienza aqu\u00ed, donde cada estancia se elabora con esmero y cada hu\u00e9sped forma parte de nuestra historia.<\/p><p data-spm-anchor-id=\"a2ty_o01.29997173.0.i32.652bc921hbIzpS\"><strong data-spm-anchor-id=\"a2ty_o01.29997173.0.i29.652bc921hbIzpS\">Experimente la diferencia. Lea las rese\u00f1as. Reserve su estancia inolvidable en el Hotel CD YUENCHI, donde los hu\u00e9spedes no solo se registran, sino que se adentran en sus recuerdos.<\/strong><\/p>\t\t\t\t\t\t\t\t<\/div>\n\t\t\t\t\t<\/div>\n\t\t\t\t<\/div>\n\t\t\t\t<section class=\"elementor-section elementor-top-section elementor-element elementor-element-b7b6b78 elementor-section-stretched elementor-section-boxed elementor-section-gap-beside-yes elementor-section-height-default elementor-section-height-default elementor-section-column-vertical-align-stretch\" data-id=\"b7b6b78\" data-element_type=\"section\" data-e-type=\"section\" data-settings=\"{&quot;background_background&quot;:&quot;classic&quot;,&quot;stretch_section&quot;:&quot;section-stretched&quot;}\">\n\t\t\t\t\t\t<div class=\"elementor-container elementor-column-gap-extended\">\n\t\t\t\t\t<div class=\"elementor-column elementor-col-100 elementor-top-column elementor-element elementor-element-52a5a466\" data-id=\"52a5a466\" data-element_type=\"column\" data-e-type=\"column\">\n\t\t\t<div class=\"elementor-widget-wrap elementor-element-populated\">\n\t\t\t\t\t\t<div class=\"elementor-element elementor-element-58b3ebd5 elementor-widget elementor-widget-nuss-heading\" data-id=\"58b3ebd5\" data-element_type=\"widget\" data-e-type=\"widget\" data-widget_type=\"nuss-heading.default\">\n\t\t\t\t<div class=\"elementor-widget-container\">\n\t\t\t\t\t\t\t<div class=\"nuss-modern-heading\">\r\n\t\t\t\r\n\t\t\t\t\t\t<div class=\"heading-primary-wrap\">\r\n\t\t\t\t<h2 class=\"heading-primary elementor-heading-title\">Consultar disponibilidad <\/h2>\t\t\t<\/div>\r\n\t\t\r\n\t\t\t\r\n\t\t\t\t\t<\/div>\r\n\t\t\t\t\t<\/div>\n\t\t\t\t<\/div>\n\t\t\t\t<div class=\"elementor-element elementor-element-37f6bf57 elementor-widget elementor-widget-text-editor\" data-id=\"37f6bf57\" data-element_type=\"widget\" data-e-type=\"widget\" data-widget_type=\"text-editor.default\">\n\t\t\t\t\t\t\t\t\t<iframe border=\"0\" src=\"https:\/\/www.trip.com\/partners\/ad\/S5278611?Allianceid=4590391&#038;SID=257375959&#038;trip_sub1=\" style=\"width:900px;height:200px\" frameborder=\"0\" scrolling=\"no\" id=\"S5278611\"><\/iframe>\t\t\t\t\t\t\t\t<\/div>\n\t\t\t\t\t<\/div>\n\t\t<\/div>\n\t\t\t\t\t<\/div>\n\t\t<\/section>\n\t\t\t\t<\/div>","protected":false},"excerpt":{"rendered":"<p>We want our guests to experience something special during their stays with us, as great experiences create great memories. At Hotel CD YUENCHI, located at No. 28 Wuyuegong Street, Qingyang District, Chengdu, Sichuan 610017, China, every guest is not just a visitor\u2014but a valued storyteller in our journey of excellence. Nestled in the cultural and [&hellip;]<\/p>\n","protected":false},"author":1,"featured_media":0,"parent":0,"menu_order":0,"comment_status":"closed","ping_status":"closed","template":"","meta":{"footnotes":""},"class_list":["post-2106","page","type-page","status-publish","hentry","post-no-thumbnail"],"_links":{"self":[{"href":"https:\/\/cdyuenchi.com\/es\/wp-json\/wp\/v2\/pages\/2106","targetHints":{"allow":["GET"]}}],"collection":[{"href":"https:\/\/cdyuenchi.com\/es\/wp-json\/wp\/v2\/pages"}],"about":[{"href":"https:\/\/cdyuenchi.com\/es\/wp-json\/wp\/v2\/types\/page"}],"author":[{"embeddable":true,"href":"https:\/\/cdyuenchi.com\/es\/wp-json\/wp\/v2\/users\/1"}],"replies":[{"embeddable":true,"href":"https:\/\/cdyuenchi.com\/es\/wp-json\/wp\/v2\/comments?post=2106"}],"version-history":[{"count":0,"href":"https:\/\/cdyuenchi.com\/es\/wp-json\/wp\/v2\/pages\/2106\/revisions"}],"wp:attachment":[{"href":"https:\/\/cdyuenchi.com\/es\/wp-json\/wp\/v2\/media?parent=2106"}],"curies":[{"name":"wp","href":"https:\/\/api.w.org\/{rel}","templated":true}]}}