{"id":2108,"date":"2021-03-26T06:46:16","date_gmt":"2021-03-26T06:46:16","guid":{"rendered":"http:\/\/localhost\/nuss\/?page_id=437"},"modified":"2025-09-09T04:32:58","modified_gmt":"2025-09-09T04:32:58","slug":"spa","status":"publish","type":"page","link":"https:\/\/cdyuenchi.com\/es\/spa\/","title":{"rendered":"Bienestar y spa"},"content":{"rendered":"<div data-elementor-type=\"wp-page\" data-elementor-id=\"2108\" class=\"elementor elementor-2108\">\n\t\t\t\t\t\t<section class=\"elementor-section elementor-top-section elementor-element elementor-element-e56a0cd elementor-section-boxed elementor-section-gap-beside-yes elementor-section-height-default elementor-section-height-default elementor-section-column-vertical-align-stretch\" data-id=\"e56a0cd\" data-element_type=\"section\" data-e-type=\"section\">\n\t\t\t\t\t\t<div class=\"elementor-container elementor-column-gap-extended\">\n\t\t\t\t\t<div class=\"elementor-column elementor-col-100 elementor-top-column elementor-element elementor-element-0b4465f\" data-id=\"0b4465f\" data-element_type=\"column\" data-e-type=\"column\">\n\t\t\t<div class=\"elementor-widget-wrap elementor-element-populated\">\n\t\t\t\t\t\t<div class=\"elementor-element elementor-element-c5bfb65 elementor-widget__width-initial elementor-invisible elementor-widget elementor-widget-text-editor\" data-id=\"c5bfb65\" data-element_type=\"widget\" data-e-type=\"widget\" data-settings=\"{&quot;_animation&quot;:&quot;nussFadeInUp&quot;}\" data-widget_type=\"text-editor.default\">\n\t\t\t\t\t\t\t\t\t<p>Sentirse sano y bien no es un lujo, sino una necesidad absoluta. Sana tu alma y tu cuerpo con nuestros tratamientos milagrosos y regresa a casa como una persona renovada, tranquila y renovada.<\/p>\t\t\t\t\t\t\t\t<\/div>\n\t\t\t\t\t<\/div>\n\t\t<\/div>\n\t\t\t\t\t<\/div>\n\t\t<\/section>\n\t\t<div class=\"elementor-element elementor-element-361df0c e-flex e-con-boxed e-con e-parent\" data-id=\"361df0c\" data-element_type=\"container\" data-e-type=\"container\">\n\t\t\t\t\t<div class=\"e-con-inner\">\n\t\t\t\t<div class=\"elementor-element elementor-element-6c1649a elementor-widget elementor-widget-image\" data-id=\"6c1649a\" data-element_type=\"widget\" data-e-type=\"widget\" data-widget_type=\"image.default\">\n\t\t\t\t\t\t\t\t\t\t\t\t\t\t\t<img fetchpriority=\"high\" decoding=\"async\" width=\"1024\" height=\"678\" src=\"https:\/\/cdyuenchi.com\/wp-content\/uploads\/2025\/09\/CD-Yuenchi-65-1024x678.webp\" class=\"attachment-large size-large wp-image-5648\" alt=\"\" srcset=\"https:\/\/cdyuenchi.com\/wp-content\/uploads\/2025\/09\/CD-Yuenchi-65-1024x678.webp 1024w, https:\/\/cdyuenchi.com\/wp-content\/uploads\/2025\/09\/CD-Yuenchi-65-300x199.webp 300w, https:\/\/cdyuenchi.com\/wp-content\/uploads\/2025\/09\/CD-Yuenchi-65-768x509.webp 768w, https:\/\/cdyuenchi.com\/wp-content\/uploads\/2025\/09\/CD-Yuenchi-65-18x12.webp 18w, https:\/\/cdyuenchi.com\/wp-content\/uploads\/2025\/09\/CD-Yuenchi-65.webp 1280w\" sizes=\"(max-width: 1024px) 100vw, 1024px\" \/>\t\t\t\t\t\t\t\t\t\t\t\t\t\t\t<\/div>\n\t\t\t\t\t<\/div>\n\t\t\t\t<\/div>\n\t\t<div class=\"elementor-element elementor-element-dc99b19 e-flex e-con-boxed e-con e-parent\" data-id=\"dc99b19\" data-element_type=\"container\" data-e-type=\"container\">\n\t\t\t\t\t<div class=\"e-con-inner\">\n\t\t\t\t<div class=\"elementor-element elementor-element-4ed5d4b elementor-widget elementor-widget-text-editor\" data-id=\"4ed5d4b\" data-element_type=\"widget\" data-e-type=\"widget\" data-widget_type=\"text-editor.default\">\n\t\t\t\t\t\t\t\t\t<p data-spm-anchor-id=\"a2ty_o01.29997173.0.i65.652bc921hbIzpS\">Ubicado en un lugar hist\u00f3rico y culturalmente rico <strong>Distrito de Qingyang<\/strong> de Chengdu, <strong>Hotel CD YUENCHI<\/strong> ofrece m\u00e1s que solo una estad\u00eda de lujo: lo invita a un mundo de bienestar hol\u00edstico a trav\u00e9s de sus instalaciones cuidadosamente dise\u00f1adas. <strong>Instalaciones de bienestar<\/strong>, donde las antiguas tradiciones curativas chinas se fusionan con la comodidad moderna y un dise\u00f1o consciente. Ubicado en <strong>No. 28 Calle Wuyuegong, Chengdu, Sichuan 610017, China<\/strong>Nuestro hotel boutique es un santuario para los sentidos, que combina a la perfecci\u00f3n la energ\u00eda vibrante de la capital de Sichuan con el ritmo sereno del cuidado personal, el rejuvenecimiento y la armon\u00eda interior.<\/p><p>En una ciudad famosa por su estilo de vida tranquilo, su amor por el t\u00e9 y su arraigada filosof\u00eda del equilibrio (<em>yin-yang<\/em>El Hotel CD YUENCHI honra el legado de tranquilidad de Chengdu ofreciendo una experiencia de bienestar integral que nutre el cuerpo, calma la mente y eleva el esp\u00edritu. Nuestras ofertas de bienestar no son una mera adici\u00f3n, sino una parte esencial de nuestra identidad, integradas en cada aspecto de su estancia.<\/p><div class=\"py-2 my-3\"><hr \/><\/div><h3><strong>Un enfoque hol\u00edstico del bienestar moderno<\/strong><\/h3><p>En el Hotel CD YUENCHI, creemos que el verdadero bienestar va m\u00e1s all\u00e1 de los spas y gimnasios: es un estilo de vida. Nuestra filosof\u00eda de bienestar se inspira en <strong>Medicina Tradicional China (MTC)<\/strong>, <strong>Principios tao\u00edstas de la armon\u00eda<\/strong>y los ritmos naturales del paisaje de Sichuan. Desde el aire que respiras hasta el t\u00e9 que saboreas, cada elemento est\u00e1 cuidadosamente seleccionado para favorecer tu bienestar f\u00edsico, emocional y energ\u00e9tico.<\/p><p>Nuestro <strong>Planta dedicada al bienestar<\/strong> Ofrece un ambiente sereno con iluminaci\u00f3n tenue, materiales naturales y una ac\u00fastica relajante, creando una atm\u00f3sfera de serena elegancia. Ya sea que se recupere de un largo viaje, busque alivio del estr\u00e9s urbano o simplemente anhele un momento de tranquilidad, nuestras instalaciones le ofrecen un refugio reparador en el coraz\u00f3n de la ciudad.<\/p><div class=\"py-2 my-3\"><hr \/><\/div><h3><strong>Tratamientos revitalizantes con ra\u00edces en la tradici\u00f3n de Sichuan<\/strong><\/h3><p>Entra en nuestro <strong>Sal\u00f3n de bienestar exclusivo<\/strong>, donde las antiguas artes curativas se reinventan para el viajero moderno. Nuestros tratamientos se basan en remedios centenarios de Sichuan, utilizando hierbas locales, aceites org\u00e1nicos y t\u00e9cnicas ancestrales transmitidas de generaci\u00f3n en generaci\u00f3n por curanderos chinos.<\/p><p>Los hu\u00e9spedes pueden disfrutar de:<\/p><ul dir=\"auto\"><li><strong>Terapia de vapor herbal de Sichuan<\/strong> \u2013 Infundido con <em>chuanxiong<\/em>, <em>duhuo<\/em>, y <em>fangfeng<\/em>Estas hierbas calentadoras promueven la circulaci\u00f3n, alivian la rigidez de las articulaciones y desintoxican el cuerpo.<\/li><li><strong>Masaje Tui Na y Acupresi\u00f3n<\/strong> \u2013 Una terapia de tejido profundo basada en principios meridianos, dise\u00f1ada para liberar la tensi\u00f3n, mejorar el flujo de energ\u00eda (<em>Qi<\/em>) y restablecer el equilibrio.<\/li><li><strong>Terapia con piedras calientes con basalto de Leshan<\/strong> \u2013 Se utilizan piedras lisas y calientes del r\u00edo Minjiang para eliminar la tensi\u00f3n muscular y promover una relajaci\u00f3n profunda.<\/li><li><strong>Rejuvenecimiento facial con productos bot\u00e1nicos de Sichuan<\/strong> \u2013 Con extractos ricos en antioxidantes de pimienta de Sichuan, madreselva y savia de bamb\u00fa, nuestros tratamientos faciales nutren y revitalizan la piel.<\/li><\/ul><p>Todos los tratamientos son administrados por <strong>profesionales de la medicina tradicional china con licencia y terapeutas certificados<\/strong>, con consultas personalizadas para adaptar cada sesi\u00f3n a tus necesidades individuales.<\/p><div class=\"py-2 my-3\"><hr \/><\/div><h3><strong>Movimiento consciente y respiraci\u00f3n en un entorno sereno<\/strong><\/h3><p>El bienestar en el Hotel CD YUENCHI no se limita a tratamientos pasivos, sino que invita a participar activamente en su propia renovaci\u00f3n. <strong>Estudio de movimiento tranquilo<\/strong>, con vistas a un patio con jard\u00edn tradicional, ofrece clases diarias de bienestar abiertas a todos los hu\u00e9spedes:<\/p><ul dir=\"auto\"><li><strong>Qi Gong matutino y Tai Chi<\/strong> \u2013 Movimientos suaves y fluidos para despertar el cuerpo, mejorar la flexibilidad y centrar la mente, acompa\u00f1ados de los suaves sonidos de un guzheng (c\u00edtara china).<\/li><li><strong>Sesiones guiadas de meditaci\u00f3n y respiraci\u00f3n<\/strong> \u2013 Dirigidas por entrenadores de mindfulness, estas sesiones ayudan a reducir el estr\u00e9s, mejorar la concentraci\u00f3n y cultivar la paz interior.<\/li><li><strong>Yoga con alma de Sichuan<\/strong> \u2013 Pr\u00e1cticas de Hatha y Yin yoga adaptadas al clima y la energ\u00eda local, utilizando esterillas ecol\u00f3gicas y aromaterapia opcional con infusi\u00f3n de t\u00e9.<\/li><\/ul><p>Tambi\u00e9n se ofrecen sesiones privadas individuales para aquellos hu\u00e9spedes que buscan orientaci\u00f3n personalizada.<\/p><div class=\"py-2 my-3\"><hr \/><\/div><h3><strong>Bienestar en la habitaci\u00f3n: comodidad que cuida<\/strong><\/h3><p>El bienestar comienza en el momento en que entras a tu habitaci\u00f3n. Cada suite est\u00e1 dise\u00f1ada con <strong>principios biof\u00edlicos<\/strong>Con acabados de madera natural, vegetaci\u00f3n interior y materiales insonorizantes, promueve un sue\u00f1o reparador y una mente m\u00e1s clara. Las comodidades adicionales de bienestar en la habitaci\u00f3n incluyen:<\/p><ul dir=\"auto\"><li><strong>Difusores de aromaterapia<\/strong> con mezclas de aceites esenciales inspiradas en la flora de Sichuan (osmanto, t\u00e9 verde, pino y bamb\u00fa)<\/li><li><strong>Kits de hierbas para dormir<\/strong> con aerosoles para almohadas, mascarillas para ojos con infusi\u00f3n de crisantemo y mezclas de t\u00e9s calmantes<\/li><li><strong>Colchonetas de yoga en la habitaci\u00f3n y sesiones digitales guiadas.<\/strong> para la pr\u00e1ctica privada<\/li><li><strong>Sistemas de iluminaci\u00f3n inteligentes<\/strong> que imitan los ciclos naturales de la luz diurna para apoyar los ritmos circadianos<\/li><\/ul><p>Los hu\u00e9spedes tambi\u00e9n pueden solicitar <strong>rituales de bienestar a la hora de dormir<\/strong>, incluyendo compresas de toallas tibias, ba\u00f1os de pies con hierbas medicinales y listas de reproducci\u00f3n de m\u00fasica relajante.<\/p><div class=\"py-2 my-3\"><hr \/><\/div><h3><strong>El Sal\u00f3n del T\u00e9 y la Tranquilidad: Bienestar a trav\u00e9s del Ritual<\/strong><\/h3><p>En el coraz\u00f3n de nuestra filosof\u00eda de bienestar se encuentra <strong>t\u00e9<\/strong>\u2014una piedra angular de la cultura de Sichuan y una poderosa herramienta para el equilibrio. Nuestra <strong>Sal\u00f3n de t\u00e9 y tranquilidad<\/strong> Es m\u00e1s que un caf\u00e9: es un espacio para la pausa consciente, la reflexi\u00f3n y la sanaci\u00f3n.<\/p><p>Aqu\u00ed los invitados participan en:<\/p><ul dir=\"auto\"><li><strong>Ceremonias tradicionales del t\u00e9 Gongfu<\/strong> \u2013 Dirigidos por un maestro de t\u00e9 residente, estos rituales \u00edntimos resaltan t\u00e9s raros de la monta\u00f1a Mengding, Emei y Ya&#039;an.<\/li><li><strong>Maridajes de t\u00e9s terap\u00e9uticos<\/strong> \u2013 Mezclas personalizadas dise\u00f1adas para favorecer la digesti\u00f3n, la inmunidad, la relajaci\u00f3n o la energ\u00eda, servidas con refrigerios ligeros y nutritivos.<\/li><li><strong>Consultas de hierbas<\/strong> \u2013 Bas\u00e1ndonos en los principios de la medicina tradicional china, nuestros anfitriones de bienestar recomiendan infusiones de hierbas que se adaptan a su constituci\u00f3n y necesidades estacionales.<\/li><\/ul><p>Los rituales del t\u00e9 de la tarde a menudo incluyen m\u00fasica guqin en vivo o lecturas de poes\u00eda, convirtiendo el bienestar en una experiencia cultural multisensorial.<\/p><div class=\"py-2 my-3\"><hr \/><\/div><h3><strong>Bienestar sostenible: Cuidando de ti y del planeta<\/strong><\/h3><p>Nuestro compromiso con el bienestar va m\u00e1s all\u00e1 del hu\u00e9sped: abarca el medio ambiente y la comunidad. El Hotel CD YUENCHI se enorgullece de ser un <strong>destino de bienestar sostenible<\/strong>, con pr\u00e1cticas ecoconscientes como:<\/p><ul dir=\"auto\"><li><strong>Cero pl\u00e1sticos de un solo uso<\/strong> en \u00e1reas de bienestar<\/li><li><strong>Productos de tratamiento org\u00e1nicos y libres de crueldad animal.<\/strong> Hecho con bot\u00e1nicos de Sichuan<\/li><li><strong>Salas de vapor que ahorran agua<\/strong> y control de climatizaci\u00f3n energ\u00e9ticamente eficiente<\/li><li><strong>Asociaciones con granjas de hierbas locales<\/strong> que practican la agricultura regenerativa<\/li><\/ul><p>Tambi\u00e9n apoyamos iniciativas de bienestar en la comunidad local, incluidas clases gratuitas de tai chi para personas mayores y colaboraciones con los hospitales de medicina tradicional china de Chengdu.<\/p><div class=\"py-2 my-3\"><hr \/><\/div><h3><strong>Un viaje de bienestar exclusivo de Chengdu<\/strong><\/h3><p>Lo que distingue a nuestras instalaciones de bienestar es su <strong>conexi\u00f3n profunda con el lugar<\/strong>Esta no es una experiencia de spa cualquiera; refleja el alma de Sichuan. Desde el aroma a pimienta de Sichuan en el aire hasta el crujido del bamb\u00fa en el patio, cada detalle te sumerge en la energ\u00eda curativa de la regi\u00f3n.<\/p><p>Ya sea que est\u00e9 aqu\u00ed para un retiro de rejuvenecimiento de 3 d\u00edas, un reinicio posterior a la conferencia o simplemente una tarde tranquila de cuidado personal, las instalaciones de bienestar en <strong>Hotel CD YUENCHI<\/strong> Ofrecer un regalo poco com\u00fan en el acelerado mundo actual: <strong>Es hora de respirar, recuperarse y recordar lo que significa sentirse realmente bien.<\/strong>.<\/p><div class=\"py-2 my-3\"><hr \/><\/div><p data-spm-anchor-id=\"a2ty_o01.29997173.0.i64.652bc921hbIzpS\"><strong>Hotel CD YUENCHI \u2013 Donde la sabidur\u00eda antigua se encuentra con la serenidad moderna.<\/strong><br \/>Descubra un nuevo est\u00e1ndar de hospitalidad hol\u00edstica en el coraz\u00f3n de Chengdu.<br \/>Tu viaje hacia el equilibrio comienza aqu\u00ed.<\/p>\t\t\t\t\t\t\t\t<\/div>\n\t\t\t\t\t<\/div>\n\t\t\t\t<\/div>\n\t\t<div class=\"elementor-element elementor-element-147dd70 e-flex e-con-boxed e-con e-parent\" data-id=\"147dd70\" data-element_type=\"container\" data-e-type=\"container\">\n\t\t\t\t\t<div class=\"e-con-inner\">\n\t\t\t\t<div class=\"elementor-element elementor-element-838c9a3 elementor-widget elementor-widget-image\" data-id=\"838c9a3\" data-element_type=\"widget\" data-e-type=\"widget\" data-widget_type=\"image.default\">\n\t\t\t\t\t\t\t\t\t\t\t\t\t\t\t<img decoding=\"async\" width=\"724\" height=\"853\" src=\"https:\/\/cdyuenchi.com\/wp-content\/uploads\/2025\/09\/CD-Yuenchi-76.webp\" class=\"attachment-large size-large wp-image-5659\" alt=\"\" srcset=\"https:\/\/cdyuenchi.com\/wp-content\/uploads\/2025\/09\/CD-Yuenchi-76.webp 724w, https:\/\/cdyuenchi.com\/wp-content\/uploads\/2025\/09\/CD-Yuenchi-76-255x300.webp 255w, https:\/\/cdyuenchi.com\/wp-content\/uploads\/2025\/09\/CD-Yuenchi-76-10x12.webp 10w\" sizes=\"(max-width: 724px) 100vw, 724px\" \/>\t\t\t\t\t\t\t\t\t\t\t\t\t\t\t<\/div>\n\t\t\t\t\t<\/div>\n\t\t\t\t<\/div>\n\t\t\t\t<section class=\"elementor-section elementor-top-section elementor-element elementor-element-386501e9 elementor-section-stretched elementor-section-boxed elementor-section-gap-beside-yes elementor-section-height-default elementor-section-height-default elementor-section-column-vertical-align-stretch\" data-id=\"386501e9\" data-element_type=\"section\" data-e-type=\"section\" data-settings=\"{&quot;background_background&quot;:&quot;classic&quot;,&quot;stretch_section&quot;:&quot;section-stretched&quot;}\">\n\t\t\t\t\t\t<div class=\"elementor-container elementor-column-gap-extended\">\n\t\t\t\t\t<div class=\"elementor-column elementor-col-100 elementor-top-column elementor-element elementor-element-7c0b945e\" data-id=\"7c0b945e\" data-element_type=\"column\" data-e-type=\"column\">\n\t\t\t<div class=\"elementor-widget-wrap elementor-element-populated\">\n\t\t\t\t\t\t<div class=\"elementor-element elementor-element-1742f277 elementor-widget elementor-widget-nuss-heading\" data-id=\"1742f277\" data-element_type=\"widget\" data-e-type=\"widget\" data-widget_type=\"nuss-heading.default\">\n\t\t\t\t<div class=\"elementor-widget-container\">\n\t\t\t\t\t\t\t<div class=\"nuss-modern-heading\">\r\n\t\t\t\r\n\t\t\t\t\t\t<div class=\"heading-primary-wrap\">\r\n\t\t\t\t<h2 class=\"heading-primary elementor-heading-title\">Consultar disponibilidad <\/h2>\t\t\t<\/div>\r\n\t\t\r\n\t\t\t\r\n\t\t\t\t\t<\/div>\r\n\t\t\t\t\t<\/div>\n\t\t\t\t<\/div>\n\t\t\t\t<div class=\"elementor-element elementor-element-3c1690a7 elementor-widget elementor-widget-text-editor\" data-id=\"3c1690a7\" data-element_type=\"widget\" data-e-type=\"widget\" data-widget_type=\"text-editor.default\">\n\t\t\t\t\t\t\t\t\t<iframe border=\"0\" src=\"https:\/\/www.trip.com\/partners\/ad\/S5278611?Allianceid=4590391&#038;SID=257375959&#038;trip_sub1=\" style=\"width:900px;height:200px\" frameborder=\"0\" scrolling=\"no\" id=\"S5278611\"><\/iframe>\t\t\t\t\t\t\t\t<\/div>\n\t\t\t\t\t<\/div>\n\t\t<\/div>\n\t\t\t\t\t<\/div>\n\t\t<\/section>\n\t\t\t\t<\/div>","protected":false},"excerpt":{"rendered":"<p>Feeling healthy and well is not a luxury but an absolute necessity. Heal both your soul and body with our miraculous treatments and return home as a new person, calm and refreshed. Nestled in the historic and culturally rich Qingyang District of Chengdu, Hotel CD YUENCHI offers more than just a luxurious stay\u2014it invites you [&hellip;]<\/p>\n","protected":false},"author":1,"featured_media":0,"parent":0,"menu_order":0,"comment_status":"closed","ping_status":"closed","template":"","meta":{"footnotes":""},"class_list":["post-2108","page","type-page","status-publish","hentry","post-no-thumbnail"],"_links":{"self":[{"href":"https:\/\/cdyuenchi.com\/es\/wp-json\/wp\/v2\/pages\/2108","targetHints":{"allow":["GET"]}}],"collection":[{"href":"https:\/\/cdyuenchi.com\/es\/wp-json\/wp\/v2\/pages"}],"about":[{"href":"https:\/\/cdyuenchi.com\/es\/wp-json\/wp\/v2\/types\/page"}],"author":[{"embeddable":true,"href":"https:\/\/cdyuenchi.com\/es\/wp-json\/wp\/v2\/users\/1"}],"replies":[{"embeddable":true,"href":"https:\/\/cdyuenchi.com\/es\/wp-json\/wp\/v2\/comments?post=2108"}],"version-history":[{"count":0,"href":"https:\/\/cdyuenchi.com\/es\/wp-json\/wp\/v2\/pages\/2108\/revisions"}],"wp:attachment":[{"href":"https:\/\/cdyuenchi.com\/es\/wp-json\/wp\/v2\/media?parent=2108"}],"curies":[{"name":"wp","href":"https:\/\/api.w.org\/{rel}","templated":true}]}}