{"id":5266,"date":"2021-07-18T08:03:35","date_gmt":"2021-07-18T08:03:35","guid":{"rendered":"https:\/\/nuss.uxper.co\/luxury-resort\/?page_id=5266"},"modified":"2025-09-09T03:05:59","modified_gmt":"2025-09-09T03:05:59","slug":"sobre-nosotros","status":"publish","type":"page","link":"https:\/\/cdyuenchi.com\/es\/about-us\/","title":{"rendered":"Sobre nosotros"},"content":{"rendered":"<div data-elementor-type=\"wp-page\" data-elementor-id=\"5266\" class=\"elementor elementor-5266\">\n\t\t\t\t\t\t<section class=\"elementor-section elementor-top-section elementor-element elementor-element-10416953 elementor-section-boxed elementor-section-gap-beside-yes elementor-section-height-default elementor-section-height-default elementor-section-column-vertical-align-stretch\" data-id=\"10416953\" data-element_type=\"section\" data-e-type=\"section\">\n\t\t\t\t\t\t<div class=\"elementor-container elementor-column-gap-extended\">\n\t\t\t\t\t<div class=\"elementor-column elementor-col-100 elementor-top-column elementor-element elementor-element-29c6aa8\" data-id=\"29c6aa8\" data-element_type=\"column\" data-e-type=\"column\">\n\t\t\t<div class=\"elementor-widget-wrap elementor-element-populated\">\n\t\t\t\t\t\t<div class=\"elementor-element elementor-element-7be18fe7 elementor-widget__width-initial elementor-invisible elementor-widget elementor-widget-text-editor\" data-id=\"7be18fe7\" data-element_type=\"widget\" data-e-type=\"widget\" data-settings=\"{&quot;_animation&quot;:&quot;nussFadeInUp&quot;}\" data-widget_type=\"text-editor.default\">\n\t\t\t\t\t\t\t\t\t<p>Ubicado en el vibrante coraz\u00f3n del hist\u00f3rico distrito Qingyang de Chengdu, <strong>Hotel CD YUENCHI<\/strong> Es una combinaci\u00f3n armoniosa de elegancia moderna y encanto tradicional de Sichuan.<\/p>\t\t\t\t\t\t\t\t<\/div>\n\t\t\t\t\t<\/div>\n\t\t<\/div>\n\t\t\t\t\t<\/div>\n\t\t<\/section>\n\t\t\t\t<section class=\"elementor-section elementor-top-section elementor-element elementor-element-7d18327f elementor-section-boxed elementor-section-gap-beside-yes elementor-section-height-default elementor-section-height-default elementor-section-column-vertical-align-stretch\" data-id=\"7d18327f\" data-element_type=\"section\" data-e-type=\"section\">\n\t\t\t\t\t\t<div class=\"elementor-container elementor-column-gap-extended\">\n\t\t\t\t\t<div class=\"elementor-column elementor-col-50 elementor-top-column elementor-element elementor-element-56533670\" data-id=\"56533670\" data-element_type=\"column\" data-e-type=\"column\">\n\t\t\t<div class=\"elementor-widget-wrap elementor-element-populated\">\n\t\t\t\t\t\t<div class=\"elementor-element elementor-element-19c3f543 elementor-invisible elementor-widget elementor-widget-text-editor\" data-id=\"19c3f543\" data-element_type=\"widget\" data-e-type=\"widget\" data-settings=\"{&quot;_animation&quot;:&quot;nussFadeInUp&quot;}\" data-widget_type=\"text-editor.default\">\n\t\t\t\t\t\t\t\t\t<p>Ubicado en <strong>No. 28 Calle Wuyuegong, Chengdu, Sichuan 610017, China<\/strong>Este hotel boutique ofrece a los viajeros m\u00e1s exigentes un remanso de paz a pocos pasos de los lugares de inter\u00e9s cultural m\u00e1s emblem\u00e1ticos de la ciudad, los animados distritos comerciales y los atractivos gastron\u00f3micos. Ya sea que visite Chengdu por negocios, placer o para explorar los famosos santuarios de pandas gigantes, el Hotel CD YUENCHI ofrece un punto de partida inigualable para experimentar el dinamismo de una de las ciudades m\u00e1s habitables de China.<\/p>\t\t\t\t\t\t\t\t<\/div>\n\t\t\t\t\t<\/div>\n\t\t<\/div>\n\t\t\t\t<div class=\"elementor-column elementor-col-50 elementor-top-column elementor-element elementor-element-30f14127\" data-id=\"30f14127\" data-element_type=\"column\" data-e-type=\"column\">\n\t\t\t<div class=\"elementor-widget-wrap elementor-element-populated\">\n\t\t\t\t\t\t<div class=\"elementor-element elementor-element-9d28533 elementor-widget elementor-widget-image\" data-id=\"9d28533\" data-element_type=\"widget\" data-e-type=\"widget\" data-widget_type=\"image.default\">\n\t\t\t\t\t\t\t\t\t\t\t\t\t\t\t<img fetchpriority=\"high\" decoding=\"async\" width=\"1024\" height=\"682\" src=\"https:\/\/cdyuenchi.com\/wp-content\/uploads\/2025\/09\/CD-Yuenchi-103-1024x682.webp\" class=\"attachment-large size-large wp-image-5579\" alt=\"\" srcset=\"https:\/\/cdyuenchi.com\/wp-content\/uploads\/2025\/09\/CD-Yuenchi-103-1024x682.webp 1024w, https:\/\/cdyuenchi.com\/wp-content\/uploads\/2025\/09\/CD-Yuenchi-103-300x200.webp 300w, https:\/\/cdyuenchi.com\/wp-content\/uploads\/2025\/09\/CD-Yuenchi-103-768x512.webp 768w, https:\/\/cdyuenchi.com\/wp-content\/uploads\/2025\/09\/CD-Yuenchi-103-18x12.webp 18w, https:\/\/cdyuenchi.com\/wp-content\/uploads\/2025\/09\/CD-Yuenchi-103.webp 1280w\" sizes=\"(max-width: 1024px) 100vw, 1024px\" \/>\t\t\t\t\t\t\t\t\t\t\t\t\t\t\t<\/div>\n\t\t\t\t\t<\/div>\n\t\t<\/div>\n\t\t\t\t\t<\/div>\n\t\t<\/section>\n\t\t\t\t<section class=\"elementor-section elementor-top-section elementor-element elementor-element-29fb8578 elementor-section-height-min-height elementor-section-stretched elementor-section-full_width elementor-section-items-stretch elementor-section-height-default elementor-section-column-vertical-align-stretch\" data-id=\"29fb8578\" data-element_type=\"section\" data-e-type=\"section\" data-settings=\"{&quot;stretch_section&quot;:&quot;section-stretched&quot;}\">\n\t\t\t\t\t\t<div class=\"elementor-container elementor-column-gap-no\">\n\t\t\t\t\t<div class=\"elementor-column elementor-col-50 elementor-top-column elementor-element elementor-element-40ac270b\" data-id=\"40ac270b\" data-element_type=\"column\" data-e-type=\"column\">\n\t\t\t<div class=\"elementor-widget-wrap elementor-element-populated\">\n\t\t\t\t\t\t<div class=\"elementor-element elementor-element-20872773 elementor-widget__width-initial elementor-widget-mobile__width-inherit elementor-invisible nuss-elementor-loading nuss-slide-in-right elementor-widget elementor-widget-image\" data-id=\"20872773\" data-element_type=\"widget\" data-e-type=\"widget\" data-settings=\"{&quot;_animation&quot;:&quot;nussSlideInRight&quot;}\" data-widget_type=\"image.default\">\n\t\t\t\t\t\t\t\t\t\t\t\t\t\t\t<img decoding=\"async\" width=\"1139\" height=\"853\" src=\"https:\/\/cdyuenchi.com\/wp-content\/uploads\/2025\/09\/CD-Yuenchi-3.webp\" class=\"attachment-full size-full wp-image-5585\" alt=\"\" srcset=\"https:\/\/cdyuenchi.com\/wp-content\/uploads\/2025\/09\/CD-Yuenchi-3.webp 1139w, https:\/\/cdyuenchi.com\/wp-content\/uploads\/2025\/09\/CD-Yuenchi-3-300x225.webp 300w, https:\/\/cdyuenchi.com\/wp-content\/uploads\/2025\/09\/CD-Yuenchi-3-1024x767.webp 1024w, https:\/\/cdyuenchi.com\/wp-content\/uploads\/2025\/09\/CD-Yuenchi-3-768x575.webp 768w, https:\/\/cdyuenchi.com\/wp-content\/uploads\/2025\/09\/CD-Yuenchi-3-16x12.webp 16w\" sizes=\"(max-width: 1139px) 100vw, 1139px\" \/>\t\t\t\t\t\t\t\t\t\t\t\t\t\t\t<\/div>\n\t\t\t\t\t<\/div>\n\t\t<\/div>\n\t\t\t\t<div class=\"elementor-column elementor-col-50 elementor-top-column elementor-element elementor-element-2dac103\" data-id=\"2dac103\" data-element_type=\"column\" data-e-type=\"column\">\n\t\t\t<div class=\"elementor-widget-wrap elementor-element-populated\">\n\t\t\t\t\t\t<div class=\"elementor-element elementor-element-6f1b8966 elementor-invisible elementor-widget elementor-widget-text-editor\" data-id=\"6f1b8966\" data-element_type=\"widget\" data-e-type=\"widget\" data-settings=\"{&quot;_animation&quot;:&quot;nussFadeInUp&quot;}\" data-widget_type=\"text-editor.default\">\n\t\t\t\t\t\t\t\t\t<p>Chengdu, capital de la provincia de Sichuan, es famosa por su rica historia, patrimonio cultural declarado por la UNESCO y su gastronom\u00eda de fama mundial, en especial sus picantes granos de pimienta de Sichuan y su exquisita olla caliente. En el Hotel CD YUENCHI, los hu\u00e9spedes se encuentran en una ubicaci\u00f3n ideal para sumergirse en este singular entramado cultural. Su c\u00e9ntrica ubicaci\u00f3n en la calle Wuyuegong les permite acceder f\u00e1cilmente a importantes atracciones como el Santuario Wuhou, la antigua calle Jinli, el callej\u00f3n Kuanzhai y el Parque del Pueblo de Chengdu, a la vez que se encuentra a poca distancia en coche de la Plaza Financiera Internacional de Chengdu (IFS) y del distrito comercial de Chunxi Road.<\/p>\t\t\t\t\t\t\t\t<\/div>\n\t\t\t\t\t<\/div>\n\t\t<\/div>\n\t\t\t\t\t<\/div>\n\t\t<\/section>\n\t\t\t\t<section class=\"elementor-section elementor-top-section elementor-element elementor-element-8eea303 elementor-section-height-min-height elementor-section-stretched elementor-section-full_width elementor-section-items-stretch elementor-section-height-default elementor-section-column-vertical-align-stretch\" data-id=\"8eea303\" data-element_type=\"section\" data-e-type=\"section\" data-settings=\"{&quot;stretch_section&quot;:&quot;section-stretched&quot;}\">\n\t\t\t\t\t\t<div class=\"elementor-container elementor-column-gap-no\">\n\t\t\t\t\t<div class=\"elementor-column elementor-col-50 elementor-top-column elementor-element elementor-element-2686052\" data-id=\"2686052\" data-element_type=\"column\" data-e-type=\"column\">\n\t\t\t<div class=\"elementor-widget-wrap elementor-element-populated\">\n\t\t\t\t\t\t<div class=\"elementor-element elementor-element-522574b elementor-invisible elementor-widget elementor-widget-text-editor\" data-id=\"522574b\" data-element_type=\"widget\" data-e-type=\"widget\" data-settings=\"{&quot;_animation&quot;:&quot;nussFadeInUp&quot;}\" data-widget_type=\"text-editor.default\">\n\t\t\t\t\t\t\t\t\t<p data-spm-anchor-id=\"a2ty_o01.29997173.0.i9.652bc921hbIzpS\">M\u00e1s que un simple lugar para descansar, el Hotel CD YUENCHI es un santuario urbano cuidadosamente dise\u00f1ado que refleja el alma de Chengdu. Desde el momento en que cruza su acogedora entrada, le recibe una atm\u00f3sfera de refinada tranquilidad, donde el dise\u00f1o contempor\u00e1neo se fusiona con sutiles toques de arte local. Cada habitaci\u00f3n y suite est\u00e1 meticulosamente dise\u00f1ada pensando en la comodidad y el estilo, con ropa de cama de lujo, tecnolog\u00eda inteligente y vistas panor\u00e1micas del paisaje urbano o a los tranquilos patios interiores. Servicios de primera clase, como wifi de alta velocidad, servicio de conserjer\u00eda 24 horas, restaurantes en el hotel con aut\u00e9nticos sabores de Sichuan y pr\u00e1cticas ecol\u00f3gicas, garantizan una experiencia impecable y sostenible.<\/p><div class=\"my-2\">\u00a0<\/div><p>Ideal tanto para viajeros de placer como de negocios, el Hotel CD YUENCHI combina accesibilidad y exclusividad. Su proximidad a los principales centros de transporte, como el Aeropuerto Internacional de Chengdu Shuangliu y el eficiente sistema de metro de la ciudad, facilita la llegada y el recorrido. Por otro lado, los vers\u00e1tiles espacios para reuniones y servicios de negocios del hotel son ideales para los hu\u00e9spedes corporativos que buscan productividad en un entorno tranquilo.<\/p>\t\t\t\t\t\t\t\t<\/div>\n\t\t\t\t\t<\/div>\n\t\t<\/div>\n\t\t\t\t<div class=\"elementor-column elementor-col-50 elementor-top-column elementor-element elementor-element-e1ede14\" data-id=\"e1ede14\" data-element_type=\"column\" data-e-type=\"column\">\n\t\t\t<div class=\"elementor-widget-wrap elementor-element-populated\">\n\t\t\t\t\t\t<div class=\"elementor-element elementor-element-ef9a6c4 elementor-widget__width-initial elementor-widget-mobile__width-inherit elementor-invisible nuss-elementor-loading nuss-slide-in-right elementor-widget elementor-widget-image\" data-id=\"ef9a6c4\" data-element_type=\"widget\" data-e-type=\"widget\" data-settings=\"{&quot;_animation&quot;:&quot;nussSlideInRight&quot;}\" data-widget_type=\"image.default\">\n\t\t\t\t\t\t\t\t\t\t\t\t\t\t\t<img decoding=\"async\" width=\"1280\" height=\"810\" src=\"https:\/\/cdyuenchi.com\/wp-content\/uploads\/2025\/09\/CD-Yuenchi-10.webp\" class=\"attachment-full size-full wp-image-5593\" alt=\"\" srcset=\"https:\/\/cdyuenchi.com\/wp-content\/uploads\/2025\/09\/CD-Yuenchi-10.webp 1280w, https:\/\/cdyuenchi.com\/wp-content\/uploads\/2025\/09\/CD-Yuenchi-10-300x190.webp 300w, https:\/\/cdyuenchi.com\/wp-content\/uploads\/2025\/09\/CD-Yuenchi-10-1024x648.webp 1024w, https:\/\/cdyuenchi.com\/wp-content\/uploads\/2025\/09\/CD-Yuenchi-10-768x486.webp 768w, https:\/\/cdyuenchi.com\/wp-content\/uploads\/2025\/09\/CD-Yuenchi-10-18x12.webp 18w\" sizes=\"(max-width: 1280px) 100vw, 1280px\" \/>\t\t\t\t\t\t\t\t\t\t\t\t\t\t\t<\/div>\n\t\t\t\t\t<\/div>\n\t\t<\/div>\n\t\t\t\t\t<\/div>\n\t\t<\/section>\n\t\t\t\t<section class=\"elementor-section elementor-top-section elementor-element elementor-element-0f035b6 elementor-section-height-min-height elementor-section-stretched elementor-section-full_width elementor-section-items-stretch elementor-section-height-default elementor-section-column-vertical-align-stretch\" data-id=\"0f035b6\" data-element_type=\"section\" data-e-type=\"section\" data-settings=\"{&quot;stretch_section&quot;:&quot;section-stretched&quot;}\">\n\t\t\t\t\t\t<div class=\"elementor-container elementor-column-gap-no\">\n\t\t\t\t\t<div class=\"elementor-column elementor-col-50 elementor-top-column elementor-element elementor-element-5d6cdf8\" data-id=\"5d6cdf8\" data-element_type=\"column\" data-e-type=\"column\">\n\t\t\t<div class=\"elementor-widget-wrap elementor-element-populated\">\n\t\t\t\t\t\t<div class=\"elementor-element elementor-element-02953f4 elementor-widget__width-initial elementor-widget-mobile__width-inherit elementor-invisible nuss-elementor-loading nuss-slide-in-right elementor-widget elementor-widget-image\" data-id=\"02953f4\" data-element_type=\"widget\" data-e-type=\"widget\" data-settings=\"{&quot;_animation&quot;:&quot;nussSlideInRight&quot;}\" data-widget_type=\"image.default\">\n\t\t\t\t\t\t\t\t\t\t\t\t\t\t\t<img loading=\"lazy\" decoding=\"async\" width=\"1280\" height=\"853\" src=\"https:\/\/cdyuenchi.com\/wp-content\/uploads\/2025\/09\/CD-Yuenchi-85.webp\" class=\"attachment-full size-full wp-image-5668\" alt=\"\" srcset=\"https:\/\/cdyuenchi.com\/wp-content\/uploads\/2025\/09\/CD-Yuenchi-85.webp 1280w, https:\/\/cdyuenchi.com\/wp-content\/uploads\/2025\/09\/CD-Yuenchi-85-300x200.webp 300w, https:\/\/cdyuenchi.com\/wp-content\/uploads\/2025\/09\/CD-Yuenchi-85-1024x682.webp 1024w, https:\/\/cdyuenchi.com\/wp-content\/uploads\/2025\/09\/CD-Yuenchi-85-768x512.webp 768w, https:\/\/cdyuenchi.com\/wp-content\/uploads\/2025\/09\/CD-Yuenchi-85-18x12.webp 18w\" sizes=\"(max-width: 1280px) 100vw, 1280px\" \/>\t\t\t\t\t\t\t\t\t\t\t\t\t\t\t<\/div>\n\t\t\t\t\t<\/div>\n\t\t<\/div>\n\t\t\t\t<div class=\"elementor-column elementor-col-50 elementor-top-column elementor-element elementor-element-e4b0670\" data-id=\"e4b0670\" data-element_type=\"column\" data-e-type=\"column\">\n\t\t\t<div class=\"elementor-widget-wrap elementor-element-populated\">\n\t\t\t\t\t\t<div class=\"elementor-element elementor-element-4cfec7a elementor-invisible elementor-widget elementor-widget-text-editor\" data-id=\"4cfec7a\" data-element_type=\"widget\" data-e-type=\"widget\" data-settings=\"{&quot;_animation&quot;:&quot;nussFadeInUp&quot;}\" data-widget_type=\"text-editor.default\">\n\t\t\t\t\t\t\t\t\t<p>Como opci\u00f3n de alojamiento de primera clase en el distrito de Qingyang, el Hotel CD YUENCHI es m\u00e1s que un simple hotel: es una puerta de entrada a la aut\u00e9ntica Chengdu. Ya sea tomando un t\u00e9 en un sal\u00f3n tradicional, paseando por templos centenarios o deleit\u00e1ndose con un picante mapo tofu en un restaurante local, su estancia en el Hotel CD YUENCHI enriquecer\u00e1 cada momento con comodidad, conveniencia y conexi\u00f3n cultural. Descubra la calidez de la hospitalidad de Sichuan, el pulso de una metr\u00f3polis pr\u00f3spera y el tranquilo lujo de una escapada boutique, todo desde el coraz\u00f3n de una de las ciudades m\u00e1s cautivadoras de China. Bienvenido al Hotel CD YUENCHI, donde la tradici\u00f3n se une al futuro.<\/p>\t\t\t\t\t\t\t\t<\/div>\n\t\t\t\t\t<\/div>\n\t\t<\/div>\n\t\t\t\t\t<\/div>\n\t\t<\/section>\n\t\t\t\t<section class=\"elementor-section elementor-top-section elementor-element elementor-element-2092b7d0 elementor-section-stretched elementor-section-boxed elementor-section-gap-beside-yes elementor-section-height-default elementor-section-height-default elementor-section-column-vertical-align-stretch\" data-id=\"2092b7d0\" data-element_type=\"section\" data-e-type=\"section\" data-settings=\"{&quot;background_background&quot;:&quot;classic&quot;,&quot;stretch_section&quot;:&quot;section-stretched&quot;}\">\n\t\t\t\t\t\t<div class=\"elementor-container elementor-column-gap-extended\">\n\t\t\t\t\t<div class=\"elementor-column elementor-col-100 elementor-top-column elementor-element elementor-element-be69d75\" data-id=\"be69d75\" data-element_type=\"column\" data-e-type=\"column\">\n\t\t\t<div class=\"elementor-widget-wrap elementor-element-populated\">\n\t\t\t\t\t\t<div class=\"elementor-element elementor-element-efd82ec elementor-widget elementor-widget-nuss-heading\" data-id=\"efd82ec\" data-element_type=\"widget\" data-e-type=\"widget\" data-widget_type=\"nuss-heading.default\">\n\t\t\t\t<div class=\"elementor-widget-container\">\n\t\t\t\t\t\t\t<div class=\"nuss-modern-heading\">\r\n\t\t\t\r\n\t\t\t\t\t\t<div class=\"heading-primary-wrap\">\r\n\t\t\t\t<h2 class=\"heading-primary elementor-heading-title\">Consultar disponibilidad <\/h2>\t\t\t<\/div>\r\n\t\t\r\n\t\t\t\r\n\t\t\t\t\t<\/div>\r\n\t\t\t\t\t<\/div>\n\t\t\t\t<\/div>\n\t\t\t\t<div class=\"elementor-element elementor-element-a675632 elementor-widget elementor-widget-text-editor\" data-id=\"a675632\" data-element_type=\"widget\" data-e-type=\"widget\" data-widget_type=\"text-editor.default\">\n\t\t\t\t\t\t\t\t\t<iframe border=\"0\" src=\"https:\/\/www.trip.com\/partners\/ad\/S5278611?Allianceid=4590391&#038;SID=257375959&#038;trip_sub1=\" style=\"width:900px;height:200px\" frameborder=\"0\" scrolling=\"no\" id=\"S5278611\"><\/iframe>\t\t\t\t\t\t\t\t<\/div>\n\t\t\t\t\t<\/div>\n\t\t<\/div>\n\t\t\t\t\t<\/div>\n\t\t<\/section>\n\t\t\t\t<\/div>","protected":false},"excerpt":{"rendered":"<p>Nestled in the vibrant heart of Chengdu\u2019s historic Qingyang District, Hotel CD YUENCHI stands as a harmonious blend of modern elegance and traditional Sichuan charm. Located at No. 28 Wuyuegong Street, Chengdu, Sichuan 610017, China, this boutique hotel offers discerning travelers a serene retreat just steps away from the city\u2019s most iconic cultural landmarks, bustling [&hellip;]<\/p>\n","protected":false},"author":1,"featured_media":0,"parent":0,"menu_order":0,"comment_status":"closed","ping_status":"closed","template":"","meta":{"footnotes":""},"class_list":["post-5266","page","type-page","status-publish","hentry","post-no-thumbnail"],"_links":{"self":[{"href":"https:\/\/cdyuenchi.com\/es\/wp-json\/wp\/v2\/pages\/5266","targetHints":{"allow":["GET"]}}],"collection":[{"href":"https:\/\/cdyuenchi.com\/es\/wp-json\/wp\/v2\/pages"}],"about":[{"href":"https:\/\/cdyuenchi.com\/es\/wp-json\/wp\/v2\/types\/page"}],"author":[{"embeddable":true,"href":"https:\/\/cdyuenchi.com\/es\/wp-json\/wp\/v2\/users\/1"}],"replies":[{"embeddable":true,"href":"https:\/\/cdyuenchi.com\/es\/wp-json\/wp\/v2\/comments?post=5266"}],"version-history":[{"count":0,"href":"https:\/\/cdyuenchi.com\/es\/wp-json\/wp\/v2\/pages\/5266\/revisions"}],"wp:attachment":[{"href":"https:\/\/cdyuenchi.com\/es\/wp-json\/wp\/v2\/media?parent=5266"}],"curies":[{"name":"wp","href":"https:\/\/api.w.org\/{rel}","templated":true}]}}