{"id":612,"date":"2021-03-26T10:04:13","date_gmt":"2021-03-26T10:04:13","guid":{"rendered":"http:\/\/localhost\/nuss\/?page_id=612"},"modified":"2025-09-09T04:02:17","modified_gmt":"2025-09-09T04:02:17","slug":"restaurante","status":"publish","type":"page","link":"https:\/\/cdyuenchi.com\/es\/restaurant\/","title":{"rendered":"Restaurante"},"content":{"rendered":"<div data-elementor-type=\"wp-page\" data-elementor-id=\"612\" class=\"elementor elementor-612\">\n\t\t\t\t\t\t<section class=\"elementor-section elementor-top-section elementor-element elementor-element-e2effe8 elementor-section-boxed elementor-section-gap-beside-yes elementor-section-height-default elementor-section-height-default elementor-section-column-vertical-align-stretch\" data-id=\"e2effe8\" data-element_type=\"section\" data-e-type=\"section\">\n\t\t\t\t\t\t<div class=\"elementor-container elementor-column-gap-extended\">\n\t\t\t\t\t<div class=\"elementor-column elementor-col-100 elementor-top-column elementor-element elementor-element-e18f688\" data-id=\"e18f688\" data-element_type=\"column\" data-e-type=\"column\">\n\t\t\t<div class=\"elementor-widget-wrap elementor-element-populated\">\n\t\t\t\t\t\t<div class=\"elementor-element elementor-element-6db146d elementor-widget__width-initial elementor-invisible elementor-widget elementor-widget-text-editor\" data-id=\"6db146d\" data-element_type=\"widget\" data-e-type=\"widget\" data-settings=\"{&quot;_animation&quot;:&quot;nussFadeInUp&quot;}\" data-widget_type=\"text-editor.default\">\n\t\t\t\t\t\t\t\t\t<p><strong data-spm-anchor-id=\"a2ty_o01.29997173.0.i51.652bc921hbIzpS\">Disfrute del alma de Sichuan: un exquisito viaje culinario en el restaurante del Hotel CD YUENCHI, Chengdu<\/strong><\/p>\t\t\t\t\t\t\t\t<\/div>\n\t\t\t\t\t<\/div>\n\t\t<\/div>\n\t\t\t\t\t<\/div>\n\t\t<\/section>\n\t\t<div class=\"elementor-element elementor-element-9af90e5 e-flex e-con-boxed e-con e-parent\" data-id=\"9af90e5\" data-element_type=\"container\" data-e-type=\"container\">\n\t\t\t\t\t<div class=\"e-con-inner\">\n\t\t\t\t<div class=\"elementor-element elementor-element-f5c22c6 elementor-widget elementor-widget-nuss-image-gallery\" data-id=\"f5c22c6\" data-element_type=\"widget\" data-e-type=\"widget\" data-widget_type=\"nuss-image-gallery.default\">\n\t\t\t\t<div class=\"elementor-widget-container\">\n\t\t\t\t\t\t\t<div class=\"nuss-grid-wrapper\" data-grid=\"{&quot;type&quot;:&quot;grid&quot;,&quot;ratio&quot;:null,&quot;columns&quot;:3,&quot;gutter&quot;:30}\">\r\n\t\t\t<div class=\"nuss-grid lazy-grid\">\r\n\t\t\t\t<div class=\"grid-sizer\"><\/div>\r\n\r\n\t\t\t\t\t\t\t\t\t\t\t\t<div class=\"grid-item\">\r\n\t\t\t\t\t\t<div class=\"nuss-box\">\t\t<div class=\"nuss-image image\">\r\n\t\t\t<img decoding=\"async\"  src=\"https:\/\/cdyuenchi.com\/wp-content\/uploads\/2025\/09\/CD-Yuenchi-61.webp\" alt=\"CD Yuenchi (61)\" \/>\t\t<\/div>\r\n\t\t\t\t<\/div>\t\t\t\t\t<\/div>\r\n\t\t\t\t\t\t<div class=\"grid-item\">\r\n\t\t\t\t\t\t<div class=\"nuss-box\">\t\t<div class=\"nuss-image image\">\r\n\t\t\t<img decoding=\"async\"  src=\"https:\/\/cdyuenchi.com\/wp-content\/uploads\/2025\/09\/CD-Yuenchi-60.webp\" alt=\"CD Yuenchi (60)\" \/>\t\t<\/div>\r\n\t\t\t\t<\/div>\t\t\t\t\t<\/div>\r\n\t\t\t\t\t\t<div class=\"grid-item\">\r\n\t\t\t\t\t\t<div class=\"nuss-box\">\t\t<div class=\"nuss-image image\">\r\n\t\t\t<img decoding=\"async\"  src=\"https:\/\/cdyuenchi.com\/wp-content\/uploads\/2025\/09\/CD-Yuenchi-59.webp\" alt=\"CD Yuenchi (59)\" \/>\t\t<\/div>\r\n\t\t\t\t<\/div>\t\t\t\t\t<\/div>\r\n\t\t\t\t\t\t<div class=\"grid-item\">\r\n\t\t\t\t\t\t<div class=\"nuss-box\">\t\t<div class=\"nuss-image image\">\r\n\t\t\t<img decoding=\"async\"  src=\"https:\/\/cdyuenchi.com\/wp-content\/uploads\/2025\/09\/CD-Yuenchi-58.webp\" alt=\"CD Yuenchi (58)\" \/>\t\t<\/div>\r\n\t\t\t\t<\/div>\t\t\t\t\t<\/div>\r\n\t\t\t\t\t\t<div class=\"grid-item\">\r\n\t\t\t\t\t\t<div class=\"nuss-box\">\t\t<div class=\"nuss-image image\">\r\n\t\t\t<img decoding=\"async\"  src=\"https:\/\/cdyuenchi.com\/wp-content\/uploads\/2025\/09\/CD-Yuenchi-56.webp\" alt=\"CD Yuenchi (56)\" \/>\t\t<\/div>\r\n\t\t\t\t<\/div>\t\t\t\t\t<\/div>\r\n\t\t\t\t\t\t<div class=\"grid-item\">\r\n\t\t\t\t\t\t<div class=\"nuss-box\">\t\t<div class=\"nuss-image image\">\r\n\t\t\t<img decoding=\"async\"  src=\"https:\/\/cdyuenchi.com\/wp-content\/uploads\/2025\/09\/CD-Yuenchi-105.webp\" alt=\"CD Yuenchi (105)\" \/>\t\t<\/div>\r\n\t\t\t\t<\/div>\t\t\t\t\t<\/div>\r\n\t\t\t\t\t\t<div class=\"grid-item\">\r\n\t\t\t\t\t\t<div class=\"nuss-box\">\t\t<div class=\"nuss-image image\">\r\n\t\t\t<img decoding=\"async\"  src=\"https:\/\/cdyuenchi.com\/wp-content\/uploads\/2025\/09\/CD-Yuenchi-104.webp\" alt=\"CD Yuenchi (104)\" \/>\t\t<\/div>\r\n\t\t\t\t<\/div>\t\t\t\t\t<\/div>\r\n\t\t\t\t\t\t<div class=\"grid-item\">\r\n\t\t\t\t\t\t<div class=\"nuss-box\">\t\t<div class=\"nuss-image image\">\r\n\t\t\t<img decoding=\"async\"  src=\"https:\/\/cdyuenchi.com\/wp-content\/uploads\/2025\/09\/CD-Yuenchi-71.webp\" alt=\"CD Yuenchi (71)\" \/>\t\t<\/div>\r\n\t\t\t\t<\/div>\t\t\t\t\t<\/div>\r\n\t\t\t\t\t\t<div class=\"grid-item\">\r\n\t\t\t\t\t\t<div class=\"nuss-box\">\t\t<div class=\"nuss-image image\">\r\n\t\t\t<img decoding=\"async\"  src=\"https:\/\/cdyuenchi.com\/wp-content\/uploads\/2025\/09\/CD-Yuenchi-10.webp\" alt=\"CD Yuenchi (10)\" \/>\t\t<\/div>\r\n\t\t\t\t<\/div>\t\t\t\t\t<\/div>\r\n\t\t\t\t\t\t<div class=\"grid-item\">\r\n\t\t\t\t\t\t<div class=\"nuss-box\">\t\t<div class=\"nuss-image image\">\r\n\t\t\t<img decoding=\"async\"  src=\"https:\/\/cdyuenchi.com\/wp-content\/uploads\/2025\/09\/CD-Yuenchi-74.webp\" alt=\"CD Yuenchi (74)\" \/>\t\t<\/div>\r\n\t\t\t\t<\/div>\t\t\t\t\t<\/div>\r\n\t\t\t\t\t\t<div class=\"grid-item\">\r\n\t\t\t\t\t\t<div class=\"nuss-box\">\t\t<div class=\"nuss-image image\">\r\n\t\t\t<img decoding=\"async\"  src=\"https:\/\/cdyuenchi.com\/wp-content\/uploads\/2025\/09\/CD-Yuenchi-95.webp\" alt=\"CD Yuenchi (95)\" \/>\t\t<\/div>\r\n\t\t\t\t<\/div>\t\t\t\t\t<\/div>\r\n\t\t\t\t\t\t<div class=\"grid-item\">\r\n\t\t\t\t\t\t<div class=\"nuss-box\">\t\t<div class=\"nuss-image image\">\r\n\t\t\t<img decoding=\"async\"  src=\"https:\/\/cdyuenchi.com\/wp-content\/uploads\/2025\/09\/CD-Yuenchi-52.webp\" alt=\"CD Yuenchi (52)\" \/>\t\t<\/div>\r\n\t\t\t\t<\/div>\t\t\t\t\t<\/div>\r\n\t\t\t\t\t\t\t\r\n\t\t\t<\/div>\r\n\t\t<\/div>\r\n\t\t\t\t\t\t<\/div>\n\t\t\t\t<\/div>\n\t\t\t\t\t<\/div>\n\t\t\t\t<\/div>\n\t\t<div class=\"elementor-element elementor-element-3fbd4ca e-flex e-con-boxed e-con e-parent\" data-id=\"3fbd4ca\" data-element_type=\"container\" data-e-type=\"container\">\n\t\t\t\t\t<div class=\"e-con-inner\">\n\t\t\t\t<div class=\"elementor-element elementor-element-d755ece elementor-widget elementor-widget-text-editor\" data-id=\"d755ece\" data-element_type=\"widget\" data-e-type=\"widget\" data-widget_type=\"text-editor.default\">\n\t\t\t\t\t\t\t\t\t<p data-spm-anchor-id=\"a2ty_o01.29997173.0.i52.652bc921hbIzpS\">En el coraz\u00f3n de <strong>Hotel CD YUENCHI<\/strong>, ubicado en el hist\u00f3rico <strong>Distrito de Qingyang<\/strong> en <strong>No. 28 Calle Wuyuegong, Chengdu, Sichuan 610017, China<\/strong>, se encuentra un santuario culinario que celebra los sabores audaces, arom\u00e1ticos y profundamente conmovedores de una de las regiones gastron\u00f3micas m\u00e1s famosas de China:<strong>Sichuan<\/strong>Nuestro restaurante exclusivo en el lugar no es simplemente un lugar para cenar, es un <strong>celebraci\u00f3n de la herencia, la artesan\u00eda y el sabor<\/strong>, donde cada plato cuenta una historia y cada comida se convierte en una experiencia memorable.<\/p><p>Chengdu, ciudad gastron\u00f3mica reconocida por la UNESCO, es mundialmente famosa por sus especias picantes, sus granos de pimienta adormecedores y su ingenioso equilibrio de <em>mala<\/em> (picante y adormecedor) que define la cocina de Sichuan. En el <strong>Restaurante del Hotel CD YUENCHI<\/strong>Honramos este legado con reverencia e innovaci\u00f3n, elaborando un men\u00fa que rinde homenaje a las recetas tradicionales transmitidas de generaci\u00f3n en generaci\u00f3n, al tiempo que adoptamos t\u00e9cnicas modernas y abastecimiento sustentable para elevar la experiencia gastron\u00f3mica del viajero exigente de hoy.<\/p><div class=\"my-2\">\u00a0<\/div><h3><strong>Una filosof\u00eda culinaria basada en la autenticidad<\/strong><\/h3><p>Nuestra cocina est\u00e1 dirigida por un equipo de <strong>Maestros cocineros nacidos y criados en Sichuan<\/strong>Cada uno con d\u00e9cadas de experiencia en la cocina regional. Creen que el verdadero sabor comienza mucho antes de calentar el wok: con la calidad de los ingredientes, el ritmo de preparaci\u00f3n y el esp\u00edritu con el que se comparte la comida. Desde fideos hechos a mano al amanecer hasta doubanjiang (pasta de habas) fermentada en casa, cada ingrediente se elabora con esmero.<\/p><p>Obtenemos nuestros productos de <strong>granjas locales en la llanura de Chengdu<\/strong>, garantizando las verduras m\u00e1s frescas, carnes de corral y hierbas silvestres. Nuestras hojas de t\u00e9 se cosechan en las brumosas laderas de <strong>Monta\u00f1a Mengding<\/strong>, y nuestros granos de pimienta de Sichuan provienen de <strong>Condado de Hanyuan<\/strong>Famosos por su aroma floral y su final refrescante. Este compromiso con la autenticidad nos ha valido el reconocimiento no solo de nuestros comensales, sino tambi\u00e9n de los cr\u00edticos gastron\u00f3micos locales, quienes elogian nuestro restaurante como &quot;una de las expresiones m\u00e1s genuinas del sabor de Sichuan en el centro de Chengdu&quot;.<\/p><div class=\"my-2\">\u00a0<\/div><h3><strong>Un men\u00fa que cuenta una historia<\/strong><\/h3><p>El men\u00fa del restaurante del Hotel CD YUENCHI es un recorrido curado por la <strong>Estaciones, regiones y tradiciones de Sichuan<\/strong>Comience su comida con delicados aperitivos como <em>Fideos Dan Dan<\/em> Servido con un rico caldo con s\u00e9samo y un toque de aceite de chile, o <em>Panceta de cerdo con salsa de ajo<\/em>, una joya menos conocida que muestra la maestr\u00eda de la regi\u00f3n en cuanto a textura y equilibrio.<\/p><p>Para el plato principal, del\u00e9itese con cl\u00e1sicos reinventados con precisi\u00f3n:<\/p><ul dir=\"auto\"><li><strong>Tofu mapo<\/strong>, sedoso y humeante, infundido con frijoles negros fermentados y un aceite rojo vibrante que baila en el paladar.<\/li><li><strong>Pollo Kung Pao<\/strong>, elaborado de forma aut\u00e9ntica, con cacahuetes de Sichuan, chiles secos y un toque de vinagre para darle brillo.<\/li><li><strong>Pescado al vapor con chile y encurtidos fermentados<\/strong>, un plato que captura el alma de las cocinas rurales de Sichuan<\/li><li><strong>Carne de res estofada en caldo picante<\/strong>, cocinado a fuego lento durante horas hasta que la carne se derrite al tocarlo con un tenedor<\/li><\/ul><p>Los hu\u00e9spedes vegetarianos tambi\u00e9n son agasajados con platos como <em>Jud\u00edas verdes fritas con pasta Pixian<\/em> y <em>Brotes de bamb\u00fa en salsa marr\u00f3n<\/em>, demostrando que la cocina de Sichuan es mucho m\u00e1s que picante: es profundidad, aroma y armon\u00eda.<\/p><div class=\"my-2\">\u00a0<\/div><h3><strong>Desayuno: Un sabor de Chengdu al amanecer<\/strong><\/h3><p>Nuestro <strong>Experiencia de desayuno diario<\/strong> es un punto culminante para muchos hu\u00e9spedes. Ofrecemos un <strong>buffet de doble concepto<\/strong>: a <strong>Selecci\u00f3n occidental<\/strong> con boller\u00eda fresca, yogur org\u00e1nico y huevos de gallinas camperas, y un <strong>Aut\u00e9ntica barra de desayuno de Sichuan<\/strong> con bollos al vapor, fideos de arroz en caldo sabroso, wontons picantes y <em>congyubing<\/em> (panqueques de cebolleta). Disfrute de un t\u00e9 de jazm\u00edn reci\u00e9n hecho o una taza de agua tibia. <em>t\u00e9 de kudin<\/em>, una infusi\u00f3n de hierbas local sin cafe\u00edna conocida por sus propiedades calmantes.<\/p><p>Los viajeros a menudo describen nuestro desayuno como &quot;la manera m\u00e1s deliciosa de comenzar un d\u00eda explorando Chengdu&quot;, y muchos regresan solo para revivir el sabor de nuestro desayuno hecho a mano. <em>zhongzi<\/em> (empanadillas de arroz glutinoso).<\/p><div class=\"my-2\">\u00a0<\/div><h3><strong>El sal\u00f3n de t\u00e9: donde la cultura se encuentra con la calma<\/strong><\/h3><p>Junto al comedor principal, nuestro <strong>elegante sal\u00f3n de t\u00e9 de Sichuan<\/strong> Ofrece un remanso de paz para momentos de tranquilidad, reuniones por la tarde o aperitivos antes de cenar. Aqu\u00ed, los hu\u00e9spedes pueden participar en <strong>ceremonias tradicionales del t\u00e9<\/strong>, guiados por nuestros maestros de t\u00e9 residentes, y pruebe variedades raras como <em>Mengding Ganlu<\/em>, <em>Brote de nieve de Emei<\/em>, y envejecido <em>Pu&#039;er<\/em>. El sal\u00f3n tambi\u00e9n sirve <strong>c\u00f3cteles con infusi\u00f3n de t\u00e9<\/strong>, postres artesanales y bocados ligeros y salados, perfectos para relajarse despu\u00e9s de un d\u00eda de turismo.<\/p><p>Semanalmente se realizan presentaciones culturales en vivo, como m\u00fasica guzheng, fragmentos de \u00f3pera que cambian el rostro y demostraciones de caligraf\u00eda, que transforman el espacio en una galer\u00eda viviente de artes de Sichuan.<\/p><div class=\"my-2\">\u00a0<\/div><h3><strong>Dise\u00f1ado para los sentidos<\/strong><\/h3><p>El interior del restaurante combina <strong>Elegancia contempor\u00e1nea con est\u00e9tica tradicional de Sichuan<\/strong>Biombos de celos\u00eda de madera, murales pintados a mano del r\u00edo Minjiang y una suave iluminaci\u00f3n de faroles crean un ambiente refinado y acogedor. Disponemos de comedores privados para reuniones \u00edntimas, cenas de negocios o celebraciones especiales, cada uno con el nombre de una figura literaria o un monumento emblem\u00e1tico de Sichuan.<\/p><p>Las ventanas del piso al techo se abren a un tranquilo jard\u00edn en el patio, donde los koi se deslizan a trav\u00e9s de estanques de lotos y el bamb\u00fa se balancea con la brisa, ofreciendo a los hu\u00e9spedes un limpiador visual del paladar entre platos.<\/p><div class=\"my-2\">\u00a0<\/div><h3><strong>Sostenibilidad y bienestar en el plato<\/strong><\/h3><p>Creemos que la buena comida debe nutrir tanto el cuerpo como el planeta. Nuestra cocina sigue <strong>pr\u00e1cticas ecoconscientes<\/strong>Minimizamos los residuos mediante compostaje, envases reutilizables y rotaci\u00f3n de men\u00fas seg\u00fan la temporada. Ofrecemos <strong>Opciones sin gluten, halal y de origen vegetal<\/strong>y nuestros chefs estar\u00e1n encantados de satisfacer las necesidades diet\u00e9ticas con sustituciones bien pensadas.<\/p><p>Tambi\u00e9n destacamos <strong>platos centrados en el bienestar<\/strong>-como <em>Ra\u00edz de loto con miel<\/em>, conocido por sus propiedades calmantes para los pulmones, y <em>Gachas de bayas de Goji<\/em>, un desayuno tradicional y reparador que combina los antiguos principios medicinales chinos con el arte culinario moderno.<\/p><div class=\"my-2\">\u00a0<\/div><h3><strong>Un destino gastron\u00f3mico imprescindible en Chengdu<\/strong><\/h3><p>Ya sea que sea un hu\u00e9sped del hotel o un amante de la comida local que explora el distrito de Qingyang, <strong>Restaurante en el Hotel CD YUENCHI<\/strong> Te invita a ir m\u00e1s all\u00e1 de la ruta tur\u00edstica y degustar la <strong>La verdadera esencia de Sichuan<\/strong>Es donde los visitantes primerizos se enamoran del tofu mapo, donde los expatriados encuentran consuelo en un taz\u00f3n de <em>dandanmian<\/em>, y donde cada comida se siente como un c\u00e1lido abrazo de la ciudad misma.<\/p><p>Descubra por qu\u00e9 los viajeros en <strong>TripAdvisor, Trip.com y Google Reviews<\/strong> Califican constantemente a nuestro restaurante entre los mejores <strong>Las 10 mejores experiencias gastron\u00f3micas en hoteles de Chengdu<\/strong>Ven por el sabor, qu\u00e9date por el alma y deja que tu paladar descubra el coraz\u00f3n de Sichuan, un bocado inolvidable a la vez.<\/p><div class=\"my-2\">\u00a0<\/div><p data-spm-anchor-id=\"a2ty_o01.29997173.0.i53.652bc921hbIzpS\"><strong>Restaurante Hotel CD YUENCHI \u2013 Donde cada sabor tiene una historia, y cada historia comienza con un solo sabor.<\/strong><\/p>\t\t\t\t\t\t\t\t<\/div>\n\t\t\t\t\t<\/div>\n\t\t\t\t<\/div>\n\t\t\t\t<section class=\"elementor-section elementor-top-section elementor-element elementor-element-14a1b9e7 elementor-section-stretched elementor-section-boxed elementor-section-gap-beside-yes elementor-section-height-default elementor-section-height-default elementor-section-column-vertical-align-stretch\" data-id=\"14a1b9e7\" data-element_type=\"section\" data-e-type=\"section\" data-settings=\"{&quot;background_background&quot;:&quot;classic&quot;,&quot;stretch_section&quot;:&quot;section-stretched&quot;}\">\n\t\t\t\t\t\t<div class=\"elementor-container elementor-column-gap-extended\">\n\t\t\t\t\t<div class=\"elementor-column elementor-col-100 elementor-top-column elementor-element elementor-element-25b67a07\" data-id=\"25b67a07\" data-element_type=\"column\" data-e-type=\"column\">\n\t\t\t<div class=\"elementor-widget-wrap elementor-element-populated\">\n\t\t\t\t\t\t<div class=\"elementor-element elementor-element-f982e27 elementor-widget elementor-widget-nuss-heading\" data-id=\"f982e27\" data-element_type=\"widget\" data-e-type=\"widget\" data-widget_type=\"nuss-heading.default\">\n\t\t\t\t<div class=\"elementor-widget-container\">\n\t\t\t\t\t\t\t<div class=\"nuss-modern-heading\">\r\n\t\t\t\r\n\t\t\t\t\t\t<div class=\"heading-primary-wrap\">\r\n\t\t\t\t<h2 class=\"heading-primary elementor-heading-title\">Consultar disponibilidad <\/h2>\t\t\t<\/div>\r\n\t\t\r\n\t\t\t\r\n\t\t\t\t\t<\/div>\r\n\t\t\t\t\t<\/div>\n\t\t\t\t<\/div>\n\t\t\t\t<div class=\"elementor-element elementor-element-7ff2c099 elementor-widget elementor-widget-text-editor\" data-id=\"7ff2c099\" data-element_type=\"widget\" data-e-type=\"widget\" data-widget_type=\"text-editor.default\">\n\t\t\t\t\t\t\t\t\t<iframe border=\"0\" src=\"https:\/\/www.trip.com\/partners\/ad\/S5278611?Allianceid=4590391&#038;SID=257375959&#038;trip_sub1=\" style=\"width:900px;height:200px\" frameborder=\"0\" scrolling=\"no\" id=\"S5278611\"><\/iframe>\t\t\t\t\t\t\t\t<\/div>\n\t\t\t\t\t<\/div>\n\t\t<\/div>\n\t\t\t\t\t<\/div>\n\t\t<\/section>\n\t\t\t\t<\/div>","protected":false},"excerpt":{"rendered":"<p>Savor the Soul of Sichuan: An Exquisite Culinary Journey at the Restaurant of Hotel CD YUENCHI, Chengdu At the heart of Hotel CD YUENCHI, nestled in the historic Qingyang District at No. 28 Wuyuegong Street, Chengdu, Sichuan 610017, China, lies a culinary sanctuary that celebrates the bold, aromatic, and deeply soulful flavors of one of [&hellip;]<\/p>\n","protected":false},"author":1,"featured_media":0,"parent":0,"menu_order":0,"comment_status":"closed","ping_status":"closed","template":"","meta":{"footnotes":""},"class_list":["post-612","page","type-page","status-publish","hentry","post-no-thumbnail"],"_links":{"self":[{"href":"https:\/\/cdyuenchi.com\/es\/wp-json\/wp\/v2\/pages\/612","targetHints":{"allow":["GET"]}}],"collection":[{"href":"https:\/\/cdyuenchi.com\/es\/wp-json\/wp\/v2\/pages"}],"about":[{"href":"https:\/\/cdyuenchi.com\/es\/wp-json\/wp\/v2\/types\/page"}],"author":[{"embeddable":true,"href":"https:\/\/cdyuenchi.com\/es\/wp-json\/wp\/v2\/users\/1"}],"replies":[{"embeddable":true,"href":"https:\/\/cdyuenchi.com\/es\/wp-json\/wp\/v2\/comments?post=612"}],"version-history":[{"count":0,"href":"https:\/\/cdyuenchi.com\/es\/wp-json\/wp\/v2\/pages\/612\/revisions"}],"wp:attachment":[{"href":"https:\/\/cdyuenchi.com\/es\/wp-json\/wp\/v2\/media?parent=612"}],"curies":[{"name":"wp","href":"https:\/\/api.w.org\/{rel}","templated":true}]}}