{"id":2104,"date":"2021-03-23T09:33:48","date_gmt":"2021-03-23T09:33:48","guid":{"rendered":"http:\/\/localhost\/nuss\/?page_id=167"},"modified":"2025-09-09T03:55:32","modified_gmt":"2025-09-09T03:55:32","slug":"notre-histoire","status":"publish","type":"page","link":"https:\/\/cdyuenchi.com\/fr\/our-story\/","title":{"rendered":"Notre histoire"},"content":{"rendered":"<div data-elementor-type=\"wp-page\" data-elementor-id=\"2104\" class=\"elementor elementor-2104\">\n\t\t\t\t\t\t<section class=\"elementor-section elementor-top-section elementor-element elementor-element-8f5bb9d elementor-section-boxed elementor-section-gap-beside-yes elementor-section-height-default elementor-section-height-default elementor-section-column-vertical-align-stretch\" data-id=\"8f5bb9d\" data-element_type=\"section\" data-e-type=\"section\">\n\t\t\t\t\t\t<div class=\"elementor-container elementor-column-gap-extended\">\n\t\t\t\t\t<div class=\"elementor-column elementor-col-100 elementor-top-column elementor-element elementor-element-7ec4215\" data-id=\"7ec4215\" data-element_type=\"column\" data-e-type=\"column\">\n\t\t\t<div class=\"elementor-widget-wrap elementor-element-populated\">\n\t\t\t\t\t\t<div class=\"elementor-element elementor-element-edd9d03 elementor-widget__width-initial elementor-invisible elementor-widget elementor-widget-text-editor\" data-id=\"edd9d03\" data-element_type=\"widget\" data-e-type=\"widget\" data-settings=\"{&quot;_animation&quot;:&quot;nussFadeInUp&quot;}\" data-widget_type=\"text-editor.default\">\n\t\t\t\t\t\t\t\t\t<p><strong data-spm-anchor-id=\"a2ty_o01.29997173.0.i45.652bc921hbIzpS\">Le c\u0153ur battant de l&#039;h\u00f4tel CD YUENCHI \u2013 L\u00e0 o\u00f9 l&#039;h\u00e9ritage rencontre l&#039;harmonie au c\u0153ur de Chengdu<\/strong><\/p>\t\t\t\t\t\t\t\t<\/div>\n\t\t\t\t\t<\/div>\n\t\t<\/div>\n\t\t\t\t\t<\/div>\n\t\t<\/section>\n\t\t<div class=\"elementor-element elementor-element-57e32ad e-flex e-con-boxed e-con e-parent\" data-id=\"57e32ad\" data-element_type=\"container\" data-e-type=\"container\">\n\t\t\t\t\t<div class=\"e-con-inner\">\n\t\t\t\t<div class=\"elementor-element elementor-element-18d3b60 elementor-widget elementor-widget-text-editor\" data-id=\"18d3b60\" data-element_type=\"widget\" data-e-type=\"widget\" data-widget_type=\"text-editor.default\">\n\t\t\t\t\t\t\t\t\t<p data-spm-anchor-id=\"a2ty_o01.29997173.0.i47.652bc921hbIzpS\">Nich\u00e9 \u00e0 <strong>No. 28 rue Wuyuegong, district de Qingyang, Chengdu, Sichuan 610017, Chine<\/strong>, <strong>H\u00f4tel CD YUENCHI<\/strong> Plus qu&#039;une destination, c&#039;est une histoire vivante, n\u00e9e d&#039;un profond respect pour la culture, l&#039;artisanat et les liens. Notre histoire ne commence pas par des plans ou des business plans, mais par une vision\u00a0: cr\u00e9er un sanctuaire o\u00f9 l&#039;\u00e2me du Sichuan rencontre l&#039;\u00e9l\u00e9gance de l&#039;hospitalit\u00e9 moderne, o\u00f9 chaque couloir murmure son histoire et o\u00f9 chaque client se sent non seulement accueilli, mais compris.<\/p><p>Chengdu, ville prosp\u00e8re depuis plus de 2\u00a0000 ans, est r\u00e9put\u00e9e pour son rythme paisible, ses jardins po\u00e9tiques et les saveurs audacieuses et enivrantes de la cuisine du Sichuan. C&#039;est un lieu o\u00f9 temples anciens c\u00f4toient gratte-ciel futuristes, o\u00f9 les pandas font la sieste dans des bambouseraies, \u00e0 quelques minutes seulement des centres-villes anim\u00e9s. Dans cette m\u00e9tropole dynamique et en constante \u00e9volution, nous avons vu une opportunit\u00e9\u00a0: cr\u00e9er un h\u00f4tel qui honore le pass\u00e9 tout en s&#039;ouvrant sur l&#039;avenir, un lieu o\u00f9 la tradition n&#039;est pas pr\u00e9serv\u00e9e sous verre, mais v\u00e9cue, partag\u00e9e et c\u00e9l\u00e9br\u00e9e.<\/p><div class=\"my-2\">\u00a0<\/div><h3><strong>L&#039;inspiration derri\u00e8re le nom : YUENCHI \u2013 Un h\u00e9ritage d&#039;\u00e9quilibre<\/strong><\/h3><p>Le nom <em>YUENCHI<\/em> est tir\u00e9 d&#039;une philosophie aussi intemporelle que les montagnes entourant le Sichuan : <strong>Yuan<\/strong> (\u6e90), signifiant \u00ab origine \u00bb ou \u00ab source \u00bb, et <strong>Chi<\/strong> (\u6c60), signifiant \u00ab\u00a0\u00e9tang\u00a0\u00bb ou \u00ab\u00a0eau calme\u00a0\u00bb. Ensemble, ils \u00e9voquent l&#039;image d&#039;un <strong>printemps immacul\u00e9<\/strong>, une source de clart\u00e9 et de calme, reflet de notre mission : \u00eatre une source de tranquillit\u00e9 au c\u0153ur de l&#039;\u00e9nergie urbaine. Tout comme l&#039;eau nourrit la vie, nous souhaitons nourrir l&#039;esprit de chaque voyageur qui franchit nos portes.<\/p><p>Nos fondateurs, un collectif d&#039;architectes originaires du Sichuan, pionniers de l&#039;h\u00f4tellerie et d\u00e9fenseurs de la pr\u00e9servation culturelle, ont \u00e9t\u00e9 inspir\u00e9s par l&#039;\u00e9l\u00e9gance paisible des jardins classiques de Chengdu, la chaleur de ses salons de th\u00e9 et la complexit\u00e9 de l&#039;artisanat local, comme la broderie Shu et le tissage du bambou. Ils ont imagin\u00e9 un espace o\u00f9 ces \u00e9l\u00e9ments ne seraient pas seulement \u00e9voqu\u00e9s, mais int\u00e9gr\u00e9s \u00e0 l&#039;exp\u00e9rience client.<\/p><div class=\"my-2\">\u00a0<\/div><h3><strong>De la vision \u00e0 la r\u00e9alit\u00e9 : la naissance d&#039;un havre de paix<\/strong><\/h3><p>L&#039;aventure qui a donn\u00e9 naissance \u00e0 l&#039;H\u00f4tel CD YUENCHI a d\u00e9but\u00e9 par la red\u00e9couverte d&#039;un site historique au c\u0153ur du district de Qingyang, l&#039;un des quartiers les plus anciens et les plus importants de Chengdu sur le plan culturel. Autrefois abritant une s\u00e9rie de r\u00e9sidences traditionnelles \u00e0 cour datant de la fin de la dynastie Qing, ce lieu avait longtemps \u00e9t\u00e9 n\u00e9glig\u00e9, son patrimoine s&#039;effa\u00e7ant sous le poids du temps. Mais pour notre \u00e9quipe, c&#039;\u00e9tait un terrain fertile en possibilit\u00e9s.<\/p><p>Pendant plus de trois ans, une restauration m\u00e9ticuleuse et une conception r\u00e9fl\u00e9chie ont transform\u00e9 le site en un <strong>fusion harmonieuse de l&#039;ancien et du nouveau<\/strong>Les briques d&#039;origine, les poutres en bois sculpt\u00e9es et les cours en pierre ont \u00e9t\u00e9 pr\u00e9serv\u00e9es et revitalis\u00e9es, contrastant avec \u00e9l\u00e9gance avec les int\u00e9rieurs contemporains aux lignes minimalistes, au mobilier artisanal et aux mat\u00e9riaux naturels. Chaque d\u00e9cision de conception, de l&#039;emplacement d&#039;une lanterne \u00e0 la courbe d&#039;un escalier, a \u00e9t\u00e9 prise avec intention, refl\u00e9tant les principes d&#039;\u00e9quilibre, de fluidit\u00e9 et de s\u00e9r\u00e9nit\u00e9.<\/p><p>Nous avons collabor\u00e9 avec des artisans locaux pour cr\u00e9er des \u00e9l\u00e9ments sur mesure dans tout l&#039;h\u00f4tel\u00a0: des fresques murales peintes \u00e0 la main repr\u00e9sentant les quatre saisons de Chengdu, des services \u00e0 th\u00e9 personnalis\u00e9s cuits dans les fours Rongchang voisins et des textiles en soie teints selon des techniques ancestrales. M\u00eame le parfum qui accueille les clients \u00e0 leur arriv\u00e9e \u2013 un d\u00e9licat m\u00e9lange d&#039;osmanthus du Sichuan, de th\u00e9 vert et de bois vieilli \u2013 est une fragrance personnalis\u00e9e, d\u00e9velopp\u00e9e en collaboration avec un ma\u00eetre parfumeur de Dujiangyan.<\/p><div class=\"my-2\">\u00a0<\/div><h3><strong>Une philosophie de soins : l&#039;hospitalit\u00e9 ancr\u00e9e dans l&#039;esprit du Sichuan<\/strong><\/h3><p>\u00c0 l&#039;H\u00f4tel CD YUENCHI, nous pensons que le vrai luxe ne r\u00e9side pas dans l&#039;opulence, mais dans <strong>soins authentiques<\/strong>Notre personnel n&#039;est pas de simples employ\u00e9s\u00a0: ce sont des conteurs, des ambassadeurs culturels et les gardiens de l&#039;exp\u00e9rience client. Chaque membre suit une formation approfondie aux traditions du Sichuan, de la c\u00e9r\u00e9monie du th\u00e9 au dialecte, garantissant que chaque interaction soit empreinte de chaleur, de respect et d&#039;une curiosit\u00e9 sinc\u00e8re.<\/p><p>Nous ne suivons pas de script, nous \u00e9coutons. Qu&#039;il s&#039;agisse de se souvenir de la pr\u00e9f\u00e9rence d&#039;un client pour un tofu mapo extra-\u00e9pic\u00e9 ou d&#039;organiser une visite priv\u00e9e d&#039;un temple cach\u00e9 \u00e0 l&#039;aube, notre \u00e9quipe privil\u00e9gie la personnalisation. Cet esprit <em>guanxi<\/em>\u2014une connexion significative\u2014est au c\u0153ur de notre philosophie de service.<\/p><div class=\"my-2\">\u00a0<\/div><h3><strong>Plus qu&#039;un h\u00f4tel : un pont culturel<\/strong><\/h3><p>D\u00e8s le d\u00e9but, nous avons imagin\u00e9 l&#039;H\u00f4tel CD YUENCHI comme bien plus qu&#039;un simple lieu o\u00f9 dormir. C&#039;est un <strong>pont culturel<\/strong>\u2014entre locaux et voyageurs, pass\u00e9 et pr\u00e9sent, immobilit\u00e9 et mouvement. Nous organisons des rencontres mensuelles <em>Soir\u00e9es de Chengdu<\/em>, o\u00f9 les visiteurs sont invit\u00e9s \u00e0 d\u00e9guster un th\u00e9 rare de Mengding, \u00e0 \u00e9couter du guqin et \u00e0 apprendre la calligraphie au pinceau aupr\u00e8s de ma\u00eetres locaux. Notre jardin int\u00e9rieur sert \u00e9galement d&#039;espace d&#039;exposition saisonnier pour les artistes du Sichuan, et notre biblioth\u00e8que propose des ouvrages rares sur l&#039;histoire et la po\u00e9sie r\u00e9gionales.<\/p><p>Nous sommes \u00e9galement profond\u00e9ment engag\u00e9s en faveur du d\u00e9veloppement durable et de la communaut\u00e9. En nous approvisionnant aupr\u00e8s de fermes locales, en soutenant des coop\u00e9ratives artisanales dirig\u00e9es par des femmes et en mettant en \u0153uvre des pratiques \u00e9co-responsables \u2013 du chauffage solaire de l&#039;eau aux \u00e9quipements z\u00e9ro d\u00e9chet pour nos clients \u2013 nous garantissons que notre croissance profite aux populations et \u00e0 la plan\u00e8te.<\/p><div class=\"my-2\">\u00a0<\/div><h3><strong>Un chapitre en devenir<\/strong><\/h3><p>L&#039;h\u00f4tel CD YUENCHI a ouvert ses portes en 2023 et, depuis lors, nous avons accueilli des voyageurs de plus de 40 pays - chefs d&#039;entreprise, artistes, familles et voyageurs - tous attir\u00e9s par la promesse de quelque chose de diff\u00e9rent : un s\u00e9jour qui semble personnel, significatif et profond\u00e9ment enracin\u00e9 dans le lieu.<\/p><p>Mais notre histoire continue de se d\u00e9rouler. Chaque invit\u00e9 qui laisse un mot dans notre journal de gratitude, chaque habitant qui partage une recette familiale et chaque lever de soleil qui baigne la cour d&#039;une lumi\u00e8re dor\u00e9e nous rappellent qu&#039;il ne s&#039;agit pas seulement de notre histoire, mais de <strong>la n\u00f4tre<\/strong>.<\/p><p>Bienvenue \u00e0 l&#039;H\u00f4tel CD YUENCHI.<br \/>C&#039;est ici que commence votre voyage au c\u0153ur de Chengdu.<br \/>C&#039;est ici que l&#039;histoire respire, que la culture s&#039;\u00e9panouit et que chaque s\u00e9jour devient un souvenir grav\u00e9 dans le calme et la gr\u00e2ce.<\/p><div class=\"my-2\">\u00a0<\/div><p><em>Notre histoire continue, avec vous.<\/em><\/p>\t\t\t\t\t\t\t\t<\/div>\n\t\t\t\t\t<\/div>\n\t\t\t\t<\/div>\n\t\t\t\t<section class=\"elementor-section elementor-top-section elementor-element elementor-element-49b41c3f elementor-section-stretched elementor-section-boxed elementor-section-gap-beside-yes elementor-section-height-default elementor-section-height-default elementor-section-column-vertical-align-stretch\" data-id=\"49b41c3f\" data-element_type=\"section\" data-e-type=\"section\" data-settings=\"{&quot;background_background&quot;:&quot;classic&quot;,&quot;stretch_section&quot;:&quot;section-stretched&quot;}\">\n\t\t\t\t\t\t<div class=\"elementor-container elementor-column-gap-extended\">\n\t\t\t\t\t<div class=\"elementor-column elementor-col-100 elementor-top-column elementor-element elementor-element-3b5a4e25\" data-id=\"3b5a4e25\" data-element_type=\"column\" data-e-type=\"column\">\n\t\t\t<div class=\"elementor-widget-wrap elementor-element-populated\">\n\t\t\t\t\t\t<div class=\"elementor-element elementor-element-473ff603 elementor-widget elementor-widget-nuss-heading\" data-id=\"473ff603\" data-element_type=\"widget\" data-e-type=\"widget\" data-widget_type=\"nuss-heading.default\">\n\t\t\t\t<div class=\"elementor-widget-container\">\n\t\t\t\t\t\t\t<div class=\"nuss-modern-heading\">\r\n\t\t\t\r\n\t\t\t\t\t\t<div class=\"heading-primary-wrap\">\r\n\t\t\t\t<h2 class=\"heading-primary elementor-heading-title\">Ch\u00e8que disponible <\/h2>\t\t\t<\/div>\r\n\t\t\r\n\t\t\t\r\n\t\t\t\t\t<\/div>\r\n\t\t\t\t\t<\/div>\n\t\t\t\t<\/div>\n\t\t\t\t<div class=\"elementor-element elementor-element-30a18e1e elementor-widget elementor-widget-text-editor\" data-id=\"30a18e1e\" data-element_type=\"widget\" data-e-type=\"widget\" data-widget_type=\"text-editor.default\">\n\t\t\t\t\t\t\t\t\t<iframe border=\"0\" src=\"https:\/\/www.trip.com\/partners\/ad\/S5278611?Allianceid=4590391&#038;SID=257375959&#038;trip_sub1=\" style=\"width:900px;height:200px\" frameborder=\"0\" scrolling=\"no\" id=\"S5278611\"><\/iframe>\t\t\t\t\t\t\t\t<\/div>\n\t\t\t\t\t<\/div>\n\t\t<\/div>\n\t\t\t\t\t<\/div>\n\t\t<\/section>\n\t\t\t\t<\/div>","protected":false},"excerpt":{"rendered":"<p>The Heartbeat of Hotel CD YUENCHI \u2013 Where Heritage Meets Harmony in the Heart of Chengdu Nestled at No. 28 Wuyuegong Street, Qingyang District, Chengdu, Sichuan 610017, China, Hotel CD YUENCHI is more than a destination\u2014it is a living narrative born from a deep reverence for culture, craftsmanship, and connection. Our story begins not with [&hellip;]<\/p>\n","protected":false},"author":1,"featured_media":0,"parent":0,"menu_order":0,"comment_status":"closed","ping_status":"closed","template":"","meta":{"footnotes":""},"class_list":["post-2104","page","type-page","status-publish","hentry","post-no-thumbnail"],"_links":{"self":[{"href":"https:\/\/cdyuenchi.com\/fr\/wp-json\/wp\/v2\/pages\/2104","targetHints":{"allow":["GET"]}}],"collection":[{"href":"https:\/\/cdyuenchi.com\/fr\/wp-json\/wp\/v2\/pages"}],"about":[{"href":"https:\/\/cdyuenchi.com\/fr\/wp-json\/wp\/v2\/types\/page"}],"author":[{"embeddable":true,"href":"https:\/\/cdyuenchi.com\/fr\/wp-json\/wp\/v2\/users\/1"}],"replies":[{"embeddable":true,"href":"https:\/\/cdyuenchi.com\/fr\/wp-json\/wp\/v2\/comments?post=2104"}],"version-history":[{"count":0,"href":"https:\/\/cdyuenchi.com\/fr\/wp-json\/wp\/v2\/pages\/2104\/revisions"}],"wp:attachment":[{"href":"https:\/\/cdyuenchi.com\/fr\/wp-json\/wp\/v2\/media?parent=2104"}],"curies":[{"name":"wp","href":"https:\/\/api.w.org\/{rel}","templated":true}]}}