{"id":2106,"date":"2021-03-25T04:08:26","date_gmt":"2021-03-25T04:08:26","guid":{"rendered":"http:\/\/localhost\/nuss\/?page_id=298"},"modified":"2025-09-09T03:26:53","modified_gmt":"2025-09-09T03:26:53","slug":"avis-sur-les-experiences-clients","status":"publish","type":"page","link":"https:\/\/cdyuenchi.com\/fr\/customer-experiences-reviews\/","title":{"rendered":"Exp\u00e9riences et avis clients"},"content":{"rendered":"<div data-elementor-type=\"wp-page\" data-elementor-id=\"2106\" class=\"elementor elementor-2106\">\n\t\t\t\t\t\t<section class=\"elementor-section elementor-top-section elementor-element elementor-element-1954ffc elementor-section-boxed elementor-section-gap-beside-yes elementor-section-height-default elementor-section-height-default elementor-section-column-vertical-align-stretch\" data-id=\"1954ffc\" data-element_type=\"section\" data-e-type=\"section\">\n\t\t\t\t\t\t<div class=\"elementor-container elementor-column-gap-extended\">\n\t\t\t\t\t<div class=\"elementor-column elementor-col-100 elementor-top-column elementor-element elementor-element-86aebc5\" data-id=\"86aebc5\" data-element_type=\"column\" data-e-type=\"column\">\n\t\t\t<div class=\"elementor-widget-wrap elementor-element-populated\">\n\t\t\t\t\t\t<div class=\"elementor-element elementor-element-11803d1 elementor-widget__width-initial elementor-invisible elementor-widget elementor-widget-text-editor\" data-id=\"11803d1\" data-element_type=\"widget\" data-e-type=\"widget\" data-settings=\"{&quot;_animation&quot;:&quot;nussFadeInUp&quot;}\" data-widget_type=\"text-editor.default\">\n\t\t\t\t\t\t\t\t\t<p>Nous souhaitons que nos clients vivent quelque chose de sp\u00e9cial lors de leur s\u00e9jour chez nous, car de grandes exp\u00e9riences cr\u00e9ent de grands souvenirs.<\/p>\t\t\t\t\t\t\t\t<\/div>\n\t\t\t\t\t<\/div>\n\t\t<\/div>\n\t\t\t\t\t<\/div>\n\t\t<\/section>\n\t\t<div class=\"elementor-element elementor-element-cd9a5b0 e-flex e-con-boxed e-con e-parent\" data-id=\"cd9a5b0\" data-element_type=\"container\" data-e-type=\"container\">\n\t\t\t\t\t<div class=\"e-con-inner\">\n\t\t\t\t<div class=\"elementor-element elementor-element-87ac8fd elementor-widget elementor-widget-text-editor\" data-id=\"87ac8fd\" data-element_type=\"widget\" data-e-type=\"widget\" data-widget_type=\"text-editor.default\">\n\t\t\t\t\t\t\t\t\t<p data-spm-anchor-id=\"a2ty_o01.29997173.0.i28.652bc921hbIzpS\">\u00c0 <strong>H\u00f4tel CD YUENCHI<\/strong>, situ\u00e9 \u00e0 <strong>No. 28 rue Wuyuegong, district de Qingyang, Chengdu, Sichuan 610017, Chine<\/strong>Chaque client n&#039;est pas un simple visiteur, mais un pr\u00e9cieux conteur dans notre qu\u00eate d&#039;excellence. Nich\u00e9 au c\u0153ur culturel et historique de l&#039;une des villes les plus dynamiques de Chine, notre h\u00f4tel-boutique s&#039;est forg\u00e9 une r\u00e9putation non seulement pour son design \u00e9l\u00e9gant et son emplacement privil\u00e9gi\u00e9, mais surtout pour son <strong>des exp\u00e9riences inoubliables<\/strong> Il s&#039;adresse aux voyageurs du monde entier. Des aventuriers solitaires aux professionnels, en passant par les familles et les jeunes mari\u00e9s, les clients appr\u00e9cient syst\u00e9matiquement l&#039;H\u00f4tel CD YUENCHI pour son <strong>service exceptionnel, hospitalit\u00e9 authentique du Sichuan et souci du d\u00e9tail<\/strong>\u2014et leurs voix brillent sur les principales plateformes de voyage comme <strong>TripAdvisor.com<\/strong> et <strong>Trip.com<\/strong>.<\/p><h3><strong>Avis clients \u00e9logieux\u00a0: ce que disent les voyageurs<\/strong><\/h3><p>Avec un <strong>Note moyenne de 4,7 \u00e9toiles sur Trip.com<\/strong> et un impressionnant <strong>\u00ab Excellent \u00bb note de 4,6\/5 sur TripAdvisor<\/strong>L&#039;h\u00f4tel CD YUENCHI est l&#039;un des h\u00e9bergements les plus recommand\u00e9s de Chengdu. Les clients soulignent syst\u00e9matiquement son <strong>\u00e9quilibre parfait entre luxe moderne et charme local<\/strong>, d\u00e9crivant souvent leur s\u00e9jour comme \u00ab une oasis sereine au milieu d\u2019une ville anim\u00e9e \u00bb et \u00ab le m\u00e9lange id\u00e9al de confort, de commodit\u00e9 et de culture \u00bb.<\/p><p>Sur <strong>TripAdvisor<\/strong>, les voyageurs s&#039;extasient sur le <strong>personnel chaleureux et attentionn\u00e9<\/strong>, avec un critique notant :<\/p><blockquote><p><em>D\u00e8s notre arriv\u00e9e, le personnel a fait de son mieux. Ils nous ont aid\u00e9s \u00e0 r\u00e9server une excursion avec les pandas, nous ont pr\u00e9par\u00e9 un d\u00eener local authentique et nous ont m\u00eame fait la surprise d&#039;un service de th\u00e9 gratuit apr\u00e8s une longue journ\u00e9e de visites. Un tel niveau d&#039;attention personnalis\u00e9e est rare et inoubliable.<\/em><\/p><\/blockquote><p>Un autre invit\u00e9 a \u00e9crit :<\/p><blockquote><p><em>L&#039;emplacement est imbattable. Nous avons pu rejoindre \u00e0 pied l&#039;ancienne rue Jinli, le sanctuaire de Wuhou et l&#039;all\u00e9e Kuanzhai en quelques minutes. Pourtant, la chambre \u00e9tait si calme et paisible qu&#039;on s&#039;y sentait comme dans un havre de paix. Le lit \u00e9tait le plus confortable que j&#039;aie jamais eu lors de mon voyage en Chine.<\/em><\/p><\/blockquote><h3><strong>Constamment lou\u00e9 pour sa propret\u00e9, son confort et son service<\/strong><\/h3><p>\u00c0 travers les deux <strong>TripAdvisor<\/strong> et <strong>Trip.com<\/strong>La propret\u00e9 est un th\u00e8me r\u00e9current dans les commentaires des clients. Fort d&#039;un engagement fort en mati\u00e8re d&#039;hygi\u00e8ne et de d\u00e9veloppement durable, l&#039;h\u00f4tel CD YUENCHI maintient <strong>Normes de propret\u00e9 5 \u00e9toiles<\/strong>, utilisant des produits de nettoyage \u00e9cologiques et des protocoles quotidiens de d\u00e9sinfection en profondeur. Les clients mentionnent fr\u00e9quemment <strong>chambres impeccables, draps frais et salles de bains impeccables<\/strong> comme caract\u00e9ristiques remarquables.<\/p><p>Un critique de Trip.com a partag\u00e9 :<\/p><blockquote><p><em>\u00ab \u00c9tant quelqu&#039;un de tr\u00e8s exigeant en mati\u00e8re de propret\u00e9, j&#039;ai \u00e9t\u00e9 vraiment impressionn\u00e9. Chaque surface brillait, l&#039;air sentait bon et la salle de bain \u00e9tait \u00e9quip\u00e9e d&#039;un plancher chauffant\u00a0: une touche de luxe inattendue\u00a0!\u00a0\u00bb<\/em><\/p><\/blockquote><p>L&#039;excellence du service est un autre gage de qualit\u00e9 de l&#039;exp\u00e9rience client. La r\u00e9ception multilingue, la conciergerie disponible 24h\/24 et les \u00e9quipes d&#039;entretien m\u00e9nager sont r\u00e9guli\u00e8rement salu\u00e9es pour leur professionnalisme. <strong>rapidit\u00e9, gentillesse et capacit\u00e9 \u00e0 r\u00e9soudre les probl\u00e8mes<\/strong>Qu&#039;il s&#039;agisse d&#039;organiser le transport, de recommander des restaurants cach\u00e9s ou de r\u00e9pondre aux demandes de derni\u00e8re minute, le personnel de l&#039;h\u00f4tel CD YUENCHI m\u00e9rite des \u00e9loges pour faire en sorte que les clients se sentent vraiment pris en charge.<\/p><h3><strong>Exp\u00e9riences locales authentiques et attentions attentionn\u00e9es<\/strong><\/h3><p>Ce qui distingue vraiment l&#039;h\u00f4tel CD YUENCHI, c&#039;est son d\u00e9vouement \u00e0 <strong>organiser des exp\u00e9riences significatives<\/strong> au-del\u00e0 de la chambre. Les clients adorent <strong>kit de bienvenue culturel gratuit<\/strong>, qui comprend une carte de Chengdu dessin\u00e9e \u00e0 la main, des \u00e9chantillons de th\u00e9 local et des bons de r\u00e9duction pour les attractions \u00e0 proximit\u00e9. De nombreux critiques soulignent <strong>salon de th\u00e9 du Sichuan sur place<\/strong>, o\u00f9 ils ont pu profiter de c\u00e9r\u00e9monies traditionnelles du th\u00e9 et d\u00e9couvrir le patrimoine du th\u00e9 de la r\u00e9gion aupr\u00e8s d&#039;h\u00f4tes comp\u00e9tents.<\/p><p>Un voyageur de TripAdvisor a partag\u00e9 :<\/p><blockquote><p><em>Le rituel du th\u00e9 du soir a \u00e9t\u00e9 un moment fort. Nous avons d\u00e9gust\u00e9 du th\u00e9 Mengding Ganlu de premi\u00e8re qualit\u00e9 tout en \u00e9coutant un spectacle de guzheng. C&#039;\u00e9tait paisible et authentique, et cela nous a permis de mieux appr\u00e9cier la culture du Sichuan.<\/em><\/p><\/blockquote><p>Les familles appr\u00e9cient le <strong>suites familiales spacieuses et \u00e9quipements adapt\u00e9s aux enfants<\/strong>, tandis que les voyageurs d&#039;affaires saluent le <strong>espaces de travail calmes, Wi-Fi rapide et salles de r\u00e9union efficaces<\/strong>Les femmes voyageant seules mentionnent fr\u00e9quemment le sentiment <strong>s\u00fbr, accueilli et bien soutenu<\/strong> pendant leur s\u00e9jour.<\/p><h3><strong>Satisfaction et reconnaissance des clients prim\u00e9es<\/strong><\/h3><p>Gr\u00e2ce \u00e0 des critiques toujours excellentes, l&#039;h\u00f4tel CD YUENCHI a \u00e9t\u00e9 reconnu comme un <strong>Trip.com \u00ab\u00a0H\u00f4tel de choix\u00a0\u00bb<\/strong> et un <strong>Nomin\u00e9 au prix TripAdvisor Travellers&#039; Choice<\/strong>, le pla\u00e7ant parmi les 51 meilleurs h\u00f4tels du monde selon les avis clients. Ces distinctions ne sont pas seulement des distinctions honorifiques, elles t\u00e9moignent de notre engagement ind\u00e9fectible \u00e0 d\u00e9passer les attentes.<\/p><p>Les clients appr\u00e9cient \u00e9galement le <strong>exp\u00e9rience de r\u00e9servation et d&#039;enregistrement fluide<\/strong>, beaucoup ont soulign\u00e9 la r\u00e9activit\u00e9 du service client de l&#039;h\u00f4tel sur Trip.com, o\u00f9 les demandes sont trait\u00e9es en quelques minutes. Les enqu\u00eates post-s\u00e9jour r\u00e9v\u00e8lent que plus de <strong>94% des clients recommanderaient l&#039;h\u00f4tel CD YUENCHI \u00e0 un ami ou un coll\u00e8gue<\/strong>, citant le <strong>rapport qualit\u00e9-prix, emplacement central et connexion \u00e9motionnelle<\/strong> ils ont ressenti pendant leur s\u00e9jour.<\/p><h3><strong>Histoires vraies, impressions durables<\/strong><\/h3><p>Au-del\u00e0 des notes et des t\u00e9moignages \u00e9crits, ce qui d\u00e9finit vraiment l&#039;H\u00f4tel CD YUENCHI, c&#039;est <strong>r\u00e9sonance \u00e9motionnelle<\/strong> Qu&#039;il s&#039;agisse d&#039;un couple c\u00e9l\u00e9brant son anniversaire de mariage avec un d\u00eener au clair de lune sur un toit, d&#039;un voyageur d&#039;affaires concluant un contrat important apr\u00e8s une nuit de sommeil r\u00e9paratrice, ou d&#039;un visiteur novice en Chine d\u00e9couvrant la chaleur de l&#039;hospitalit\u00e9 du Sichuan, les histoires partag\u00e9es sur <strong>TripAdvisor<\/strong> et <strong>Trip.com<\/strong> refl\u00e8tent une v\u00e9rit\u00e9 plus profonde\u00a0: c&#039;est plus qu&#039;un lieu de s\u00e9jour. C&#039;est un lieu d&#039;appartenance.<\/p><p>Nous vous invitons \u00e0 lire le <strong>des centaines d&#039;avis clients v\u00e9rifi\u00e9s<\/strong>, explorez les photos partag\u00e9es par les anciens visiteurs et d\u00e9couvrez pourquoi l&#039;H\u00f4tel CD YUENCHI continue de recevoir des \u00e9loges \u00e9logieux, devenant l&#039;un des h\u00f4tels-boutiques les plus appr\u00e9ci\u00e9s de Chengdu. Votre voyage commence ici\u00a0: chaque s\u00e9jour est con\u00e7u avec soin et chaque client fait partie de notre histoire.<\/p><p data-spm-anchor-id=\"a2ty_o01.29997173.0.i32.652bc921hbIzpS\"><strong data-spm-anchor-id=\"a2ty_o01.29997173.0.i29.652bc921hbIzpS\">Vivez la diff\u00e9rence. Consultez les avis. R\u00e9servez un s\u00e9jour inoubliable \u00e0 l&#039;h\u00f4tel CD YUENCHI, o\u00f9 les clients ne se contentent pas de s&#039;enregistrer, ils cr\u00e9ent des souvenirs.<\/strong><\/p>\t\t\t\t\t\t\t\t<\/div>\n\t\t\t\t\t<\/div>\n\t\t\t\t<\/div>\n\t\t\t\t<section class=\"elementor-section elementor-top-section elementor-element elementor-element-b7b6b78 elementor-section-stretched elementor-section-boxed elementor-section-gap-beside-yes elementor-section-height-default elementor-section-height-default elementor-section-column-vertical-align-stretch\" data-id=\"b7b6b78\" data-element_type=\"section\" data-e-type=\"section\" data-settings=\"{&quot;background_background&quot;:&quot;classic&quot;,&quot;stretch_section&quot;:&quot;section-stretched&quot;}\">\n\t\t\t\t\t\t<div class=\"elementor-container elementor-column-gap-extended\">\n\t\t\t\t\t<div class=\"elementor-column elementor-col-100 elementor-top-column elementor-element elementor-element-52a5a466\" data-id=\"52a5a466\" data-element_type=\"column\" data-e-type=\"column\">\n\t\t\t<div class=\"elementor-widget-wrap elementor-element-populated\">\n\t\t\t\t\t\t<div class=\"elementor-element elementor-element-58b3ebd5 elementor-widget elementor-widget-nuss-heading\" data-id=\"58b3ebd5\" data-element_type=\"widget\" data-e-type=\"widget\" data-widget_type=\"nuss-heading.default\">\n\t\t\t\t<div class=\"elementor-widget-container\">\n\t\t\t\t\t\t\t<div class=\"nuss-modern-heading\">\r\n\t\t\t\r\n\t\t\t\t\t\t<div class=\"heading-primary-wrap\">\r\n\t\t\t\t<h2 class=\"heading-primary elementor-heading-title\">Ch\u00e8que disponible <\/h2>\t\t\t<\/div>\r\n\t\t\r\n\t\t\t\r\n\t\t\t\t\t<\/div>\r\n\t\t\t\t\t<\/div>\n\t\t\t\t<\/div>\n\t\t\t\t<div class=\"elementor-element elementor-element-37f6bf57 elementor-widget elementor-widget-text-editor\" data-id=\"37f6bf57\" data-element_type=\"widget\" data-e-type=\"widget\" data-widget_type=\"text-editor.default\">\n\t\t\t\t\t\t\t\t\t<iframe border=\"0\" src=\"https:\/\/www.trip.com\/partners\/ad\/S5278611?Allianceid=4590391&#038;SID=257375959&#038;trip_sub1=\" style=\"width:900px;height:200px\" frameborder=\"0\" scrolling=\"no\" id=\"S5278611\"><\/iframe>\t\t\t\t\t\t\t\t<\/div>\n\t\t\t\t\t<\/div>\n\t\t<\/div>\n\t\t\t\t\t<\/div>\n\t\t<\/section>\n\t\t\t\t<\/div>","protected":false},"excerpt":{"rendered":"<p>We want our guests to experience something special during their stays with us, as great experiences create great memories. At Hotel CD YUENCHI, located at No. 28 Wuyuegong Street, Qingyang District, Chengdu, Sichuan 610017, China, every guest is not just a visitor\u2014but a valued storyteller in our journey of excellence. Nestled in the cultural and [&hellip;]<\/p>\n","protected":false},"author":1,"featured_media":0,"parent":0,"menu_order":0,"comment_status":"closed","ping_status":"closed","template":"","meta":{"footnotes":""},"class_list":["post-2106","page","type-page","status-publish","hentry","post-no-thumbnail"],"_links":{"self":[{"href":"https:\/\/cdyuenchi.com\/fr\/wp-json\/wp\/v2\/pages\/2106","targetHints":{"allow":["GET"]}}],"collection":[{"href":"https:\/\/cdyuenchi.com\/fr\/wp-json\/wp\/v2\/pages"}],"about":[{"href":"https:\/\/cdyuenchi.com\/fr\/wp-json\/wp\/v2\/types\/page"}],"author":[{"embeddable":true,"href":"https:\/\/cdyuenchi.com\/fr\/wp-json\/wp\/v2\/users\/1"}],"replies":[{"embeddable":true,"href":"https:\/\/cdyuenchi.com\/fr\/wp-json\/wp\/v2\/comments?post=2106"}],"version-history":[{"count":0,"href":"https:\/\/cdyuenchi.com\/fr\/wp-json\/wp\/v2\/pages\/2106\/revisions"}],"wp:attachment":[{"href":"https:\/\/cdyuenchi.com\/fr\/wp-json\/wp\/v2\/media?parent=2106"}],"curies":[{"name":"wp","href":"https:\/\/api.w.org\/{rel}","templated":true}]}}