{"id":2108,"date":"2021-03-26T06:46:16","date_gmt":"2021-03-26T06:46:16","guid":{"rendered":"http:\/\/localhost\/nuss\/?page_id=437"},"modified":"2025-09-09T04:32:58","modified_gmt":"2025-09-09T04:32:58","slug":"spa","status":"publish","type":"page","link":"https:\/\/cdyuenchi.com\/fr\/spa\/","title":{"rendered":"Bien-\u00eatre et Spa"},"content":{"rendered":"<div data-elementor-type=\"wp-page\" data-elementor-id=\"2108\" class=\"elementor elementor-2108\">\n\t\t\t\t\t\t<section class=\"elementor-section elementor-top-section elementor-element elementor-element-e56a0cd elementor-section-boxed elementor-section-gap-beside-yes elementor-section-height-default elementor-section-height-default elementor-section-column-vertical-align-stretch\" data-id=\"e56a0cd\" data-element_type=\"section\" data-e-type=\"section\">\n\t\t\t\t\t\t<div class=\"elementor-container elementor-column-gap-extended\">\n\t\t\t\t\t<div class=\"elementor-column elementor-col-100 elementor-top-column elementor-element elementor-element-0b4465f\" data-id=\"0b4465f\" data-element_type=\"column\" data-e-type=\"column\">\n\t\t\t<div class=\"elementor-widget-wrap elementor-element-populated\">\n\t\t\t\t\t\t<div class=\"elementor-element elementor-element-c5bfb65 elementor-widget__width-initial elementor-invisible elementor-widget elementor-widget-text-editor\" data-id=\"c5bfb65\" data-element_type=\"widget\" data-e-type=\"widget\" data-settings=\"{&quot;_animation&quot;:&quot;nussFadeInUp&quot;}\" data-widget_type=\"text-editor.default\">\n\t\t\t\t\t\t\t\t\t<p>Se sentir bien et en pleine forme n&#039;est pas un luxe, mais une n\u00e9cessit\u00e9 absolue. Soignez votre corps et votre \u00e2me gr\u00e2ce \u00e0 nos soins miraculeux et rentrez chez vous comme une nouvelle personne, apais\u00e9e et ressourc\u00e9e.<\/p>\t\t\t\t\t\t\t\t<\/div>\n\t\t\t\t\t<\/div>\n\t\t<\/div>\n\t\t\t\t\t<\/div>\n\t\t<\/section>\n\t\t<div class=\"elementor-element elementor-element-361df0c e-flex e-con-boxed e-con e-parent\" data-id=\"361df0c\" data-element_type=\"container\" data-e-type=\"container\">\n\t\t\t\t\t<div class=\"e-con-inner\">\n\t\t\t\t<div class=\"elementor-element elementor-element-6c1649a elementor-widget elementor-widget-image\" data-id=\"6c1649a\" data-element_type=\"widget\" data-e-type=\"widget\" data-widget_type=\"image.default\">\n\t\t\t\t\t\t\t\t\t\t\t\t\t\t\t<img fetchpriority=\"high\" decoding=\"async\" width=\"1024\" height=\"678\" src=\"https:\/\/cdyuenchi.com\/wp-content\/uploads\/2025\/09\/CD-Yuenchi-65-1024x678.webp\" class=\"attachment-large size-large wp-image-5648\" alt=\"\" srcset=\"https:\/\/cdyuenchi.com\/wp-content\/uploads\/2025\/09\/CD-Yuenchi-65-1024x678.webp 1024w, https:\/\/cdyuenchi.com\/wp-content\/uploads\/2025\/09\/CD-Yuenchi-65-300x199.webp 300w, https:\/\/cdyuenchi.com\/wp-content\/uploads\/2025\/09\/CD-Yuenchi-65-768x509.webp 768w, https:\/\/cdyuenchi.com\/wp-content\/uploads\/2025\/09\/CD-Yuenchi-65-18x12.webp 18w, https:\/\/cdyuenchi.com\/wp-content\/uploads\/2025\/09\/CD-Yuenchi-65.webp 1280w\" sizes=\"(max-width: 1024px) 100vw, 1024px\" \/>\t\t\t\t\t\t\t\t\t\t\t\t\t\t\t<\/div>\n\t\t\t\t\t<\/div>\n\t\t\t\t<\/div>\n\t\t<div class=\"elementor-element elementor-element-dc99b19 e-flex e-con-boxed e-con e-parent\" data-id=\"dc99b19\" data-element_type=\"container\" data-e-type=\"container\">\n\t\t\t\t\t<div class=\"e-con-inner\">\n\t\t\t\t<div class=\"elementor-element elementor-element-4ed5d4b elementor-widget elementor-widget-text-editor\" data-id=\"4ed5d4b\" data-element_type=\"widget\" data-e-type=\"widget\" data-widget_type=\"text-editor.default\">\n\t\t\t\t\t\t\t\t\t<p data-spm-anchor-id=\"a2ty_o01.29997173.0.i65.652bc921hbIzpS\">Nich\u00e9 dans le quartier historique et culturellement riche <strong>District de Qingyang<\/strong> de Chengdu, <strong>H\u00f4tel CD YUENCHI<\/strong> offre plus qu&#039;un simple s\u00e9jour luxueux : il vous invite dans un monde de bien-\u00eatre holistique gr\u00e2ce \u00e0 son design soigneusement pens\u00e9. <strong>Installations de bien-\u00eatre<\/strong>, o\u00f9 les anciennes traditions de gu\u00e9rison chinoises rencontrent le confort moderne et un design soign\u00e9. Situ\u00e9 \u00e0 <strong>No. 28 rue Wuyuegong, Chengdu, Sichuan 610017, Chine<\/strong>, notre h\u00f4tel-boutique est un sanctuaire pour les sens, alliant harmonieusement l&#039;\u00e9nergie vibrante de la capitale du Sichuan au rythme serein des soins personnels, du rajeunissement et de l&#039;harmonie int\u00e9rieure.<\/p><p>Dans une ville c\u00e9l\u00e8bre pour son style de vie tranquille, son amour du th\u00e9 et sa philosophie profond\u00e9ment enracin\u00e9e de l&#039;\u00e9quilibre (<em>yin-yang<\/em>L&#039;h\u00f4tel CD YUENCHI honore l&#039;h\u00e9ritage de tranquillit\u00e9 de Chengdu en proposant une exp\u00e9rience bien-\u00eatre compl\u00e8te qui nourrit le corps, apaise l&#039;esprit et \u00e9l\u00e8ve l&#039;\u00e2me. Nos offres bien-\u00eatre ne sont pas une simple r\u00e9flexion\u00a0: elles font partie int\u00e9grante de notre identit\u00e9 et s&#039;int\u00e8grent \u00e0 chaque aspect de votre s\u00e9jour.<\/p><div class=\"py-2 my-3\"><hr \/><\/div><h3><strong>Une approche holistique du bien-\u00eatre moderne<\/strong><\/h3><p>\u00c0 l&#039;H\u00f4tel CD YUENCHI, nous pensons que le v\u00e9ritable bien-\u00eatre va au-del\u00e0 des spas et des centres de fitness\u00a0: c&#039;est un style de vie. Notre philosophie du bien-\u00eatre s&#039;inspire de <strong>M\u00e9decine traditionnelle chinoise (MTC)<\/strong>, <strong>Principes tao\u00efstes de l&#039;harmonie<\/strong>et les rythmes naturels du paysage du Sichuan. De l&#039;air que vous respirez au th\u00e9 que vous sirotez, chaque \u00e9l\u00e9ment est con\u00e7u pour favoriser votre bien-\u00eatre physique, \u00e9motionnel et \u00e9nerg\u00e9tique.<\/p><p>Notre <strong>\u00e9tage d\u00e9di\u00e9 au bien-\u00eatre<\/strong> L&#039;atmosph\u00e8re sereine, m\u00ealant lumi\u00e8re tamis\u00e9e, mat\u00e9riaux naturels et acoustique apaisante, cr\u00e9e une atmosph\u00e8re d&#039;\u00e9l\u00e9gance et de s\u00e9r\u00e9nit\u00e9. Que vous vous remettiez d&#039;un long voyage, cherchiez \u00e0 \u00e9vacuer le stress urbain ou souhaitiez simplement un moment de calme, nos installations vous offrent un havre de paix et de ressourcement au c\u0153ur de la ville.<\/p><div class=\"py-2 my-3\"><hr \/><\/div><h3><strong>Des soins revitalisants ancr\u00e9s dans la tradition du Sichuan<\/strong><\/h3><p>Entrez dans notre <strong>Salon de bien-\u00eatre Signature<\/strong>, o\u00f9 les arts de la gu\u00e9rison anciens sont r\u00e9invent\u00e9s pour le voyageur moderne. Nos soins s&#039;appuient sur des rem\u00e8des sichuanais s\u00e9culaires, utilisant des herbes locales, des huiles biologiques et des techniques ancestrales transmises de g\u00e9n\u00e9ration en g\u00e9n\u00e9ration par des gu\u00e9risseurs chinois.<\/p><p>Les clients peuvent se faire plaisir avec :<\/p><ul dir=\"auto\"><li><strong>Th\u00e9rapie \u00e0 la vapeur aux herbes du Sichuan<\/strong> \u2013 Infus\u00e9 avec <em>Chuanxiong<\/em>, <em>duhuo<\/em>, et <em>fangfeng<\/em>, ces herbes chauffantes favorisent la circulation, soulagent la raideur articulaire et d\u00e9toxifient le corps.<\/li><li><strong>Massage Tui Na et Acupression<\/strong> \u2013 Une th\u00e9rapie des tissus profonds bas\u00e9e sur les principes des m\u00e9ridiens, con\u00e7ue pour lib\u00e9rer les tensions et am\u00e9liorer le flux d\u2019\u00e9nergie (<em>qi<\/em>), et r\u00e9tablir l\u2019\u00e9quilibre.<\/li><li><strong>Th\u00e9rapie aux pierres chaudes avec le basalte de Leshan<\/strong> \u2013 Les pierres lisses et chauff\u00e9es de la rivi\u00e8re Minjiang sont utilis\u00e9es pour faire fondre les tensions musculaires et favoriser une relaxation profonde.<\/li><li><strong>Rajeunissement du visage avec des plantes du Sichuan<\/strong> \u2013 Contenant des extraits riches en antioxydants de poivre du Sichuan, de ch\u00e8vrefeuille et de s\u00e8ve de bambou, nos soins du visage nourrissent et revitalisent la peau.<\/li><\/ul><p>Tous les traitements sont administr\u00e9s par <strong>praticiens agr\u00e9\u00e9s de la MTC et th\u00e9rapeutes certifi\u00e9s<\/strong>, avec des consultations personnalis\u00e9es pour adapter chaque s\u00e9ance \u00e0 vos besoins individuels.<\/p><div class=\"py-2 my-3\"><hr \/><\/div><h3><strong>Mouvement conscient et respiration dans un cadre serein<\/strong><\/h3><p>Le bien-\u00eatre \u00e0 l&#039;H\u00f4tel CD YUENCHI ne se limite pas \u00e0 des soins passifs : il invite \u00e0 participer activement \u00e0 votre propre renouvellement. <strong>Studio de mouvement tranquille<\/strong>, donnant sur un jardin traditionnel, accueille des cours de bien-\u00eatre quotidiens ouverts \u00e0 tous les clients :<\/p><ul dir=\"auto\"><li><strong>Qi Gong et Tai Chi du matin<\/strong> \u2013 Des mouvements doux et fluides pour \u00e9veiller le corps, am\u00e9liorer la flexibilit\u00e9 et centrer l\u2019esprit, accompagn\u00e9s des doux sons d\u2019un guzheng (cithare chinoise).<\/li><li><strong>S\u00e9ances de m\u00e9ditation guid\u00e9e et de respiration<\/strong> \u2013 Anim\u00e9es par des coachs de pleine conscience, ces s\u00e9ances aident \u00e0 r\u00e9duire le stress, \u00e0 am\u00e9liorer la concentration et \u00e0 cultiver la paix int\u00e9rieure.<\/li><li><strong>Yoga avec une \u00e2me du Sichuan<\/strong> \u2013 Pratiques de Hatha et de Yin yoga adapt\u00e9es au climat et \u00e0 l\u2019\u00e9nergie locale, utilisant des tapis \u00e9cologiques et une aromath\u00e9rapie optionnelle infus\u00e9e au th\u00e9.<\/li><\/ul><p>Des s\u00e9ances priv\u00e9es individuelles sont \u00e9galement disponibles pour les clients recherchant des conseils personnalis\u00e9s.<\/p><div class=\"py-2 my-3\"><hr \/><\/div><h3><strong>Bien-\u00eatre en chambre : un confort qui prend soin de vous<\/strong><\/h3><p>Le bien-\u00eatre commence d\u00e8s l&#039;entr\u00e9e dans votre chambre. Chaque suite est con\u00e7ue avec <strong>principes biophiliques<\/strong>\u2014 avec des finitions en bois naturel, de la verdure int\u00e9rieure et des mat\u00e9riaux insonorisants \u2014 pour favoriser un sommeil r\u00e9parateur et une plus grande clart\u00e9 d&#039;esprit. Les \u00e9quipements bien-\u00eatre suppl\u00e9mentaires en chambre comprennent\u00a0:<\/p><ul dir=\"auto\"><li><strong>Diffuseurs d&#039;aromath\u00e9rapie<\/strong> avec des m\u00e9langes d&#039;huiles essentielles inspir\u00e9s de la flore du Sichuan (osmanthus, th\u00e9 vert, pin et bambou)<\/li><li><strong>Kits de sommeil \u00e0 base de plantes<\/strong> avec des sprays d&#039;oreiller, des masques pour les yeux infus\u00e9s au chrysanth\u00e8me et des m\u00e9langes de th\u00e9 apaisants<\/li><li><strong>Tapis de yoga en salle et s\u00e9ances num\u00e9riques guid\u00e9es<\/strong> pour la pratique priv\u00e9e<\/li><li><strong>Syst\u00e8mes d&#039;\u00e9clairage intelligents<\/strong> qui imitent les cycles naturels de lumi\u00e8re du jour pour soutenir les rythmes circadiens<\/li><\/ul><p>Les clients peuvent \u00e9galement demander <strong>rituels de bien-\u00eatre au coucher<\/strong>, y compris des compresses chaudes avec des serviettes, des bains de pieds avec des herbes m\u00e9dicinales et des listes de lecture de musique apaisantes.<\/p><div class=\"py-2 my-3\"><hr \/><\/div><h3><strong>Le Salon de Th\u00e9 et de Tranquillit\u00e9 : Le Bien-\u00catre par le Rituel<\/strong><\/h3><p>Au c\u0153ur de notre philosophie de bien-\u00eatre se trouve <strong>th\u00e9<\/strong>\u2014une pierre angulaire de la culture du Sichuan et un puissant outil d&#039;\u00e9quilibre. Notre <strong>Salon de th\u00e9 et de tranquillit\u00e9<\/strong> c&#039;est plus qu&#039;un caf\u00e9 : c&#039;est un espace de pause consciente, de r\u00e9flexion et de gu\u00e9rison.<\/p><p>Ici, les invit\u00e9s participent \u00e0 :<\/p><ul dir=\"auto\"><li><strong>C\u00e9r\u00e9monies traditionnelles du th\u00e9 Gongfu<\/strong> \u2013 Dirig\u00e9s par un ma\u00eetre de th\u00e9 r\u00e9sident, ces rituels intimes mettent en valeur les th\u00e9s rares de la montagne Mengding, d&#039;Emei et de Ya&#039;an.<\/li><li><strong>Accords th\u00e9 th\u00e9rapeutiques<\/strong> \u2013 M\u00e9langes personnalis\u00e9s con\u00e7us pour favoriser la digestion, l\u2019immunit\u00e9, la relaxation ou l\u2019\u00e9nergie, servis avec des collations l\u00e9g\u00e8res et nourrissantes.<\/li><li><strong>Consultations \u00e0 base de plantes m\u00e9dicinales<\/strong> \u2013 Bas\u00e9s sur les principes de la MTC, nos h\u00f4tes bien-\u00eatre recommandent des infusions \u00e0 base de plantes adapt\u00e9es \u00e0 votre constitution et \u00e0 vos besoins saisonniers.<\/li><\/ul><p>Les rituels du th\u00e9 du soir incluent souvent de la musique guqin en direct ou des lectures de po\u00e9sie, transformant le bien-\u00eatre en une exp\u00e9rience culturelle multisensorielle.<\/p><div class=\"py-2 my-3\"><hr \/><\/div><h3><strong>Bien-\u00eatre durable : prendre soin de vous et de la plan\u00e8te<\/strong><\/h3><p>Notre engagement pour le bien-\u00eatre ne se limite pas \u00e0 nos clients\u00a0: il englobe l\u2019environnement et la communaut\u00e9. L\u2019H\u00f4tel CD YUENCHI est fier d\u2019\u00eatre un <strong>destination bien-\u00eatre durable<\/strong>, avec des pratiques \u00e9co-responsables telles que :<\/p><ul dir=\"auto\"><li><strong>Z\u00e9ro plastique \u00e0 usage unique<\/strong> dans les espaces bien-\u00eatre<\/li><li><strong>Produits de soins biologiques et sans cruaut\u00e9<\/strong> fabriqu\u00e9 avec des plantes du Sichuan<\/li><li><strong>Hammams \u00e9conomes en eau<\/strong> et une climatisation \u00e9conome en \u00e9nergie<\/li><li><strong>Partenariats avec des fermes d&#039;herbes locales<\/strong> qui pratiquent l&#039;agriculture r\u00e9g\u00e9n\u00e9ratrice<\/li><\/ul><p>Nous soutenons \u00e9galement des initiatives de bien-\u00eatre dans la communaut\u00e9 locale, notamment des cours de tai-chi gratuits pour les personnes \u00e2g\u00e9es et des collaborations avec les h\u00f4pitaux de m\u00e9decine traditionnelle chinoise de Chengdu.<\/p><div class=\"py-2 my-3\"><hr \/><\/div><h3><strong>Un voyage bien-\u00eatre unique \u00e0 Chengdu<\/strong><\/h3><p>Ce qui distingue nos installations de bien-\u00eatre, c&#039;est leur <strong>connexion profonde au lieu<\/strong>Il ne s&#039;agit pas d&#039;une exp\u00e9rience spa classique, mais d&#039;une exp\u00e9rience qui refl\u00e8te l&#039;\u00e2me du Sichuan. Du parfum du poivre du Sichuan dans l&#039;air au bruissement du bambou dans la cour, chaque d\u00e9tail vous plonge dans l&#039;\u00e9nergie bienfaisante de la r\u00e9gion.<\/p><p>Que vous soyez ici pour une retraite de rajeunissement de 3 jours, une remise \u00e0 z\u00e9ro apr\u00e8s une conf\u00e9rence ou simplement un apr\u00e8s-midi tranquille de soins personnels, les installations de bien-\u00eatre de <strong>H\u00f4tel CD YUENCHI<\/strong> offrir un cadeau rare dans le monde tr\u00e9pidant d&#039;aujourd&#039;hui : <strong>il est temps de respirer, de se ressourcer et de se rappeler ce que signifie se sentir vraiment bien<\/strong>.<\/p><div class=\"py-2 my-3\"><hr \/><\/div><p data-spm-anchor-id=\"a2ty_o01.29997173.0.i64.652bc921hbIzpS\"><strong>H\u00f4tel CD YUENCHI \u2013 L\u00e0 o\u00f9 la sagesse ancienne rencontre la s\u00e9r\u00e9nit\u00e9 moderne.<\/strong><br \/>D\u00e9couvrez un nouveau standard d&#039;hospitalit\u00e9 holistique au c\u0153ur de Chengdu.<br \/>Votre voyage vers l\u2019\u00e9quilibre commence ici.<\/p>\t\t\t\t\t\t\t\t<\/div>\n\t\t\t\t\t<\/div>\n\t\t\t\t<\/div>\n\t\t<div class=\"elementor-element elementor-element-147dd70 e-flex e-con-boxed e-con e-parent\" data-id=\"147dd70\" data-element_type=\"container\" data-e-type=\"container\">\n\t\t\t\t\t<div class=\"e-con-inner\">\n\t\t\t\t<div class=\"elementor-element elementor-element-838c9a3 elementor-widget elementor-widget-image\" data-id=\"838c9a3\" data-element_type=\"widget\" data-e-type=\"widget\" data-widget_type=\"image.default\">\n\t\t\t\t\t\t\t\t\t\t\t\t\t\t\t<img decoding=\"async\" width=\"724\" height=\"853\" src=\"https:\/\/cdyuenchi.com\/wp-content\/uploads\/2025\/09\/CD-Yuenchi-76.webp\" class=\"attachment-large size-large wp-image-5659\" alt=\"\" srcset=\"https:\/\/cdyuenchi.com\/wp-content\/uploads\/2025\/09\/CD-Yuenchi-76.webp 724w, https:\/\/cdyuenchi.com\/wp-content\/uploads\/2025\/09\/CD-Yuenchi-76-255x300.webp 255w, https:\/\/cdyuenchi.com\/wp-content\/uploads\/2025\/09\/CD-Yuenchi-76-10x12.webp 10w\" sizes=\"(max-width: 724px) 100vw, 724px\" \/>\t\t\t\t\t\t\t\t\t\t\t\t\t\t\t<\/div>\n\t\t\t\t\t<\/div>\n\t\t\t\t<\/div>\n\t\t\t\t<section class=\"elementor-section elementor-top-section elementor-element elementor-element-386501e9 elementor-section-stretched elementor-section-boxed elementor-section-gap-beside-yes elementor-section-height-default elementor-section-height-default elementor-section-column-vertical-align-stretch\" data-id=\"386501e9\" data-element_type=\"section\" data-e-type=\"section\" data-settings=\"{&quot;background_background&quot;:&quot;classic&quot;,&quot;stretch_section&quot;:&quot;section-stretched&quot;}\">\n\t\t\t\t\t\t<div class=\"elementor-container elementor-column-gap-extended\">\n\t\t\t\t\t<div class=\"elementor-column elementor-col-100 elementor-top-column elementor-element elementor-element-7c0b945e\" data-id=\"7c0b945e\" data-element_type=\"column\" data-e-type=\"column\">\n\t\t\t<div class=\"elementor-widget-wrap elementor-element-populated\">\n\t\t\t\t\t\t<div class=\"elementor-element elementor-element-1742f277 elementor-widget elementor-widget-nuss-heading\" data-id=\"1742f277\" data-element_type=\"widget\" data-e-type=\"widget\" data-widget_type=\"nuss-heading.default\">\n\t\t\t\t<div class=\"elementor-widget-container\">\n\t\t\t\t\t\t\t<div class=\"nuss-modern-heading\">\r\n\t\t\t\r\n\t\t\t\t\t\t<div class=\"heading-primary-wrap\">\r\n\t\t\t\t<h2 class=\"heading-primary elementor-heading-title\">Ch\u00e8que disponible <\/h2>\t\t\t<\/div>\r\n\t\t\r\n\t\t\t\r\n\t\t\t\t\t<\/div>\r\n\t\t\t\t\t<\/div>\n\t\t\t\t<\/div>\n\t\t\t\t<div class=\"elementor-element elementor-element-3c1690a7 elementor-widget elementor-widget-text-editor\" data-id=\"3c1690a7\" data-element_type=\"widget\" data-e-type=\"widget\" data-widget_type=\"text-editor.default\">\n\t\t\t\t\t\t\t\t\t<iframe border=\"0\" src=\"https:\/\/www.trip.com\/partners\/ad\/S5278611?Allianceid=4590391&#038;SID=257375959&#038;trip_sub1=\" style=\"width:900px;height:200px\" frameborder=\"0\" scrolling=\"no\" id=\"S5278611\"><\/iframe>\t\t\t\t\t\t\t\t<\/div>\n\t\t\t\t\t<\/div>\n\t\t<\/div>\n\t\t\t\t\t<\/div>\n\t\t<\/section>\n\t\t\t\t<\/div>","protected":false},"excerpt":{"rendered":"<p>Feeling healthy and well is not a luxury but an absolute necessity. Heal both your soul and body with our miraculous treatments and return home as a new person, calm and refreshed. Nestled in the historic and culturally rich Qingyang District of Chengdu, Hotel CD YUENCHI offers more than just a luxurious stay\u2014it invites you [&hellip;]<\/p>\n","protected":false},"author":1,"featured_media":0,"parent":0,"menu_order":0,"comment_status":"closed","ping_status":"closed","template":"","meta":{"footnotes":""},"class_list":["post-2108","page","type-page","status-publish","hentry","post-no-thumbnail"],"_links":{"self":[{"href":"https:\/\/cdyuenchi.com\/fr\/wp-json\/wp\/v2\/pages\/2108","targetHints":{"allow":["GET"]}}],"collection":[{"href":"https:\/\/cdyuenchi.com\/fr\/wp-json\/wp\/v2\/pages"}],"about":[{"href":"https:\/\/cdyuenchi.com\/fr\/wp-json\/wp\/v2\/types\/page"}],"author":[{"embeddable":true,"href":"https:\/\/cdyuenchi.com\/fr\/wp-json\/wp\/v2\/users\/1"}],"replies":[{"embeddable":true,"href":"https:\/\/cdyuenchi.com\/fr\/wp-json\/wp\/v2\/comments?post=2108"}],"version-history":[{"count":0,"href":"https:\/\/cdyuenchi.com\/fr\/wp-json\/wp\/v2\/pages\/2108\/revisions"}],"wp:attachment":[{"href":"https:\/\/cdyuenchi.com\/fr\/wp-json\/wp\/v2\/media?parent=2108"}],"curies":[{"name":"wp","href":"https:\/\/api.w.org\/{rel}","templated":true}]}}