{"id":2109,"date":"2021-03-26T08:35:58","date_gmt":"2021-03-26T08:35:58","guid":{"rendered":"http:\/\/localhost\/nuss\/?page_id=536"},"modified":"2025-09-09T03:10:49","modified_gmt":"2025-09-09T03:10:49","slug":"installations-commerciales","status":"publish","type":"page","link":"https:\/\/cdyuenchi.com\/fr\/business-facilities\/","title":{"rendered":"Installations commerciales"},"content":{"rendered":"<div data-elementor-type=\"wp-page\" data-elementor-id=\"2109\" class=\"elementor elementor-2109\">\n\t\t\t\t\t\t<section class=\"elementor-section elementor-top-section elementor-element elementor-element-bb2901b elementor-section-boxed elementor-section-gap-beside-yes elementor-section-height-default elementor-section-height-default elementor-section-column-vertical-align-stretch\" data-id=\"bb2901b\" data-element_type=\"section\" data-e-type=\"section\">\n\t\t\t\t\t\t<div class=\"elementor-container elementor-column-gap-extended\">\n\t\t\t\t\t<div class=\"elementor-column elementor-col-100 elementor-top-column elementor-element elementor-element-1919db9\" data-id=\"1919db9\" data-element_type=\"column\" data-e-type=\"column\">\n\t\t\t<div class=\"elementor-widget-wrap elementor-element-populated\">\n\t\t\t\t\t\t<div class=\"elementor-element elementor-element-41a7b9c elementor-widget__width-initial elementor-invisible elementor-widget elementor-widget-text-editor\" data-id=\"41a7b9c\" data-element_type=\"widget\" data-e-type=\"widget\" data-settings=\"{&quot;_animation&quot;:&quot;nussFadeInUp&quot;}\" data-widget_type=\"text-editor.default\">\n\t\t\t\t\t\t\t\t\t<p>\u00c0 <strong>H\u00f4tel CD YUENCHI<\/strong>, situ\u00e9 \u00e0 <strong data-spm-anchor-id=\"a2ty_o01.29997173.0.i19.652bc921hbIzpS\">No. 28 rue Wuyuegong, district de Qingyang, Chengdu, Sichuan 610017, Chine<\/strong>Les voyageurs d\u2019affaires ne sont pas seulement h\u00e9berg\u00e9s, ils sont responsabilis\u00e9s.<\/p>\t\t\t\t\t\t\t\t<\/div>\n\t\t\t\t\t<\/div>\n\t\t<\/div>\n\t\t\t\t\t<\/div>\n\t\t<\/section>\n\t\t\t\t<section class=\"elementor-section elementor-top-section elementor-element elementor-element-fad87ed elementor-section-boxed elementor-section-gap-beside-yes elementor-section-height-default elementor-section-height-default elementor-section-column-vertical-align-stretch\" data-id=\"fad87ed\" data-element_type=\"section\" data-e-type=\"section\">\n\t\t\t\t\t\t<div class=\"elementor-container elementor-column-gap-extended\">\n\t\t\t\t\t<div class=\"elementor-column elementor-col-50 elementor-top-column elementor-element elementor-element-9b3c6b5\" data-id=\"9b3c6b5\" data-element_type=\"column\" data-e-type=\"column\">\n\t\t\t<div class=\"elementor-widget-wrap elementor-element-populated\">\n\t\t\t\t\t\t<div class=\"elementor-element elementor-element-ce91d58 elementor-invisible nuss-elementor-loading nuss-slide-in-right elementor-widget elementor-widget-image\" data-id=\"ce91d58\" data-element_type=\"widget\" data-e-type=\"widget\" data-settings=\"{&quot;_animation&quot;:&quot;nussSlideInRight&quot;}\" data-widget_type=\"image.default\">\n\t\t\t\t\t\t\t\t\t\t\t\t\t\t\t<img fetchpriority=\"high\" decoding=\"async\" width=\"1277\" height=\"853\" src=\"https:\/\/cdyuenchi.com\/wp-content\/uploads\/2025\/09\/CD-Yuenchi-106.webp\" class=\"attachment-full size-full wp-image-5582\" alt=\"\" srcset=\"https:\/\/cdyuenchi.com\/wp-content\/uploads\/2025\/09\/CD-Yuenchi-106.webp 1277w, https:\/\/cdyuenchi.com\/wp-content\/uploads\/2025\/09\/CD-Yuenchi-106-300x200.webp 300w, https:\/\/cdyuenchi.com\/wp-content\/uploads\/2025\/09\/CD-Yuenchi-106-1024x684.webp 1024w, https:\/\/cdyuenchi.com\/wp-content\/uploads\/2025\/09\/CD-Yuenchi-106-768x513.webp 768w, https:\/\/cdyuenchi.com\/wp-content\/uploads\/2025\/09\/CD-Yuenchi-106-18x12.webp 18w\" sizes=\"(max-width: 1277px) 100vw, 1277px\" \/>\t\t\t\t\t\t\t\t\t\t\t\t\t\t\t<\/div>\n\t\t\t\t\t<\/div>\n\t\t<\/div>\n\t\t\t\t<div class=\"elementor-column elementor-col-50 elementor-top-column elementor-element elementor-element-27e1142\" data-id=\"27e1142\" data-element_type=\"column\" data-e-type=\"column\">\n\t\t\t<div class=\"elementor-widget-wrap elementor-element-populated\">\n\t\t\t\t\t\t<div class=\"elementor-element elementor-element-46af239 elementor-invisible elementor-widget elementor-widget-text-editor\" data-id=\"46af239\" data-element_type=\"widget\" data-e-type=\"widget\" data-settings=\"{&quot;_animation&quot;:&quot;nussFadeInUp&quot;}\" data-widget_type=\"text-editor.default\">\n\t\t\t\t\t\t\t\t\t<p>Con\u00e7u pour les professionnels modernes, notre h\u00f4tel propose une gamme compl\u00e8te de services <strong>des installations commerciales de pointe<\/strong> alliant harmonieusement fonctionnalit\u00e9, \u00e9l\u00e9gance et sophistication technologique. Que vous organisiez une r\u00e9union d&#039;entreprise \u00e0 enjeux \u00e9lev\u00e9s, meniez des n\u00e9gociations internationales, organisiez un lancement de produit ou g\u00e9riez simplement votre flux de travail quotidien en d\u00e9placement, l&#039;H\u00f4tel CD YUENCHI offre l&#039;environnement id\u00e9al pour stimuler la productivit\u00e9, favoriser la collaboration et garantir la r\u00e9ussite.<\/p>\t\t\t\t\t\t\t\t<\/div>\n\t\t\t\t\t<\/div>\n\t\t<\/div>\n\t\t\t\t\t<\/div>\n\t\t<\/section>\n\t\t<div class=\"elementor-element elementor-element-aba64f1 e-flex e-con-boxed e-con e-parent\" data-id=\"aba64f1\" data-element_type=\"container\" data-e-type=\"container\">\n\t\t\t\t\t<div class=\"e-con-inner\">\n\t\t\t\t<div class=\"elementor-element elementor-element-058dab7 elementor-widget elementor-widget-text-editor\" data-id=\"058dab7\" data-element_type=\"widget\" data-e-type=\"widget\" data-widget_type=\"text-editor.default\">\n\t\t\t\t\t\t\t\t\t<p data-spm-anchor-id=\"a2ty_o01.29997173.0.i21.652bc921hbIzpS\">Situ\u00e9 au c\u0153ur de l&#039;un des quartiers les plus dynamiques et les plus riches en histoire de Chengdu, l&#039;h\u00f4tel b\u00e9n\u00e9ficie d&#039;un emplacement strat\u00e9gique pour accueillir les voyageurs d&#039;affaires nationaux et internationaux. Le district de Qingyang est un p\u00f4le commercial et culturel dynamique, abritant des institutions gouvernementales, des centres financiers, des start-ups technologiques et des multinationales. Gr\u00e2ce \u00e0 un acc\u00e8s facile aux principaux axes de transport, notamment \u00e0 proximit\u00e9 de l&#039;a\u00e9roport international de Chengdu Shuangliu (\u00e0 environ 20 km), de la gare de Chengdu Est et de plusieurs lignes de m\u00e9tro, l&#039;h\u00f4tel CD YUENCHI vous assure un d\u00e9roulement rapide de votre programme d&#039;affaires.<\/p><h3><strong>Espaces de r\u00e9union et de conf\u00e9rence de pointe<\/strong><\/h3><p>Notre <strong data-spm-anchor-id=\"a2ty_o01.29997173.0.i20.652bc921hbIzpS\">salles de conf\u00e9rence et de banquet multifonctionnelles<\/strong> D&#039;une superficie de plus de 500 m\u00e8tres carr\u00e9s, nos salles sont con\u00e7ues pour accueillir des \u00e9v\u00e9nements de toutes tailles, des r\u00e9unions de conseil intimes pour 10 dirigeants aux grands galas d&#039;entreprise pouvant accueillir jusqu&#039;\u00e0 300 invit\u00e9s. La pi\u00e8ce ma\u00eetresse de nos prestations est le <strong>Grande salle de bal YUENCHI<\/strong>, un espace sans piliers, \u00e9l\u00e9gamment am\u00e9nag\u00e9, avec de grandes baies vitr\u00e9es qui inondent la pi\u00e8ce de lumi\u00e8re naturelle. Enti\u00e8rement divisible en trois sections distinctes, la salle de bal offre une flexibilit\u00e9 in\u00e9gal\u00e9e pour les conf\u00e9rences, les expositions de produits, les s\u00e9minaires et les \u00e9v\u00e9nements de r\u00e9seautage.<\/p><p>La salle de bal est compl\u00e9t\u00e9e par <strong>trois salles de r\u00e9union ex\u00e9cutives<\/strong>, chacune \u00e9quip\u00e9e de murs insonoris\u00e9s, d&#039;une climatisation intelligente et d&#039;un mobilier modulable pour des tables rondes, des pr\u00e9sentations ou des ateliers. Ces salles portent le nom de sites culturels embl\u00e9matiques du Sichuan \u2013 Jinsha, Dujiangyan et Qingcheng \u2013 insufflant une touche locale \u00e0 chaque r\u00e9union professionnelle.<\/p><h3><strong>Technologie avanc\u00e9e et connectivit\u00e9<\/strong><\/h3><p>Dans le monde des affaires actuel, o\u00f9 tout va tr\u00e8s vite, une technologie performante est incontournable. \u00c0 l&#039;H\u00f4tel CD YUENCHI, nous vous offrons <strong>connectivit\u00e9 Wi-Fi 6 de niveau entreprise<\/strong> dans tous les secteurs d&#039;activit\u00e9, garantissant un acc\u00e8s Internet haut d\u00e9bit stable pour la visioconf\u00e9rence, la collaboration cloud et le partage de donn\u00e9es en temps r\u00e9el. Chaque espace de r\u00e9union est \u00e9quip\u00e9 <strong>Syst\u00e8mes de projection ultra-HD 4K<\/strong>, mise en miroir d&#039;\u00e9cran sans fil (compatible avec iOS, Android et Windows), plates-formes de visioconf\u00e9rence int\u00e9gr\u00e9es (Zoom, Microsoft Teams, Tencent Meeting) et connectivit\u00e9 HDMI multi-entr\u00e9es.<\/p><p>Notre \u00e9quipe d\u00e9di\u00e9e <strong>Bureau d&#039;assistance technique aux entreprises<\/strong> fonctionne 24h\/24 et 7j\/7, avec un personnel informatique multilingue qui peut vous aider avec la configuration audiovisuelle, les connexions des invit\u00e9s \u00e0 distance, la diffusion en direct et le d\u00e9pannage technique, garantissant ainsi que votre \u00e9v\u00e9nement se d\u00e9roule parfaitement du d\u00e9but \u00e0 la fin.<\/p><h3><strong>Centre d&#039;affaires d\u00e9di\u00e9 et services ex\u00e9cutifs<\/strong><\/h3><p>Pour les clients n\u00e9cessitant des espaces de travail priv\u00e9s, le <strong>Salon d&#039;affaires YUENCHI<\/strong> Offre un environnement calme et professionnel \u00e9quip\u00e9 de postes de travail ergonomiques, de configurations double \u00e9cran, de services d&#039;impression et de num\u00e9risation, ainsi que d&#039;un espace de stockage s\u00e9curis\u00e9 pour vos documents. Ouvert 24h\/24, le salon est id\u00e9al pour les pr\u00e9sentations de derni\u00e8re minute, les appels internationaux ou pour consulter vos e-mails sans distraction.<\/p><p>Les services gratuits comprennent <strong>impression express, exp\u00e9dition par courrier (DHL, SF Express, EMS), r\u00e9f\u00e9rences de notaires, coordination de l&#039;assistance aux visas et assistance \u00e0 la traduction<\/strong> En anglais, mandarin et japonais. Notre \u00e9quipe de conciergerie propose \u00e9galement une planification logistique sur mesure pour vos missions professionnelles hors site, incluant des services de voiture avec chauffeur et la prise de rendez-vous avec des partenaires locaux.<\/p><h3><strong>Planification d&#039;\u00e9v\u00e9nements professionnels et accompagnement personnalis\u00e9<\/strong><\/h3><p>L&#039;h\u00f4tel CD YUENCHI est fier de son <strong>\u00e9quipe interne de gestion d&#039;\u00e9v\u00e9nements<\/strong>, compos\u00e9e de professionnels chevronn\u00e9s poss\u00e9dant une vaste exp\u00e9rience en coordination d&#039;\u00e9v\u00e9nements d&#039;entreprise dans des secteurs tels que la finance, la technologie, la sant\u00e9 et l&#039;industrie manufacturi\u00e8re. De l&#039;\u00e9laboration du concept initial \u00e0 l&#039;analyse post-\u00e9v\u00e9nement, nos organisateurs g\u00e8rent chaque d\u00e9tail\u00a0: restauration, d\u00e9coration, production audiovisuelle, inscription des invit\u00e9s et diffusion hybride de l&#039;\u00e9v\u00e9nement, vous permettant ainsi de vous concentrer pleinement sur vos objectifs.<\/p><p>Nous offrons <strong>forfaits d&#039;affaires personnalisables<\/strong> qui comprennent des pauses-caf\u00e9 avec des th\u00e9s du Sichuan d&#039;origine locale et des p\u00e2tisseries artisanales, des d\u00e9jeuners gastronomiques proposant des interpr\u00e9tations modernes de la cuisine r\u00e9gionale et des r\u00e9ceptions en soir\u00e9e avec des spectacles culturels en direct, tels que des changements de visage d&#039;op\u00e9ra du Sichuan ou de la musique guzheng, ajoutant une saveur locale distinctive \u00e0 votre r\u00e9union d&#039;entreprise.<\/p><h3><strong>Durabilit\u00e9 et bien-\u00eatre au travail<\/strong><\/h3><p>Conscients que la productivit\u00e9 prosp\u00e8re dans des environnements sains, nos installations commerciales int\u00e8grent <strong>\u00e9l\u00e9ments de conception biophiliques<\/strong>, notamment des espaces verts int\u00e9rieurs, un \u00e9clairage naturel et des syst\u00e8mes de purification de l&#039;air qui maintiennent une qualit\u00e9 d&#039;air int\u00e9rieure optimale. Nous nous engageons \u00e9galement \u00e0 adopter des pratiques commerciales durables, en proposant des bornes d&#039;inscription num\u00e9riques, des solutions \u00e9v\u00e9nementielles sans papier et des options de restauration \u00e9co-responsables avec des menus \u00e0 base de plantes et z\u00e9ro plastique \u00e0 usage unique.<\/p><p>Pour les cadres en qu\u00eate d&#039;\u00e9quilibre, notre <strong>Concierge bien-\u00eatre<\/strong> peut organiser des s\u00e9ances de yoga en chambre, des massages th\u00e9rapeutiques \u00e0 la demande ou des pauses de pleine conscience guid\u00e9es entre les r\u00e9unions, car une performance optimale commence par le bien-\u00eatre.<\/p><h3><strong>Un emplacement strat\u00e9gique rencontre l&#039;excellence professionnelle<\/strong><\/h3><p>Situ\u00e9 au c\u0153ur du quartier administratif et commercial de Chengdu, l&#039;h\u00f4tel CD YUENCHI se trouve \u00e0 quelques pas des principaux quartiers d&#039;affaires, des bureaux gouvernementaux et des parcs d&#039;innovation tels que le Tianfu Software Park. Sa proximit\u00e9 avec les grandes institutions financi\u00e8res, les cabinets juridiques et les incubateurs technologiques en fait le choix privil\u00e9gi\u00e9 des professionnels en qu\u00eate de confort et de prestige.<\/p><p>Que vous concluiez un contrat de plusieurs millions de dollars, organisiez une retraite d&#039;\u00e9quipe ou participiez \u00e0 un sommet r\u00e9gional, l&#039;H\u00f4tel CD YUENCHI transcende le r\u00f4le d&#039;un h\u00f4tel traditionnel. C&#039;est un <strong>\u00e9cosyst\u00e8me d&#039;affaires dynamique<\/strong>\u2014o\u00f9 l\u2019innovation rencontre l\u2019inspiration et o\u00f9 chaque d\u00e9tail est con\u00e7u pour l\u2019excellence professionnelle.<\/p><p data-spm-anchor-id=\"a2ty_o01.29997173.0.i22.652bc921hbIzpS\">\u00c0 l&#039;H\u00f4tel CD YUENCHI, nous ne nous contentons pas d&#039;accueillir des clients, nous les magnifions. D\u00e9couvrez une nouvelle r\u00e9f\u00e9rence en mati\u00e8re d&#039;hospitalit\u00e9 d&#039;entreprise, o\u00f9 des installations de pointe, un service personnalis\u00e9 et l&#039;esprit d&#039;hospitalit\u00e9 de Chengdu se conjuguent pour cr\u00e9er des exp\u00e9riences d&#039;affaires inoubliables.<\/p>\t\t\t\t\t\t\t\t<\/div>\n\t\t\t\t\t<\/div>\n\t\t\t\t<\/div>\n\t\t\t\t<section class=\"elementor-section elementor-top-section elementor-element elementor-element-6e02e0aa elementor-section-stretched elementor-section-boxed elementor-section-gap-beside-yes elementor-section-height-default elementor-section-height-default elementor-section-column-vertical-align-stretch\" data-id=\"6e02e0aa\" data-element_type=\"section\" data-e-type=\"section\" data-settings=\"{&quot;background_background&quot;:&quot;classic&quot;,&quot;stretch_section&quot;:&quot;section-stretched&quot;}\">\n\t\t\t\t\t\t<div class=\"elementor-container elementor-column-gap-extended\">\n\t\t\t\t\t<div class=\"elementor-column elementor-col-100 elementor-top-column elementor-element elementor-element-27af3461\" data-id=\"27af3461\" data-element_type=\"column\" data-e-type=\"column\">\n\t\t\t<div class=\"elementor-widget-wrap elementor-element-populated\">\n\t\t\t\t\t\t<div class=\"elementor-element elementor-element-7a61a463 elementor-widget elementor-widget-nuss-heading\" data-id=\"7a61a463\" data-element_type=\"widget\" data-e-type=\"widget\" data-widget_type=\"nuss-heading.default\">\n\t\t\t\t<div class=\"elementor-widget-container\">\n\t\t\t\t\t\t\t<div class=\"nuss-modern-heading\">\r\n\t\t\t\r\n\t\t\t\t\t\t<div class=\"heading-primary-wrap\">\r\n\t\t\t\t<h2 class=\"heading-primary elementor-heading-title\">Ch\u00e8que disponible <\/h2>\t\t\t<\/div>\r\n\t\t\r\n\t\t\t\r\n\t\t\t\t\t<\/div>\r\n\t\t\t\t\t<\/div>\n\t\t\t\t<\/div>\n\t\t\t\t<div class=\"elementor-element elementor-element-18934969 elementor-widget elementor-widget-text-editor\" data-id=\"18934969\" data-element_type=\"widget\" data-e-type=\"widget\" data-widget_type=\"text-editor.default\">\n\t\t\t\t\t\t\t\t\t<iframe border=\"0\" src=\"https:\/\/www.trip.com\/partners\/ad\/S5278611?Allianceid=4590391&#038;SID=257375959&#038;trip_sub1=\" style=\"width:900px;height:200px\" frameborder=\"0\" scrolling=\"no\" id=\"S5278611\"><\/iframe>\t\t\t\t\t\t\t\t<\/div>\n\t\t\t\t\t<\/div>\n\t\t<\/div>\n\t\t\t\t\t<\/div>\n\t\t<\/section>\n\t\t\t\t<\/div>","protected":false},"excerpt":{"rendered":"<p>At Hotel CD YUENCHI, located at No. 28 Wuyuegong Street, Qingyang District, Chengdu, Sichuan 610017, China, business travelers are not just accommodated\u2014they are empowered. Designed with the modern professional in mind, our hotel offers a comprehensive suite of state-of-the-art business facilities that seamlessly blend functionality, elegance, and technological sophistication. Whether you&#8217;re hosting a high-stakes corporate [&hellip;]<\/p>\n","protected":false},"author":1,"featured_media":0,"parent":0,"menu_order":0,"comment_status":"closed","ping_status":"closed","template":"","meta":{"footnotes":""},"class_list":["post-2109","page","type-page","status-publish","hentry","post-no-thumbnail"],"_links":{"self":[{"href":"https:\/\/cdyuenchi.com\/fr\/wp-json\/wp\/v2\/pages\/2109","targetHints":{"allow":["GET"]}}],"collection":[{"href":"https:\/\/cdyuenchi.com\/fr\/wp-json\/wp\/v2\/pages"}],"about":[{"href":"https:\/\/cdyuenchi.com\/fr\/wp-json\/wp\/v2\/types\/page"}],"author":[{"embeddable":true,"href":"https:\/\/cdyuenchi.com\/fr\/wp-json\/wp\/v2\/users\/1"}],"replies":[{"embeddable":true,"href":"https:\/\/cdyuenchi.com\/fr\/wp-json\/wp\/v2\/comments?post=2109"}],"version-history":[{"count":0,"href":"https:\/\/cdyuenchi.com\/fr\/wp-json\/wp\/v2\/pages\/2109\/revisions"}],"wp:attachment":[{"href":"https:\/\/cdyuenchi.com\/fr\/wp-json\/wp\/v2\/media?parent=2109"}],"curies":[{"name":"wp","href":"https:\/\/api.w.org\/{rel}","templated":true}]}}