{"id":612,"date":"2021-03-26T10:04:13","date_gmt":"2021-03-26T10:04:13","guid":{"rendered":"http:\/\/localhost\/nuss\/?page_id=612"},"modified":"2025-09-09T04:02:17","modified_gmt":"2025-09-09T04:02:17","slug":"restaurant","status":"publish","type":"page","link":"https:\/\/cdyuenchi.com\/fr\/restaurant\/","title":{"rendered":"Restaurant"},"content":{"rendered":"<div data-elementor-type=\"wp-page\" data-elementor-id=\"612\" class=\"elementor elementor-612\">\n\t\t\t\t\t\t<section class=\"elementor-section elementor-top-section elementor-element elementor-element-e2effe8 elementor-section-boxed elementor-section-gap-beside-yes elementor-section-height-default elementor-section-height-default elementor-section-column-vertical-align-stretch\" data-id=\"e2effe8\" data-element_type=\"section\" data-e-type=\"section\">\n\t\t\t\t\t\t<div class=\"elementor-container elementor-column-gap-extended\">\n\t\t\t\t\t<div class=\"elementor-column elementor-col-100 elementor-top-column elementor-element elementor-element-e18f688\" data-id=\"e18f688\" data-element_type=\"column\" data-e-type=\"column\">\n\t\t\t<div class=\"elementor-widget-wrap elementor-element-populated\">\n\t\t\t\t\t\t<div class=\"elementor-element elementor-element-6db146d elementor-widget__width-initial elementor-invisible elementor-widget elementor-widget-text-editor\" data-id=\"6db146d\" data-element_type=\"widget\" data-e-type=\"widget\" data-settings=\"{&quot;_animation&quot;:&quot;nussFadeInUp&quot;}\" data-widget_type=\"text-editor.default\">\n\t\t\t\t\t\t\t\t\t<p><strong data-spm-anchor-id=\"a2ty_o01.29997173.0.i51.652bc921hbIzpS\">Savourez l&#039;\u00e2me du Sichuan\u00a0: un voyage culinaire exquis au restaurant de l&#039;h\u00f4tel CD YUENCHI, Chengdu<\/strong><\/p>\t\t\t\t\t\t\t\t<\/div>\n\t\t\t\t\t<\/div>\n\t\t<\/div>\n\t\t\t\t\t<\/div>\n\t\t<\/section>\n\t\t<div class=\"elementor-element elementor-element-9af90e5 e-flex e-con-boxed e-con e-parent\" data-id=\"9af90e5\" data-element_type=\"container\" data-e-type=\"container\">\n\t\t\t\t\t<div class=\"e-con-inner\">\n\t\t\t\t<div class=\"elementor-element elementor-element-f5c22c6 elementor-widget elementor-widget-nuss-image-gallery\" data-id=\"f5c22c6\" data-element_type=\"widget\" data-e-type=\"widget\" data-widget_type=\"nuss-image-gallery.default\">\n\t\t\t\t<div class=\"elementor-widget-container\">\n\t\t\t\t\t\t\t<div class=\"nuss-grid-wrapper\" data-grid=\"{&quot;type&quot;:&quot;grid&quot;,&quot;ratio&quot;:null,&quot;columns&quot;:3,&quot;gutter&quot;:30}\">\r\n\t\t\t<div class=\"nuss-grid lazy-grid\">\r\n\t\t\t\t<div class=\"grid-sizer\"><\/div>\r\n\r\n\t\t\t\t\t\t\t\t\t\t\t\t<div class=\"grid-item\">\r\n\t\t\t\t\t\t<div class=\"nuss-box\">\t\t<div class=\"nuss-image image\">\r\n\t\t\t<img decoding=\"async\"  src=\"https:\/\/cdyuenchi.com\/wp-content\/uploads\/2025\/09\/CD-Yuenchi-61.webp\" alt=\"CD Yuenchi (61)\" \/>\t\t<\/div>\r\n\t\t\t\t<\/div>\t\t\t\t\t<\/div>\r\n\t\t\t\t\t\t<div class=\"grid-item\">\r\n\t\t\t\t\t\t<div class=\"nuss-box\">\t\t<div class=\"nuss-image image\">\r\n\t\t\t<img decoding=\"async\"  src=\"https:\/\/cdyuenchi.com\/wp-content\/uploads\/2025\/09\/CD-Yuenchi-60.webp\" alt=\"CD Yuenchi (60)\" \/>\t\t<\/div>\r\n\t\t\t\t<\/div>\t\t\t\t\t<\/div>\r\n\t\t\t\t\t\t<div class=\"grid-item\">\r\n\t\t\t\t\t\t<div class=\"nuss-box\">\t\t<div class=\"nuss-image image\">\r\n\t\t\t<img decoding=\"async\"  src=\"https:\/\/cdyuenchi.com\/wp-content\/uploads\/2025\/09\/CD-Yuenchi-59.webp\" alt=\"CD Yuenchi (59)\" \/>\t\t<\/div>\r\n\t\t\t\t<\/div>\t\t\t\t\t<\/div>\r\n\t\t\t\t\t\t<div class=\"grid-item\">\r\n\t\t\t\t\t\t<div class=\"nuss-box\">\t\t<div class=\"nuss-image image\">\r\n\t\t\t<img decoding=\"async\"  src=\"https:\/\/cdyuenchi.com\/wp-content\/uploads\/2025\/09\/CD-Yuenchi-58.webp\" alt=\"CD Yuenchi (58)\" \/>\t\t<\/div>\r\n\t\t\t\t<\/div>\t\t\t\t\t<\/div>\r\n\t\t\t\t\t\t<div class=\"grid-item\">\r\n\t\t\t\t\t\t<div class=\"nuss-box\">\t\t<div class=\"nuss-image image\">\r\n\t\t\t<img decoding=\"async\"  src=\"https:\/\/cdyuenchi.com\/wp-content\/uploads\/2025\/09\/CD-Yuenchi-56.webp\" alt=\"CD Yuenchi (56)\" \/>\t\t<\/div>\r\n\t\t\t\t<\/div>\t\t\t\t\t<\/div>\r\n\t\t\t\t\t\t<div class=\"grid-item\">\r\n\t\t\t\t\t\t<div class=\"nuss-box\">\t\t<div class=\"nuss-image image\">\r\n\t\t\t<img decoding=\"async\"  src=\"https:\/\/cdyuenchi.com\/wp-content\/uploads\/2025\/09\/CD-Yuenchi-105.webp\" alt=\"CD Yuenchi (105)\" \/>\t\t<\/div>\r\n\t\t\t\t<\/div>\t\t\t\t\t<\/div>\r\n\t\t\t\t\t\t<div class=\"grid-item\">\r\n\t\t\t\t\t\t<div class=\"nuss-box\">\t\t<div class=\"nuss-image image\">\r\n\t\t\t<img decoding=\"async\"  src=\"https:\/\/cdyuenchi.com\/wp-content\/uploads\/2025\/09\/CD-Yuenchi-104.webp\" alt=\"CD Yuenchi (104)\" \/>\t\t<\/div>\r\n\t\t\t\t<\/div>\t\t\t\t\t<\/div>\r\n\t\t\t\t\t\t<div class=\"grid-item\">\r\n\t\t\t\t\t\t<div class=\"nuss-box\">\t\t<div class=\"nuss-image image\">\r\n\t\t\t<img decoding=\"async\"  src=\"https:\/\/cdyuenchi.com\/wp-content\/uploads\/2025\/09\/CD-Yuenchi-71.webp\" alt=\"CD Yuenchi (71)\" \/>\t\t<\/div>\r\n\t\t\t\t<\/div>\t\t\t\t\t<\/div>\r\n\t\t\t\t\t\t<div class=\"grid-item\">\r\n\t\t\t\t\t\t<div class=\"nuss-box\">\t\t<div class=\"nuss-image image\">\r\n\t\t\t<img decoding=\"async\"  src=\"https:\/\/cdyuenchi.com\/wp-content\/uploads\/2025\/09\/CD-Yuenchi-10.webp\" alt=\"CD Yuenchi (10)\" \/>\t\t<\/div>\r\n\t\t\t\t<\/div>\t\t\t\t\t<\/div>\r\n\t\t\t\t\t\t<div class=\"grid-item\">\r\n\t\t\t\t\t\t<div class=\"nuss-box\">\t\t<div class=\"nuss-image image\">\r\n\t\t\t<img decoding=\"async\"  src=\"https:\/\/cdyuenchi.com\/wp-content\/uploads\/2025\/09\/CD-Yuenchi-74.webp\" alt=\"CD Yuenchi (74)\" \/>\t\t<\/div>\r\n\t\t\t\t<\/div>\t\t\t\t\t<\/div>\r\n\t\t\t\t\t\t<div class=\"grid-item\">\r\n\t\t\t\t\t\t<div class=\"nuss-box\">\t\t<div class=\"nuss-image image\">\r\n\t\t\t<img decoding=\"async\"  src=\"https:\/\/cdyuenchi.com\/wp-content\/uploads\/2025\/09\/CD-Yuenchi-95.webp\" alt=\"CD Yuenchi (95)\" \/>\t\t<\/div>\r\n\t\t\t\t<\/div>\t\t\t\t\t<\/div>\r\n\t\t\t\t\t\t<div class=\"grid-item\">\r\n\t\t\t\t\t\t<div class=\"nuss-box\">\t\t<div class=\"nuss-image image\">\r\n\t\t\t<img decoding=\"async\"  src=\"https:\/\/cdyuenchi.com\/wp-content\/uploads\/2025\/09\/CD-Yuenchi-52.webp\" alt=\"CD Yuenchi (52)\" \/>\t\t<\/div>\r\n\t\t\t\t<\/div>\t\t\t\t\t<\/div>\r\n\t\t\t\t\t\t\t\r\n\t\t\t<\/div>\r\n\t\t<\/div>\r\n\t\t\t\t\t\t<\/div>\n\t\t\t\t<\/div>\n\t\t\t\t\t<\/div>\n\t\t\t\t<\/div>\n\t\t<div class=\"elementor-element elementor-element-3fbd4ca e-flex e-con-boxed e-con e-parent\" data-id=\"3fbd4ca\" data-element_type=\"container\" data-e-type=\"container\">\n\t\t\t\t\t<div class=\"e-con-inner\">\n\t\t\t\t<div class=\"elementor-element elementor-element-d755ece elementor-widget elementor-widget-text-editor\" data-id=\"d755ece\" data-element_type=\"widget\" data-e-type=\"widget\" data-widget_type=\"text-editor.default\">\n\t\t\t\t\t\t\t\t\t<p data-spm-anchor-id=\"a2ty_o01.29997173.0.i52.652bc921hbIzpS\">Au c\u0153ur de <strong>H\u00f4tel CD YUENCHI<\/strong>, nich\u00e9 dans le quartier historique <strong>District de Qingyang<\/strong> \u00e0 <strong>No. 28 rue Wuyuegong, Chengdu, Sichuan 610017, Chine<\/strong>, se trouve un sanctuaire culinaire qui c\u00e9l\u00e8bre les saveurs audacieuses, aromatiques et profond\u00e9ment \u00e9mouvantes de l&#039;une des r\u00e9gions gastronomiques les plus c\u00e9l\u00e8bres de Chine.<strong>Sichuan<\/strong>Notre restaurant signature sur place n&#039;est pas simplement un lieu o\u00f9 d\u00eener, c&#039;est un <strong>c\u00e9l\u00e9bration du patrimoine, de l&#039;artisanat et de la saveur<\/strong>, o\u00f9 chaque plat raconte une histoire et chaque repas devient une exp\u00e9rience m\u00e9morable.<\/p><p>Chengdu, ville gastronomique reconnue par l&#039;UNESCO, est mondialement connue pour ses \u00e9pices ardentes, ses grains de poivre engourdissants et l&#039;\u00e9quilibre astucieux de <em>mala<\/em> (\u00e9pic\u00e9 et engourdissant) qui d\u00e9finit la cuisine du Sichuan. <strong>Restaurant de l&#039;h\u00f4tel CD YUENCHI<\/strong>Nous honorons cet h\u00e9ritage avec r\u00e9v\u00e9rence et innovation, en \u00e9laborant un menu qui rend hommage aux recettes traditionnelles transmises de g\u00e9n\u00e9ration en g\u00e9n\u00e9ration, tout en adoptant des techniques modernes et un approvisionnement durable pour rehausser l&#039;exp\u00e9rience culinaire du voyageur exigeant d&#039;aujourd&#039;hui.<\/p><div class=\"my-2\">\u00a0<\/div><h3><strong>Une philosophie culinaire ancr\u00e9e dans l&#039;authenticit\u00e9<\/strong><\/h3><p>Notre cuisine est dirig\u00e9e par une \u00e9quipe de <strong>ma\u00eetres chefs n\u00e9s et \u00e9lev\u00e9s au Sichuan<\/strong>, chacun fort de plusieurs d\u00e9cennies d&#039;exp\u00e9rience en cuisine r\u00e9gionale. Ils sont convaincus que la v\u00e9ritable saveur na\u00eet bien avant que le wok ne chauffe\u00a0: gr\u00e2ce \u00e0 la qualit\u00e9 des ingr\u00e9dients, au rythme de la pr\u00e9paration et \u00e0 l&#039;esprit de partage. Des nouilles effiloch\u00e9es \u00e0 la main, pr\u00e9par\u00e9es \u00e0 l&#039;aube, au doubanjiang (p\u00e2te de f\u00e8ves) ferment\u00e9 maison, chaque \u00e9l\u00e9ment est \u00e9labor\u00e9 avec soin.<\/p><p>Nous nous approvisionnons en produits aupr\u00e8s de <strong>fermes locales de la plaine de Chengdu<\/strong>, garantissant des l\u00e9gumes d&#039;une fra\u00eecheur exceptionnelle, des viandes \u00e9lev\u00e9es en plein air et des herbes sauvages. Nos feuilles de th\u00e9 sont r\u00e9colt\u00e9es sur les pentes brumeuses de <strong>Montagne Mengding<\/strong>, et nos grains de poivre du Sichuan proviennent de <strong>Comt\u00e9 de Hanyuan<\/strong>, r\u00e9put\u00e9s pour leur ar\u00f4me floral et leur finale p\u00e9tillante. Cet engagement envers l&#039;authenticit\u00e9 nous a valu la reconnaissance non seulement de nos clients, mais aussi des critiques gastronomiques locaux, qui qualifient notre restaurant de \u00ab l&#039;une des expressions les plus authentiques des saveurs du Sichuan, au centre de Chengdu \u00bb.<\/p><div class=\"my-2\">\u00a0<\/div><h3><strong>Un menu qui raconte une histoire<\/strong><\/h3><p>Le menu du restaurant de l&#039;h\u00f4tel CD YUENCHI est un voyage organis\u00e9 \u00e0 travers le <strong>saisons, r\u00e9gions et traditions du Sichuan<\/strong>Commencez votre repas avec des hors-d&#039;\u0153uvre d\u00e9licats comme <em>Nouilles Dan Dan<\/em> servi avec un bouillon riche au s\u00e9same et un soup\u00e7on d&#039;huile de piment, ou <em>Poitrine de porc \u00e0 la sauce \u00e0 l&#039;ail<\/em>, un joyau moins connu qui met en valeur la ma\u00eetrise de la texture et de l&#039;\u00e9quilibre de la r\u00e9gion.<\/p><p>Pour le plat principal, laissez-vous tenter par des classiques revisit\u00e9s avec pr\u00e9cision :<\/p><ul dir=\"auto\"><li><strong>Tofu Mapo<\/strong>, soyeux et fumant, infus\u00e9 de haricots noirs ferment\u00e9s et d&#039;une huile rouge vibrante qui danse sur le palais<\/li><li><strong>Poulet Kung Pao<\/strong>, pr\u00e9par\u00e9 de mani\u00e8re authentique, avec des cacahu\u00e8tes du Sichuan, des piments s\u00e9ch\u00e9s et une touche de vinaigre pour plus de luminosit\u00e9<\/li><li><strong>Poisson cuit \u00e0 la vapeur avec piment et cornichons ferment\u00e9s<\/strong>, un plat qui capture l&#039;\u00e2me des cuisines rurales du Sichuan<\/li><li><strong>B\u0153uf brais\u00e9 dans un bouillon \u00e9pic\u00e9<\/strong>, cuit lentement pendant des heures jusqu&#039;\u00e0 ce que la viande fonde au toucher d&#039;une fourchette<\/li><\/ul><p>Les invit\u00e9s v\u00e9g\u00e9tariens sont \u00e9galement c\u00e9l\u00e9br\u00e9s avec des plats comme <em>Haricots verts frits \u00e0 sec avec p\u00e2te Pixian<\/em> et <em>Pousses de bambou \u00e0 la sauce brune<\/em>, prouvant que la cuisine du Sichuan est bien plus que de la chaleur : c&#039;est de la profondeur, de l&#039;ar\u00f4me et de l&#039;harmonie.<\/p><div class=\"my-2\">\u00a0<\/div><h3><strong>Petit-d\u00e9jeuner : Un avant-go\u00fbt de Chengdu \u00e0 l&#039;aube<\/strong><\/h3><p>Notre <strong>exp\u00e9rience du petit-d\u00e9jeuner quotidien<\/strong> est un moment fort pour de nombreux visiteurs. Nous proposons <strong>buffet \u00e0 double concept<\/strong>: un <strong>S\u00e9lection occidentale<\/strong> avec des viennoiseries fra\u00eeches, du yaourt bio et des \u0153ufs de poules \u00e9lev\u00e9es en plein air, et un <strong>authentique bar \u00e0 petit-d\u00e9jeuner du Sichuan<\/strong> comprenant des petits pains cuits \u00e0 la vapeur, des nouilles de riz dans un bouillon savoureux, des wontons \u00e9pic\u00e9s et <em>congyoubing<\/em> (cr\u00eapes aux oignons verts). Savourez un th\u00e9 au jasmin fra\u00eechement infus\u00e9 ou une tasse de <em>th\u00e9 kudin<\/em>, une infusion locale sans caf\u00e9ine connue pour ses propri\u00e9t\u00e9s apaisantes.<\/p><p>Les voyageurs d\u00e9crivent souvent notre petit-d\u00e9jeuner comme \u00ab la fa\u00e7on la plus d\u00e9licieuse de commencer une journ\u00e9e d&#039;exploration de Chengdu \u00bb, et beaucoup reviennent simplement pour revivre le go\u00fbt de notre pain roul\u00e9 \u00e0 la main. <em>zhongzi<\/em> (boulettes de riz gluant).<\/p><div class=\"my-2\">\u00a0<\/div><h3><strong>Le salon de th\u00e9 : l\u00e0 o\u00f9 la culture rencontre le calme<\/strong><\/h3><p>Adjacent \u00e0 la salle \u00e0 manger principale, notre <strong>\u00e9l\u00e9gant salon de th\u00e9 du Sichuan<\/strong> offre un havre de paix pour des moments de calme, des r\u00e9unions d&#039;apr\u00e8s-midi ou des ap\u00e9ritifs avant le d\u00eener. Ici, les invit\u00e9s peuvent participer <strong>c\u00e9r\u00e9monies traditionnelles du th\u00e9<\/strong>, guid\u00e9s par nos ma\u00eetres de th\u00e9 r\u00e9sidents, et d\u00e9gustez des vari\u00e9t\u00e9s rares telles que <em>Mengding Ganlu<\/em>, <em>Bourgeon de neige Emei<\/em>, et vieilli <em>Pu&#039;er<\/em>. Le salon sert \u00e9galement <strong>cocktails infus\u00e9s au th\u00e9<\/strong>, des desserts artisanaux et des bouch\u00e9es sal\u00e9es l\u00e9g\u00e8res, parfaites pour se d\u00e9tendre apr\u00e8s une journ\u00e9e de visites.<\/p><p>Des spectacles culturels en direct, tels que de la musique guzheng, des extraits d&#039;op\u00e9ra aux visages changeants et des d\u00e9monstrations de calligraphie, sont organis\u00e9s chaque semaine, transformant l&#039;espace en une galerie vivante des arts du Sichuan.<\/p><div class=\"my-2\">\u00a0<\/div><h3><strong>Con\u00e7u pour les sens<\/strong><\/h3><p>L&#039;int\u00e9rieur du restaurant se fond <strong>\u00e9l\u00e9gance contemporaine avec l&#039;esth\u00e9tique traditionnelle du Sichuan<\/strong>Des paravents en bois, des fresques murales peintes \u00e0 la main repr\u00e9sentant la rivi\u00e8re Minjiang et un \u00e9clairage tamis\u00e9 par des lanternes cr\u00e9ent une ambiance \u00e0 la fois raffin\u00e9e et chaleureuse. Des salles \u00e0 manger priv\u00e9es sont disponibles pour des r\u00e9unions intimes, des d\u00eeners d&#039;affaires ou des c\u00e9l\u00e9brations sp\u00e9ciales, chacune portant le nom d&#039;une figure litt\u00e9raire ou d&#039;un monument c\u00e9l\u00e8bre du Sichuan.<\/p><p>Des baies vitr\u00e9es s&#039;ouvrent sur un jardin paisible dans lequel les carpes ko\u00ef glissent \u00e0 travers les \u00e9tangs de lotus et les bambous se balancent dans la brise, offrant aux clients un nettoyage visuel du palais entre les plats.<\/p><div class=\"my-2\">\u00a0<\/div><h3><strong>Durabilit\u00e9 et bien-\u00eatre dans l&#039;assiette<\/strong><\/h3><p>Nous pensons qu&#039;une bonne alimentation doit nourrir \u00e0 la fois le corps et la plan\u00e8te. Notre cuisine suit ce principe. <strong>pratiques \u00e9co-conscientes<\/strong>, minimisant les d\u00e9chets gr\u00e2ce au compostage, aux emballages r\u00e9utilisables et aux rotations saisonni\u00e8res des menus. Nous proposons <strong>options sans gluten, halal et v\u00e9g\u00e9tales<\/strong>, et nos chefs sont heureux de r\u00e9pondre aux besoins alimentaires avec des substitutions r\u00e9fl\u00e9chies.<\/p><p>Nous soulignons \u00e9galement <strong>plats ax\u00e9s sur le bien-\u00eatre<\/strong>-comme <em>Racine de lotus au miel<\/em>, connu pour ses propri\u00e9t\u00e9s apaisantes pour les poumons, et <em>Congee aux baies de Goji<\/em>, un petit-d\u00e9jeuner traditionnel et r\u00e9parateur, alliant les anciens principes m\u00e9dicinaux chinois \u00e0 l&#039;art culinaire moderne.<\/p><div class=\"my-2\">\u00a0<\/div><h3><strong>Une destination gastronomique incontournable \u00e0 Chengdu<\/strong><\/h3><p>Que vous soyez un client de l&#039;h\u00f4tel ou un amateur de cuisine locale explorant le district de Qingyang, le <strong>Restaurant de l&#039;h\u00f4tel CD YUENCHI<\/strong> vous invite \u00e0 sortir des sentiers battus et \u00e0 go\u00fbter la <strong>la v\u00e9ritable essence du Sichuan<\/strong>C&#039;est l\u00e0 que les visiteurs novices tombent amoureux du tofu mapo, o\u00f9 les expatri\u00e9s trouvent du r\u00e9confort dans un bol de <em>Dandanmien<\/em>, et o\u00f9 chaque repas ressemble \u00e0 une \u00e9treinte chaleureuse de la ville elle-m\u00eame.<\/p><p>D\u00e9couvrez pourquoi les voyageurs sur <strong>TripAdvisor, Trip.com et Google Avis<\/strong> classent r\u00e9guli\u00e8rement notre restaurant parmi les <strong>Top 10 des exp\u00e9riences culinaires dans les h\u00f4tels de Chengdu<\/strong>Venez pour les \u00e9pices, restez pour l&#039;\u00e2me et laissez votre palais d\u00e9couvrir le c\u0153ur du Sichuan, une bouch\u00e9e inoubliable \u00e0 la fois.<\/p><div class=\"my-2\">\u00a0<\/div><p data-spm-anchor-id=\"a2ty_o01.29997173.0.i53.652bc921hbIzpS\"><strong>Restaurant de l&#039;h\u00f4tel CD YUENCHI \u2013 O\u00f9 chaque saveur a une histoire, et chaque histoire commence par une seule saveur.<\/strong><\/p>\t\t\t\t\t\t\t\t<\/div>\n\t\t\t\t\t<\/div>\n\t\t\t\t<\/div>\n\t\t\t\t<section class=\"elementor-section elementor-top-section elementor-element elementor-element-14a1b9e7 elementor-section-stretched elementor-section-boxed elementor-section-gap-beside-yes elementor-section-height-default elementor-section-height-default elementor-section-column-vertical-align-stretch\" data-id=\"14a1b9e7\" data-element_type=\"section\" data-e-type=\"section\" data-settings=\"{&quot;background_background&quot;:&quot;classic&quot;,&quot;stretch_section&quot;:&quot;section-stretched&quot;}\">\n\t\t\t\t\t\t<div class=\"elementor-container elementor-column-gap-extended\">\n\t\t\t\t\t<div class=\"elementor-column elementor-col-100 elementor-top-column elementor-element elementor-element-25b67a07\" data-id=\"25b67a07\" data-element_type=\"column\" data-e-type=\"column\">\n\t\t\t<div class=\"elementor-widget-wrap elementor-element-populated\">\n\t\t\t\t\t\t<div class=\"elementor-element elementor-element-f982e27 elementor-widget elementor-widget-nuss-heading\" data-id=\"f982e27\" data-element_type=\"widget\" data-e-type=\"widget\" data-widget_type=\"nuss-heading.default\">\n\t\t\t\t<div class=\"elementor-widget-container\">\n\t\t\t\t\t\t\t<div class=\"nuss-modern-heading\">\r\n\t\t\t\r\n\t\t\t\t\t\t<div class=\"heading-primary-wrap\">\r\n\t\t\t\t<h2 class=\"heading-primary elementor-heading-title\">Ch\u00e8que disponible <\/h2>\t\t\t<\/div>\r\n\t\t\r\n\t\t\t\r\n\t\t\t\t\t<\/div>\r\n\t\t\t\t\t<\/div>\n\t\t\t\t<\/div>\n\t\t\t\t<div class=\"elementor-element elementor-element-7ff2c099 elementor-widget elementor-widget-text-editor\" data-id=\"7ff2c099\" data-element_type=\"widget\" data-e-type=\"widget\" data-widget_type=\"text-editor.default\">\n\t\t\t\t\t\t\t\t\t<iframe border=\"0\" src=\"https:\/\/www.trip.com\/partners\/ad\/S5278611?Allianceid=4590391&#038;SID=257375959&#038;trip_sub1=\" style=\"width:900px;height:200px\" frameborder=\"0\" scrolling=\"no\" id=\"S5278611\"><\/iframe>\t\t\t\t\t\t\t\t<\/div>\n\t\t\t\t\t<\/div>\n\t\t<\/div>\n\t\t\t\t\t<\/div>\n\t\t<\/section>\n\t\t\t\t<\/div>","protected":false},"excerpt":{"rendered":"<p>Savor the Soul of Sichuan: An Exquisite Culinary Journey at the Restaurant of Hotel CD YUENCHI, Chengdu At the heart of Hotel CD YUENCHI, nestled in the historic Qingyang District at No. 28 Wuyuegong Street, Chengdu, Sichuan 610017, China, lies a culinary sanctuary that celebrates the bold, aromatic, and deeply soulful flavors of one of [&hellip;]<\/p>\n","protected":false},"author":1,"featured_media":0,"parent":0,"menu_order":0,"comment_status":"closed","ping_status":"closed","template":"","meta":{"footnotes":""},"class_list":["post-612","page","type-page","status-publish","hentry","post-no-thumbnail"],"_links":{"self":[{"href":"https:\/\/cdyuenchi.com\/fr\/wp-json\/wp\/v2\/pages\/612","targetHints":{"allow":["GET"]}}],"collection":[{"href":"https:\/\/cdyuenchi.com\/fr\/wp-json\/wp\/v2\/pages"}],"about":[{"href":"https:\/\/cdyuenchi.com\/fr\/wp-json\/wp\/v2\/types\/page"}],"author":[{"embeddable":true,"href":"https:\/\/cdyuenchi.com\/fr\/wp-json\/wp\/v2\/users\/1"}],"replies":[{"embeddable":true,"href":"https:\/\/cdyuenchi.com\/fr\/wp-json\/wp\/v2\/comments?post=612"}],"version-history":[{"count":0,"href":"https:\/\/cdyuenchi.com\/fr\/wp-json\/wp\/v2\/pages\/612\/revisions"}],"wp:attachment":[{"href":"https:\/\/cdyuenchi.com\/fr\/wp-json\/wp\/v2\/media?parent=612"}],"curies":[{"name":"wp","href":"https:\/\/api.w.org\/{rel}","templated":true}]}}