{"id":2106,"date":"2021-03-25T04:08:26","date_gmt":"2021-03-25T04:08:26","guid":{"rendered":"http:\/\/localhost\/nuss\/?page_id=298"},"modified":"2025-09-09T03:26:53","modified_gmt":"2025-09-09T03:26:53","slug":"recensioni-delle-esperienze-dei-clienti","status":"publish","type":"page","link":"https:\/\/cdyuenchi.com\/it\/customer-experiences-reviews\/","title":{"rendered":"Esperienze e recensioni dei clienti"},"content":{"rendered":"<div data-elementor-type=\"wp-page\" data-elementor-id=\"2106\" class=\"elementor elementor-2106\">\n\t\t\t\t\t\t<section class=\"elementor-section elementor-top-section elementor-element elementor-element-1954ffc elementor-section-boxed elementor-section-gap-beside-yes elementor-section-height-default elementor-section-height-default elementor-section-column-vertical-align-stretch\" data-id=\"1954ffc\" data-element_type=\"section\" data-e-type=\"section\">\n\t\t\t\t\t\t<div class=\"elementor-container elementor-column-gap-extended\">\n\t\t\t\t\t<div class=\"elementor-column elementor-col-100 elementor-top-column elementor-element elementor-element-86aebc5\" data-id=\"86aebc5\" data-element_type=\"column\" data-e-type=\"column\">\n\t\t\t<div class=\"elementor-widget-wrap elementor-element-populated\">\n\t\t\t\t\t\t<div class=\"elementor-element elementor-element-11803d1 elementor-widget__width-initial elementor-invisible elementor-widget elementor-widget-text-editor\" data-id=\"11803d1\" data-element_type=\"widget\" data-e-type=\"widget\" data-settings=\"{&quot;_animation&quot;:&quot;nussFadeInUp&quot;}\" data-widget_type=\"text-editor.default\">\n\t\t\t\t\t\t\t\t\t<p>Vogliamo che i nostri ospiti vivano un&#039;esperienza speciale durante il loro soggiorno presso di noi, perch\u00e9 le esperienze pi\u00f9 belle creano ricordi meravigliosi.<\/p>\t\t\t\t\t\t\t\t<\/div>\n\t\t\t\t\t<\/div>\n\t\t<\/div>\n\t\t\t\t\t<\/div>\n\t\t<\/section>\n\t\t<div class=\"elementor-element elementor-element-cd9a5b0 e-flex e-con-boxed e-con e-parent\" data-id=\"cd9a5b0\" data-element_type=\"container\" data-e-type=\"container\">\n\t\t\t\t\t<div class=\"e-con-inner\">\n\t\t\t\t<div class=\"elementor-element elementor-element-87ac8fd elementor-widget elementor-widget-text-editor\" data-id=\"87ac8fd\" data-element_type=\"widget\" data-e-type=\"widget\" data-widget_type=\"text-editor.default\">\n\t\t\t\t\t\t\t\t\t<p data-spm-anchor-id=\"a2ty_o01.29997173.0.i28.652bc921hbIzpS\">A <strong>Hotel CD YUENCHI<\/strong>, situato a <strong>No. 28 Wuyuegong Street, Distretto di Qingyang, Chengdu, Sichuan 610017, Cina<\/strong>Ogni ospite non \u00e8 solo un visitatore, ma un prezioso narratore del nostro percorso di eccellenza. Immerso nel cuore culturale e storico di una delle citt\u00e0 pi\u00f9 vivaci della Cina, il nostro boutique hotel si \u00e8 guadagnato una reputazione non solo per il suo design elegante e la posizione privilegiata, ma soprattutto per la <strong>esperienze indimenticabili<\/strong> Offre servizi a viaggiatori provenienti da tutto il mondo. Dagli avventurieri solitari ai professionisti d&#039;affari, dalle famiglie alle coppie in luna di miele, gli ospiti elogiano costantemente l&#039;Hotel CD YUENCHI per il suo <strong>servizio eccezionale, autentica ospitalit\u00e0 del Sichuan e attenzione ai dettagli<\/strong>\u2014e le loro voci brillano intensamente sulle principali piattaforme di viaggio come <strong>TripAdvisor.com<\/strong> E <strong>Trip.com<\/strong>.<\/p><h3><strong>Recensioni entusiastiche degli ospiti: cosa dicono i viaggiatori<\/strong><\/h3><p>Con un <strong>Valutazione media di 4,7 stelle su Trip.com<\/strong> e un impressionante <strong>Valutazione &quot;Eccellente&quot; 4,6\/5 su TripAdvisor<\/strong>L&#039;Hotel CD YUENCHI si distingue come una delle strutture ricettive pi\u00f9 consigliate a Chengdu. Gli ospiti sottolineano costantemente l&#039;hotel <strong>perfetto equilibrio tra lusso moderno e fascino locale<\/strong>, descrivendo spesso il loro soggiorno come &quot;un&#039;oasi serena nel mezzo di una citt\u00e0 frenetica&quot; e &quot;la combinazione ideale di comfort, comodit\u00e0 e cultura&quot;.<\/p><p>SU <strong>TripAdvisor<\/strong>, i viaggiatori ne vanno pazzi <strong>personale cordiale e attento<\/strong>, con un recensore che osserva:<\/p><blockquote><p><em>&quot;Fin dal nostro arrivo, il personale si \u00e8 dimostrato all&#039;altezza delle aspettative. Ci hanno aiutato a prenotare un tour con i panda, ci hanno preparato un&#039;autentica cena locale e ci hanno persino sorpreso con un t\u00e8 gratuito dopo una lunga giornata di visite turistiche. Questo livello di attenzione personalizzata \u00e8 raro e indimenticabile.&quot;<\/em><\/p><\/blockquote><p>Un altro ospite ha scritto:<\/p><blockquote><p><em>&quot;La posizione \u00e8 imbattibile. Abbiamo raggiunto a piedi Jinli Ancient Street, il Santuario di Wuhou e il Vicolo Kuanzhai in pochi minuti. Eppure, la stanza era cos\u00ec silenziosa e tranquilla che sembrava un rifugio privato. Il letto era il pi\u00f9 comodo in cui abbia mai dormito durante tutto il mio viaggio in Cina.&quot;<\/em><\/p><\/blockquote><h3><strong>Costantemente elogiato per la pulizia, il comfort e il servizio<\/strong><\/h3><p>Attraverso entrambi <strong>TripAdvisor<\/strong> E <strong>Trip.com<\/strong>La pulizia \u00e8 un tema ricorrente nei feedback degli ospiti. Con un forte impegno per l&#039;igiene e la sostenibilit\u00e0, l&#039;Hotel CD YUENCHI mantiene <strong>Standard di pulizia a 5 stelle<\/strong>, utilizzando prodotti per la pulizia ecocompatibili e protocolli di sanificazione profonda quotidiana. Gli ospiti menzionano spesso il <strong>camere pulitissime, biancheria fresca e bagni immacolati<\/strong> come caratteristiche distintive.<\/p><p>Un recensore di Trip.com ha condiviso:<\/p><blockquote><p><em>&quot;Essendo una persona molto attenta alla pulizia, sono rimasta davvero colpita. Ogni superficie brillava, l&#039;aria profumava di fresco e il bagno aveva il riscaldamento a pavimento: un tocco di lusso che non mi aspettavo!&quot;<\/em><\/p><\/blockquote><p>L&#039;eccellenza del servizio \u00e8 un altro segno distintivo dell&#039;esperienza degli ospiti. La reception multilingue, il concierge 24 ore su 24 e il personale addetto alle pulizie sono costantemente elogiati per la loro <strong>prontezza, gentilezza e capacit\u00e0 di problem-solving<\/strong>Che si tratti di organizzare il trasporto, consigliare ristoranti nascosti o soddisfare richieste dell&#039;ultimo minuto, il personale dell&#039;Hotel CD YUENCHI \u00e8 apprezzato per il suo impegno nel far sentire gli ospiti veramente coccolati.<\/p><h3><strong>Esperienze locali autentiche e tocchi premurosi<\/strong><\/h3><p>Ci\u00f2 che veramente distingue l&#039;Hotel CD YUENCHI \u00e8 la sua dedizione a <strong>curare esperienze significative<\/strong> oltre la stanza. Gli ospiti adorano il <strong>kit di benvenuto culturale gratuito<\/strong>, che include una mappa di Chengdu disegnata a mano, campioni di t\u00e8 locale e buoni sconto per le attrazioni vicine. Molti recensori evidenziano il <strong>sala da t\u00e8 del Sichuan in loco<\/strong>, dove hanno potuto assistere alle tradizionali cerimonie del t\u00e8 e apprendere informazioni sulla tradizione del t\u00e8 della regione da ospiti esperti.<\/p><p>Un viaggiatore di TripAdvisor ha condiviso:<\/p><blockquote><p><em>&quot;Il rito del t\u00e8 serale \u00e8 stato un momento clou. Abbiamo sorseggiato un t\u00e8 Mengding Ganlu di prima qualit\u00e0 ascoltando un&#039;esibizione di guzheng. \u00c8 stato un momento di pace, di autenticit\u00e0 e ci ha permesso di apprezzare pi\u00f9 a fondo la cultura del Sichuan.&quot;<\/em><\/p><\/blockquote><p>Le famiglie apprezzano il <strong>spaziose suite familiari e servizi adatti ai bambini<\/strong>, mentre i viaggiatori d&#039;affari lodano il <strong>spazi di lavoro silenziosi, Wi-Fi veloce e sale riunioni efficienti<\/strong>Le viaggiatrici solitarie spesso menzionano la sensazione <strong>sicuro, benvenuto e ben supportato<\/strong> durante il loro soggiorno.<\/p><h3><strong>Soddisfazione e riconoscimento degli ospiti premiati<\/strong><\/h3><p>Grazie alle recensioni costantemente eccellenti, l&#039;Hotel CD YUENCHI \u00e8 stato riconosciuto come un <strong>Trip.com &quot;Hotel di prima scelta&quot;<\/strong> e un <strong>Candidato al premio TripAdvisor Travelers&#039; Choice<\/strong>, collocandolo tra i primi 51 hotel TP3T al mondo in base al feedback degli ospiti. Questi riconoscimenti non sono solo medaglie d&#039;onore, ma testimoniano il nostro incrollabile impegno nel superare le aspettative.<\/p><p>Gli ospiti apprezzano anche il <strong>esperienza di prenotazione e check-in senza interruzioni<\/strong>, con molti che sottolineano il servizio clienti reattivo dell&#039;hotel su Trip.com, dove le richieste ricevono risposta in pochi minuti. I sondaggi post-soggiorno rivelano che oltre <strong>Il 94% degli ospiti consiglierebbe l&#039;Hotel CD YUENCHI a un amico o collega<\/strong>, citando il <strong>rapporto qualit\u00e0-prezzo, posizione centrale e connessione emotiva<\/strong> hanno provato durante il loro soggiorno.<\/p><h3><strong>Storie vere, impressioni durature<\/strong><\/h3><p>Oltre alle valutazioni a stelle e alle testimonianze scritte, ci\u00f2 che definisce veramente l&#039;Hotel CD YUENCHI \u00e8 il <strong>risonanza emotiva<\/strong> che crea. Che si tratti di una coppia che festeggia il proprio anniversario con una cena al chiaro di luna su un tetto, di un viaggiatore d&#039;affari che conclude un affare importante dopo una notte di sonno ristoratore o di un visitatore per la prima volta in Cina che scopre il calore dell&#039;ospitalit\u00e0 del Sichuan, le storie condivise su <strong>TripAdvisor<\/strong> E <strong>Trip.com<\/strong> riflettono una verit\u00e0 pi\u00f9 profonda: questo \u00e8 pi\u00f9 di un posto dove stare. \u00c8 un posto a cui appartenere.<\/p><p>Vi invitiamo a leggere il <strong>centinaia di recensioni verificate degli ospiti<\/strong>Esplora le foto condivise dai nostri ospiti e scopri perch\u00e9 l&#039;Hotel CD YUENCHI continua a essere uno degli hotel boutique pi\u00f9 amati di Chengdu. Il tuo viaggio inizia qui, dove ogni soggiorno \u00e8 curato con cura e ogni ospite diventa parte della nostra storia.<\/p><p data-spm-anchor-id=\"a2ty_o01.29997173.0.i32.652bc921hbIzpS\"><strong data-spm-anchor-id=\"a2ty_o01.29997173.0.i29.652bc921hbIzpS\">Scopri la differenza. Leggi le recensioni. Prenota il tuo soggiorno indimenticabile all&#039;Hotel CD YUENCHI, dove gli ospiti non si limitano a fare il check-in, ma creano ricordi indimenticabili.<\/strong><\/p>\t\t\t\t\t\t\t\t<\/div>\n\t\t\t\t\t<\/div>\n\t\t\t\t<\/div>\n\t\t\t\t<section class=\"elementor-section elementor-top-section elementor-element elementor-element-b7b6b78 elementor-section-stretched elementor-section-boxed elementor-section-gap-beside-yes elementor-section-height-default elementor-section-height-default elementor-section-column-vertical-align-stretch\" data-id=\"b7b6b78\" data-element_type=\"section\" data-e-type=\"section\" data-settings=\"{&quot;background_background&quot;:&quot;classic&quot;,&quot;stretch_section&quot;:&quot;section-stretched&quot;}\">\n\t\t\t\t\t\t<div class=\"elementor-container elementor-column-gap-extended\">\n\t\t\t\t\t<div class=\"elementor-column elementor-col-100 elementor-top-column elementor-element elementor-element-52a5a466\" data-id=\"52a5a466\" data-element_type=\"column\" data-e-type=\"column\">\n\t\t\t<div class=\"elementor-widget-wrap elementor-element-populated\">\n\t\t\t\t\t\t<div class=\"elementor-element elementor-element-58b3ebd5 elementor-widget elementor-widget-nuss-heading\" data-id=\"58b3ebd5\" data-element_type=\"widget\" data-e-type=\"widget\" data-widget_type=\"nuss-heading.default\">\n\t\t\t\t<div class=\"elementor-widget-container\">\n\t\t\t\t\t\t\t<div class=\"nuss-modern-heading\">\r\n\t\t\t\r\n\t\t\t\t\t\t<div class=\"heading-primary-wrap\">\r\n\t\t\t\t<h2 class=\"heading-primary elementor-heading-title\">Controlla disponibile <\/h2>\t\t\t<\/div>\r\n\t\t\r\n\t\t\t\r\n\t\t\t\t\t<\/div>\r\n\t\t\t\t\t<\/div>\n\t\t\t\t<\/div>\n\t\t\t\t<div class=\"elementor-element elementor-element-37f6bf57 elementor-widget elementor-widget-text-editor\" data-id=\"37f6bf57\" data-element_type=\"widget\" data-e-type=\"widget\" data-widget_type=\"text-editor.default\">\n\t\t\t\t\t\t\t\t\t<iframe border=\"0\" src=\"https:\/\/www.trip.com\/partners\/ad\/S5278611?Allianceid=4590391&#038;SID=257375959&#038;trip_sub1=\" style=\"width:900px;height:200px\" frameborder=\"0\" scrolling=\"no\" id=\"S5278611\"><\/iframe>\t\t\t\t\t\t\t\t<\/div>\n\t\t\t\t\t<\/div>\n\t\t<\/div>\n\t\t\t\t\t<\/div>\n\t\t<\/section>\n\t\t\t\t<\/div>","protected":false},"excerpt":{"rendered":"<p>We want our guests to experience something special during their stays with us, as great experiences create great memories. At Hotel CD YUENCHI, located at No. 28 Wuyuegong Street, Qingyang District, Chengdu, Sichuan 610017, China, every guest is not just a visitor\u2014but a valued storyteller in our journey of excellence. Nestled in the cultural and [&hellip;]<\/p>\n","protected":false},"author":1,"featured_media":0,"parent":0,"menu_order":0,"comment_status":"closed","ping_status":"closed","template":"","meta":{"footnotes":""},"class_list":["post-2106","page","type-page","status-publish","hentry","post-no-thumbnail"],"_links":{"self":[{"href":"https:\/\/cdyuenchi.com\/it\/wp-json\/wp\/v2\/pages\/2106","targetHints":{"allow":["GET"]}}],"collection":[{"href":"https:\/\/cdyuenchi.com\/it\/wp-json\/wp\/v2\/pages"}],"about":[{"href":"https:\/\/cdyuenchi.com\/it\/wp-json\/wp\/v2\/types\/page"}],"author":[{"embeddable":true,"href":"https:\/\/cdyuenchi.com\/it\/wp-json\/wp\/v2\/users\/1"}],"replies":[{"embeddable":true,"href":"https:\/\/cdyuenchi.com\/it\/wp-json\/wp\/v2\/comments?post=2106"}],"version-history":[{"count":0,"href":"https:\/\/cdyuenchi.com\/it\/wp-json\/wp\/v2\/pages\/2106\/revisions"}],"wp:attachment":[{"href":"https:\/\/cdyuenchi.com\/it\/wp-json\/wp\/v2\/media?parent=2106"}],"curies":[{"name":"parola chiave","href":"https:\/\/api.w.org\/{rel}","templated":true}]}}