{"id":612,"date":"2021-03-26T10:04:13","date_gmt":"2021-03-26T10:04:13","guid":{"rendered":"http:\/\/localhost\/nuss\/?page_id=612"},"modified":"2025-09-09T04:02:17","modified_gmt":"2025-09-09T04:02:17","slug":"ristorante","status":"publish","type":"page","link":"https:\/\/cdyuenchi.com\/it\/restaurant\/","title":{"rendered":"Ristorante"},"content":{"rendered":"<div data-elementor-type=\"wp-page\" data-elementor-id=\"612\" class=\"elementor elementor-612\">\n\t\t\t\t\t\t<section class=\"elementor-section elementor-top-section elementor-element elementor-element-e2effe8 elementor-section-boxed elementor-section-gap-beside-yes elementor-section-height-default elementor-section-height-default elementor-section-column-vertical-align-stretch\" data-id=\"e2effe8\" data-element_type=\"section\" data-e-type=\"section\">\n\t\t\t\t\t\t<div class=\"elementor-container elementor-column-gap-extended\">\n\t\t\t\t\t<div class=\"elementor-column elementor-col-100 elementor-top-column elementor-element elementor-element-e18f688\" data-id=\"e18f688\" data-element_type=\"column\" data-e-type=\"column\">\n\t\t\t<div class=\"elementor-widget-wrap elementor-element-populated\">\n\t\t\t\t\t\t<div class=\"elementor-element elementor-element-6db146d elementor-widget__width-initial elementor-invisible elementor-widget elementor-widget-text-editor\" data-id=\"6db146d\" data-element_type=\"widget\" data-e-type=\"widget\" data-settings=\"{&quot;_animation&quot;:&quot;nussFadeInUp&quot;}\" data-widget_type=\"text-editor.default\">\n\t\t\t\t\t\t\t\t\t<p><strong data-spm-anchor-id=\"a2ty_o01.29997173.0.i51.652bc921hbIzpS\">Assapora l&#039;anima del Sichuan: uno squisito viaggio culinario al ristorante dell&#039;Hotel CD YUENCHI, Chengdu<\/strong><\/p>\t\t\t\t\t\t\t\t<\/div>\n\t\t\t\t\t<\/div>\n\t\t<\/div>\n\t\t\t\t\t<\/div>\n\t\t<\/section>\n\t\t<div class=\"elementor-element elementor-element-9af90e5 e-flex e-con-boxed e-con e-parent\" data-id=\"9af90e5\" data-element_type=\"container\" data-e-type=\"container\">\n\t\t\t\t\t<div class=\"e-con-inner\">\n\t\t\t\t<div class=\"elementor-element elementor-element-f5c22c6 elementor-widget elementor-widget-nuss-image-gallery\" data-id=\"f5c22c6\" data-element_type=\"widget\" data-e-type=\"widget\" data-widget_type=\"nuss-image-gallery.default\">\n\t\t\t\t<div class=\"elementor-widget-container\">\n\t\t\t\t\t\t\t<div class=\"nuss-grid-wrapper\" data-grid=\"{&quot;type&quot;:&quot;grid&quot;,&quot;ratio&quot;:null,&quot;columns&quot;:3,&quot;gutter&quot;:30}\">\r\n\t\t\t<div class=\"nuss-grid lazy-grid\">\r\n\t\t\t\t<div class=\"grid-sizer\"><\/div>\r\n\r\n\t\t\t\t\t\t\t\t\t\t\t\t<div class=\"grid-item\">\r\n\t\t\t\t\t\t<div class=\"nuss-box\">\t\t<div class=\"nuss-image image\">\r\n\t\t\t<img decoding=\"async\"  src=\"https:\/\/cdyuenchi.com\/wp-content\/uploads\/2025\/09\/CD-Yuenchi-61.webp\" alt=\"CD Yuenchi (61)\" \/>\t\t<\/div>\r\n\t\t\t\t<\/div>\t\t\t\t\t<\/div>\r\n\t\t\t\t\t\t<div class=\"grid-item\">\r\n\t\t\t\t\t\t<div class=\"nuss-box\">\t\t<div class=\"nuss-image image\">\r\n\t\t\t<img decoding=\"async\"  src=\"https:\/\/cdyuenchi.com\/wp-content\/uploads\/2025\/09\/CD-Yuenchi-60.webp\" alt=\"CD Yuenchi (60)\" \/>\t\t<\/div>\r\n\t\t\t\t<\/div>\t\t\t\t\t<\/div>\r\n\t\t\t\t\t\t<div class=\"grid-item\">\r\n\t\t\t\t\t\t<div class=\"nuss-box\">\t\t<div class=\"nuss-image image\">\r\n\t\t\t<img decoding=\"async\"  src=\"https:\/\/cdyuenchi.com\/wp-content\/uploads\/2025\/09\/CD-Yuenchi-59.webp\" alt=\"CD Yuenchi (59)\" \/>\t\t<\/div>\r\n\t\t\t\t<\/div>\t\t\t\t\t<\/div>\r\n\t\t\t\t\t\t<div class=\"grid-item\">\r\n\t\t\t\t\t\t<div class=\"nuss-box\">\t\t<div class=\"nuss-image image\">\r\n\t\t\t<img decoding=\"async\"  src=\"https:\/\/cdyuenchi.com\/wp-content\/uploads\/2025\/09\/CD-Yuenchi-58.webp\" alt=\"CD Yuenchi (58)\" \/>\t\t<\/div>\r\n\t\t\t\t<\/div>\t\t\t\t\t<\/div>\r\n\t\t\t\t\t\t<div class=\"grid-item\">\r\n\t\t\t\t\t\t<div class=\"nuss-box\">\t\t<div class=\"nuss-image image\">\r\n\t\t\t<img decoding=\"async\"  src=\"https:\/\/cdyuenchi.com\/wp-content\/uploads\/2025\/09\/CD-Yuenchi-56.webp\" alt=\"CD Yuenchi (56)\" \/>\t\t<\/div>\r\n\t\t\t\t<\/div>\t\t\t\t\t<\/div>\r\n\t\t\t\t\t\t<div class=\"grid-item\">\r\n\t\t\t\t\t\t<div class=\"nuss-box\">\t\t<div class=\"nuss-image image\">\r\n\t\t\t<img decoding=\"async\"  src=\"https:\/\/cdyuenchi.com\/wp-content\/uploads\/2025\/09\/CD-Yuenchi-105.webp\" alt=\"CD Yuenchi (105)\" \/>\t\t<\/div>\r\n\t\t\t\t<\/div>\t\t\t\t\t<\/div>\r\n\t\t\t\t\t\t<div class=\"grid-item\">\r\n\t\t\t\t\t\t<div class=\"nuss-box\">\t\t<div class=\"nuss-image image\">\r\n\t\t\t<img decoding=\"async\"  src=\"https:\/\/cdyuenchi.com\/wp-content\/uploads\/2025\/09\/CD-Yuenchi-104.webp\" alt=\"CD Yuenchi (104)\" \/>\t\t<\/div>\r\n\t\t\t\t<\/div>\t\t\t\t\t<\/div>\r\n\t\t\t\t\t\t<div class=\"grid-item\">\r\n\t\t\t\t\t\t<div class=\"nuss-box\">\t\t<div class=\"nuss-image image\">\r\n\t\t\t<img decoding=\"async\"  src=\"https:\/\/cdyuenchi.com\/wp-content\/uploads\/2025\/09\/CD-Yuenchi-71.webp\" alt=\"CD Yuenchi (71)\" \/>\t\t<\/div>\r\n\t\t\t\t<\/div>\t\t\t\t\t<\/div>\r\n\t\t\t\t\t\t<div class=\"grid-item\">\r\n\t\t\t\t\t\t<div class=\"nuss-box\">\t\t<div class=\"nuss-image image\">\r\n\t\t\t<img decoding=\"async\"  src=\"https:\/\/cdyuenchi.com\/wp-content\/uploads\/2025\/09\/CD-Yuenchi-10.webp\" alt=\"CD Yuenchi (10)\" \/>\t\t<\/div>\r\n\t\t\t\t<\/div>\t\t\t\t\t<\/div>\r\n\t\t\t\t\t\t<div class=\"grid-item\">\r\n\t\t\t\t\t\t<div class=\"nuss-box\">\t\t<div class=\"nuss-image image\">\r\n\t\t\t<img decoding=\"async\"  src=\"https:\/\/cdyuenchi.com\/wp-content\/uploads\/2025\/09\/CD-Yuenchi-74.webp\" alt=\"CD Yuenchi (74)\" \/>\t\t<\/div>\r\n\t\t\t\t<\/div>\t\t\t\t\t<\/div>\r\n\t\t\t\t\t\t<div class=\"grid-item\">\r\n\t\t\t\t\t\t<div class=\"nuss-box\">\t\t<div class=\"nuss-image image\">\r\n\t\t\t<img decoding=\"async\"  src=\"https:\/\/cdyuenchi.com\/wp-content\/uploads\/2025\/09\/CD-Yuenchi-95.webp\" alt=\"CD Yuenchi (95)\" \/>\t\t<\/div>\r\n\t\t\t\t<\/div>\t\t\t\t\t<\/div>\r\n\t\t\t\t\t\t<div class=\"grid-item\">\r\n\t\t\t\t\t\t<div class=\"nuss-box\">\t\t<div class=\"nuss-image image\">\r\n\t\t\t<img decoding=\"async\"  src=\"https:\/\/cdyuenchi.com\/wp-content\/uploads\/2025\/09\/CD-Yuenchi-52.webp\" alt=\"CD Yuenchi (52)\" \/>\t\t<\/div>\r\n\t\t\t\t<\/div>\t\t\t\t\t<\/div>\r\n\t\t\t\t\t\t\t\r\n\t\t\t<\/div>\r\n\t\t<\/div>\r\n\t\t\t\t\t\t<\/div>\n\t\t\t\t<\/div>\n\t\t\t\t\t<\/div>\n\t\t\t\t<\/div>\n\t\t<div class=\"elementor-element elementor-element-3fbd4ca e-flex e-con-boxed e-con e-parent\" data-id=\"3fbd4ca\" data-element_type=\"container\" data-e-type=\"container\">\n\t\t\t\t\t<div class=\"e-con-inner\">\n\t\t\t\t<div class=\"elementor-element elementor-element-d755ece elementor-widget elementor-widget-text-editor\" data-id=\"d755ece\" data-element_type=\"widget\" data-e-type=\"widget\" data-widget_type=\"text-editor.default\">\n\t\t\t\t\t\t\t\t\t<p data-spm-anchor-id=\"a2ty_o01.29997173.0.i52.652bc921hbIzpS\">Nel cuore di <strong>Hotel CD YUENCHI<\/strong>, immerso nello storico <strong>Distretto di Qingyang<\/strong> A <strong>No. 28 Wuyuegong Street, Chengdu, Sichuan 610017, Cina<\/strong>, si trova un santuario culinario che celebra i sapori audaci, aromatici e profondamente intensi di una delle regioni gastronomiche pi\u00f9 celebri della Cina:<strong>Sichuan<\/strong>Il nostro ristorante esclusivo in loco non \u00e8 semplicemente un posto dove cenare, \u00e8 un <strong>celebrazione del patrimonio, dell&#039;artigianato e del sapore<\/strong>, dove ogni piatto racconta una storia e ogni pasto diventa un&#039;esperienza memorabile.<\/p><p>Chengdu, citt\u00e0 della gastronomia riconosciuta dall&#039;UNESCO, \u00e8 famosa in tutto il mondo per le sue spezie piccanti, i grani di pepe intorpiditi e l&#039;abile equilibrio di <em>mala<\/em> (piccante e intorpidente) che definisce la cucina del Sichuan. Al <strong>Ristorante dell&#039;Hotel CD YUENCHI<\/strong>, onoriamo questa eredit\u00e0 con riverenza e innovazione, creando un men\u00f9 che rende omaggio alle ricette tradizionali tramandate di generazione in generazione, adottando al contempo tecniche moderne e approvvigionamenti sostenibili per migliorare l&#039;esperienza culinaria del viaggiatore esigente di oggi.<\/p><div class=\"my-2\">\u00a0<\/div><h3><strong>Una filosofia culinaria radicata nell&#039;autenticit\u00e0<\/strong><\/h3><p>La nostra cucina \u00e8 guidata da un team di <strong>maestri chef nati e cresciuti nel Sichuan<\/strong>, ognuno con decenni di esperienza nella cucina regionale. Credono che il vero sapore inizi molto prima che il wok si riscaldi: con la qualit\u00e0 degli ingredienti, il ritmo della preparazione e lo spirito con cui il cibo viene condiviso. Dai noodles tirati a mano preparati all&#039;alba al doubanjiang (pasta di fave) fermentato in casa, ogni elemento \u00e8 realizzato con cura.<\/p><p>Ci riforniamo dei nostri prodotti da <strong>fattorie locali nella pianura di Chengdu<\/strong>, garantendo le verdure pi\u00f9 fresche, carni allevate all&#039;aperto ed erbe selvatiche. Le nostre foglie di t\u00e8 vengono raccolte dai pendii nebbiosi di <strong>Montagna Mengding<\/strong>e i nostri grani di pepe di Sichuan provengono da <strong>Contea di Hanyuan<\/strong>, famosi per il loro aroma floreale e il finale frizzante. Questo impegno per l&#039;autenticit\u00e0 ci ha fatto guadagnare il riconoscimento non solo degli ospiti, ma anche dei critici gastronomici locali, che elogiano il nostro ristorante come &quot;una delle espressioni pi\u00f9 autentiche del sapore del Sichuan nel centro di Chengdu&quot;.<\/p><div class=\"my-2\">\u00a0<\/div><h3><strong>Un men\u00f9 che racconta una storia<\/strong><\/h3><p>Il men\u00f9 del ristorante dell&#039;Hotel CD YUENCHI \u00e8 un viaggio curato attraverso la <strong>stagioni, regioni e tradizioni del Sichuan<\/strong>Inizia il tuo pasto con antipasti delicati come <em>Noodles Dan Dan<\/em> servito con un ricco brodo al sesamo e un pizzico di olio al peperoncino, oppure <em>Pancetta di maiale con salsa all&#039;aglio<\/em>, una gemma meno conosciuta che mette in mostra la maestria della regione in termini di consistenza ed equilibrio.<\/p><p>Per il piatto principale, concedetevi dei classici rivisitati con precisione:<\/p><ul dir=\"auto\"><li><strong>Mapo Tofu<\/strong>, setoso e fumante, infuso con fagioli neri fermentati e un olio rosso vibrante che danza sul palato<\/li><li><strong>Pollo Kung Pao<\/strong>, preparato nel modo autentico, con arachidi del Sichuan, peperoncini secchi e un tocco di aceto per dare brillantezza<\/li><li><strong>Pesce al vapore con peperoncino e sottaceti fermentati<\/strong>, un piatto che cattura l&#039;anima delle cucine rurali del Sichuan<\/li><li><strong>Manzo brasato in brodo piccante<\/strong>, cotto lentamente per ore finch\u00e9 la carne non si scioglie al tocco di una forchetta<\/li><\/ul><p>Anche gli ospiti vegetariani vengono celebrati con piatti come <em>Fagiolini fritti a secco con pasta Pixian<\/em> E <em>Germogli di bamb\u00f9 in salsa marrone<\/em>, a dimostrazione che la cucina del Sichuan \u00e8 molto pi\u00f9 che calore: \u00e8 profondit\u00e0, aroma e armonia.<\/p><div class=\"my-2\">\u00a0<\/div><h3><strong>Colazione: un assaggio di Chengdu all&#039;alba<\/strong><\/h3><p>Nostro <strong>esperienza di colazione giornaliera<\/strong> \u00e8 un punto culminante per molti ospiti. Offriamo un <strong>buffet a doppio concetto<\/strong>: UN <strong>Selezione occidentale<\/strong> con pasticcini freschi, yogurt biologico e uova da galline allevate all&#039;aperto, e un <strong>autentico bar per la colazione del Sichuan<\/strong> con panini al vapore, tagliatelle di riso in brodo saporito, wonton piccanti e <em>congyubing<\/em> (frittelle di cipollotto). Sorseggia un t\u00e8 al gelsomino appena fatto o una tazza calda di <em>t\u00e8 kudin<\/em>, un infuso di erbe locale senza caffeina, noto per le sue propriet\u00e0 lenitive.<\/p><p>I viaggiatori spesso descrivono la nostra colazione come &quot;il modo pi\u00f9 delizioso per iniziare una giornata alla scoperta di Chengdu&quot;, e molti tornano solo per rivivere il sapore della nostra pasta fatta a mano. <em>zhongzi<\/em> (gnocchi di riso glutinoso).<\/p><div class=\"my-2\">\u00a0<\/div><h3><strong>The Tea Lounge: dove la cultura incontra la calma<\/strong><\/h3><p>Adiacente alla sala da pranzo principale, il nostro <strong>elegante sala da t\u00e8 del Sichuan<\/strong> offre un rifugio sereno per momenti di tranquillit\u00e0, incontri pomeridiani o aperitivi prima di cena. Qui, gli ospiti possono partecipare a <strong>cerimonie tradizionali del t\u00e8<\/strong>, guidati dai nostri maestri del t\u00e8 residenti, e assaggiate variet\u00e0 rare come <em>Mengding Ganlu<\/em>, <em>Bocciolo di neve Emei<\/em>, e invecchiato <em>Pu&#039;er<\/em>La lounge serve anche <strong>cocktail al t\u00e8<\/strong>, dessert artigianali e stuzzichini salati e leggeri, perfetti per rilassarsi dopo una giornata di visite turistiche.<\/p><p>Ogni settimana vengono organizzati spettacoli culturali dal vivo, come musica guzheng, frammenti di opera con volti cangianti e dimostrazioni di calligrafia, trasformando lo spazio in una galleria vivente di arti del Sichuan.<\/p><div class=\"my-2\">\u00a0<\/div><h3><strong>Progettato per i sensi<\/strong><\/h3><p>Gli interni del ristorante si fondono <strong>eleganza contemporanea con l&#039;estetica tradizionale del Sichuan<\/strong>Schermi in legno a traliccio, murales dipinti a mano raffiguranti il fiume Minjiang e luci soffuse di lanterne creano un&#039;atmosfera raffinata e accogliente. Sono disponibili sale da pranzo private per riunioni intime, cene di lavoro o celebrazioni speciali, ognuna intitolata a un famoso personaggio letterario o a un luogo di interesse del Sichuan.<\/p><p>Le finestre a tutta altezza si aprono su un tranquillo giardino interno, dove le carpe koi nuotano tra gli stagni di loto e il bamb\u00f9 ondeggia nella brezza, offrendo agli ospiti un momento di piacere visivo tra una portata e l&#039;altra.<\/p><div class=\"my-2\">\u00a0<\/div><h3><strong>Sostenibilit\u00e0 e benessere nel piatto<\/strong><\/h3><p>Crediamo che il buon cibo debba nutrire sia il corpo che il pianeta. La nostra cucina segue <strong>pratiche eco-consapevoli<\/strong>, riducendo al minimo gli sprechi attraverso il compostaggio, imballaggi riutilizzabili e rotazioni stagionali del menu. Offriamo <strong>opzioni senza glutine, halal e vegetali<\/strong>e i nostri chef saranno lieti di soddisfare le esigenze alimentari con sostituzioni ponderate.<\/p><p>Evidenziamo anche <strong>piatti incentrati sul benessere<\/strong>-Piace <em>Radice di loto con miele<\/em>, noto per le sue propriet\u00e0 lenitive per i polmoni, e <em>Congee alle bacche di Goji<\/em>, una colazione tradizionale e rigenerante che fonde gli antichi principi della medicina cinese con la moderna arte culinaria.<\/p><div class=\"my-2\">\u00a0<\/div><h3><strong>Una meta gastronomica da non perdere a Chengdu<\/strong><\/h3><p>Che tu sia un ospite dell&#039;hotel o un amante del cibo locale che esplora il distretto di Qingyang, il <strong>Ristorante presso l&#039;Hotel CD YUENCHI<\/strong> vi invita ad andare oltre il percorso turistico e ad assaggiare il <strong>vera essenza del Sichuan<\/strong>\u00c8 qui che i visitatori per la prima volta si innamorano del mapo tofu, dove gli espatriati trovano conforto in una ciotola di <em>dandamiano<\/em>e dove ogni pasto \u00e8 come un caldo abbraccio dalla citt\u00e0 stessa.<\/p><p>Scopri perch\u00e9 i viaggiatori su <strong>TripAdvisor, Trip.com e recensioni di Google<\/strong> valutare costantemente il nostro ristorante tra i <strong>le 10 migliori esperienze culinarie in hotel a Chengdu<\/strong>Venite per il sapore, restate per l&#039;anima e lasciate che il vostro palato scopra il cuore del Sichuan, un boccone indimenticabile alla volta.<\/p><div class=\"my-2\">\u00a0<\/div><p data-spm-anchor-id=\"a2ty_o01.29997173.0.i53.652bc921hbIzpS\"><strong>Ristorante Hotel CD YUENCHI: dove ogni sapore ha una storia e ogni storia inizia con un singolo assaggio.<\/strong><\/p>\t\t\t\t\t\t\t\t<\/div>\n\t\t\t\t\t<\/div>\n\t\t\t\t<\/div>\n\t\t\t\t<section class=\"elementor-section elementor-top-section elementor-element elementor-element-14a1b9e7 elementor-section-stretched elementor-section-boxed elementor-section-gap-beside-yes elementor-section-height-default elementor-section-height-default elementor-section-column-vertical-align-stretch\" data-id=\"14a1b9e7\" data-element_type=\"section\" data-e-type=\"section\" data-settings=\"{&quot;background_background&quot;:&quot;classic&quot;,&quot;stretch_section&quot;:&quot;section-stretched&quot;}\">\n\t\t\t\t\t\t<div class=\"elementor-container elementor-column-gap-extended\">\n\t\t\t\t\t<div class=\"elementor-column elementor-col-100 elementor-top-column elementor-element elementor-element-25b67a07\" data-id=\"25b67a07\" data-element_type=\"column\" data-e-type=\"column\">\n\t\t\t<div class=\"elementor-widget-wrap elementor-element-populated\">\n\t\t\t\t\t\t<div class=\"elementor-element elementor-element-f982e27 elementor-widget elementor-widget-nuss-heading\" data-id=\"f982e27\" data-element_type=\"widget\" data-e-type=\"widget\" data-widget_type=\"nuss-heading.default\">\n\t\t\t\t<div class=\"elementor-widget-container\">\n\t\t\t\t\t\t\t<div class=\"nuss-modern-heading\">\r\n\t\t\t\r\n\t\t\t\t\t\t<div class=\"heading-primary-wrap\">\r\n\t\t\t\t<h2 class=\"heading-primary elementor-heading-title\">Controlla disponibile <\/h2>\t\t\t<\/div>\r\n\t\t\r\n\t\t\t\r\n\t\t\t\t\t<\/div>\r\n\t\t\t\t\t<\/div>\n\t\t\t\t<\/div>\n\t\t\t\t<div class=\"elementor-element elementor-element-7ff2c099 elementor-widget elementor-widget-text-editor\" data-id=\"7ff2c099\" data-element_type=\"widget\" data-e-type=\"widget\" data-widget_type=\"text-editor.default\">\n\t\t\t\t\t\t\t\t\t<iframe border=\"0\" src=\"https:\/\/www.trip.com\/partners\/ad\/S5278611?Allianceid=4590391&#038;SID=257375959&#038;trip_sub1=\" style=\"width:900px;height:200px\" frameborder=\"0\" scrolling=\"no\" id=\"S5278611\"><\/iframe>\t\t\t\t\t\t\t\t<\/div>\n\t\t\t\t\t<\/div>\n\t\t<\/div>\n\t\t\t\t\t<\/div>\n\t\t<\/section>\n\t\t\t\t<\/div>","protected":false},"excerpt":{"rendered":"<p>Savor the Soul of Sichuan: An Exquisite Culinary Journey at the Restaurant of Hotel CD YUENCHI, Chengdu At the heart of Hotel CD YUENCHI, nestled in the historic Qingyang District at No. 28 Wuyuegong Street, Chengdu, Sichuan 610017, China, lies a culinary sanctuary that celebrates the bold, aromatic, and deeply soulful flavors of one of [&hellip;]<\/p>\n","protected":false},"author":1,"featured_media":0,"parent":0,"menu_order":0,"comment_status":"closed","ping_status":"closed","template":"","meta":{"footnotes":""},"class_list":["post-612","page","type-page","status-publish","hentry","post-no-thumbnail"],"_links":{"self":[{"href":"https:\/\/cdyuenchi.com\/it\/wp-json\/wp\/v2\/pages\/612","targetHints":{"allow":["GET"]}}],"collection":[{"href":"https:\/\/cdyuenchi.com\/it\/wp-json\/wp\/v2\/pages"}],"about":[{"href":"https:\/\/cdyuenchi.com\/it\/wp-json\/wp\/v2\/types\/page"}],"author":[{"embeddable":true,"href":"https:\/\/cdyuenchi.com\/it\/wp-json\/wp\/v2\/users\/1"}],"replies":[{"embeddable":true,"href":"https:\/\/cdyuenchi.com\/it\/wp-json\/wp\/v2\/comments?post=612"}],"version-history":[{"count":0,"href":"https:\/\/cdyuenchi.com\/it\/wp-json\/wp\/v2\/pages\/612\/revisions"}],"wp:attachment":[{"href":"https:\/\/cdyuenchi.com\/it\/wp-json\/wp\/v2\/media?parent=612"}],"curies":[{"name":"parola chiave","href":"https:\/\/api.w.org\/{rel}","templated":true}]}}