{"id":647,"date":"2021-03-29T02:13:52","date_gmt":"2021-03-29T02:13:52","guid":{"rendered":"http:\/\/localhost\/nuss\/?page_id=647"},"modified":"2025-09-09T04:27:00","modified_gmt":"2025-09-09T04:27:00","slug":"servizi","status":"publish","type":"page","link":"https:\/\/cdyuenchi.com\/it\/services\/","title":{"rendered":"Servizi"},"content":{"rendered":"<div data-elementor-type=\"wp-page\" data-elementor-id=\"647\" class=\"elementor elementor-647\">\n\t\t\t\t\t\t<section class=\"elementor-section elementor-top-section elementor-element elementor-element-3353bc8 elementor-section-boxed elementor-section-gap-beside-yes elementor-section-height-default elementor-section-height-default elementor-section-column-vertical-align-stretch\" data-id=\"3353bc8\" data-element_type=\"section\" data-e-type=\"section\">\n\t\t\t\t\t\t<div class=\"elementor-container elementor-column-gap-extended\">\n\t\t\t\t\t<div class=\"elementor-column elementor-col-100 elementor-top-column elementor-element elementor-element-0a2bc64\" data-id=\"0a2bc64\" data-element_type=\"column\" data-e-type=\"column\">\n\t\t\t<div class=\"elementor-widget-wrap elementor-element-populated\">\n\t\t\t\t\t\t<div class=\"elementor-element elementor-element-447e3ef elementor-widget__width-initial elementor-invisible elementor-widget elementor-widget-text-editor\" data-id=\"447e3ef\" data-element_type=\"widget\" data-e-type=\"widget\" data-settings=\"{&quot;_animation&quot;:&quot;nussFadeInUp&quot;}\" data-widget_type=\"text-editor.default\">\n\t\t\t\t\t\t\t\t\t<p><strong data-spm-anchor-id=\"a2ty_o01.29997173.0.i56.652bc921hbIzpS\">Ospitalit\u00e0 di alto livello, perfezione personalizzata: scopri i servizi esclusivi dell&#039;Hotel CD YUENCHI di Chengdu<\/strong><\/p>\t\t\t\t\t\t\t\t<\/div>\n\t\t\t\t\t<\/div>\n\t\t<\/div>\n\t\t\t\t\t<\/div>\n\t\t<\/section>\n\t\t<div class=\"elementor-element elementor-element-7643867 e-flex e-con-boxed e-con e-parent\" data-id=\"7643867\" data-element_type=\"container\" data-e-type=\"container\">\n\t\t\t\t\t<div class=\"e-con-inner\">\n\t\t\t\t<div class=\"elementor-element elementor-element-6eb044f elementor-widget elementor-widget-text-editor\" data-id=\"6eb044f\" data-element_type=\"widget\" data-e-type=\"widget\" data-widget_type=\"text-editor.default\">\n\t\t\t\t\t\t\t\t\t<p>A <strong>Hotel CD YUENCHI<\/strong>, situato a <strong>No. 28 Wuyuegong Street, Distretto di Qingyang, Chengdu, Sichuan 610017, Cina<\/strong>Il lusso non \u00e8 definito solo dall&#039;opulenza, ma dai momenti di tranquillit\u00e0 e riflessione che rendono un soggiorno davvero indimenticabile. Immerso nel cuore culturale di una delle citt\u00e0 pi\u00f9 vivaci dell&#039;Asia, il nostro boutique hotel ridefinisce l&#039;ospitalit\u00e0 attraverso una suite curata di <strong>servizi intuitivi, autentici e profondamente personalizzati<\/strong> progettato per anticipare le tue esigenze, arricchire la tua esperienza e connetterti all&#039;anima del Sichuan.<\/p><p>Fin dal vostro arrivo, ogni dettaglio \u00e8 curato con cura. Che siate in visita a Chengdu per lavoro, svago o per un&#039;esperienza spirituale, i nostri servizi vanno ben oltre le aspettative: sono pensati per ispirare, confortare e sorprendere. All&#039;Hotel CD YUENCHI, non ci limitiamo a servire gli ospiti; vi accogliamo come amici cari, e i nostri servizi riflettono questa filosofia in ogni momento.<\/p><div class=\"py-2 my-3\"><hr \/><\/div><h3><strong>Arrivo con grazia: accoglienza impeccabile e servizio concierge eccellente<\/strong><\/h3><p>Il tuo viaggio inizia molto prima del check-in. Il nostro <strong>Team di portineria 24 ore su 24<\/strong>, fluente in <strong>Mandarino, inglese, giapponese e francese di base<\/strong>, \u00e8 disponibile per assistere con le richieste pre-arrivo, dai trasferimenti aeroportuali e assistenza per i visti agli itinerari personalizzati e alle prenotazioni per i ristoranti. All&#039;arrivo, gli ospiti vengono accolti con un <strong>tradizionale t\u00e8 di benvenuto alle erbe del Sichuan<\/strong>, servito in tazze di ceramica fatte a mano, simbolo di calore, salute e ospitalit\u00e0.<\/p><p>Nostro <strong>opzioni di check-in e check-out express<\/strong>, incluso l&#039;accesso tramite la nostra app per gli ospiti, per assicurarti di trascorrere il tuo tempo assaporando Chengdu, senza dover aspettare. Per gli arrivi VIP, offriamo <strong>trasferimenti privati in limousine<\/strong>, benvenuti sul tappeto rosso e cerimonie del t\u00e8 o dello champagne in camera per celebrare le occasioni speciali.<\/p><div class=\"py-2 my-3\"><hr \/><\/div><h3><strong>Alloggi progettati per la serenit\u00e0 e la raffinatezza<\/strong><\/h3><p>Ogni camera e suite dell&#039;Hotel CD YUENCHI \u00e8 un santuario di equilibrio, dove il design moderno incontra l&#039;artigianato tradizionale. I nostri servizi si estendono fino alla camera degli ospiti attraverso <strong>controllo intelligente del clima, tende oscuranti, finestre insonorizzate e biancheria Frette di alta qualit\u00e0<\/strong> per il riposo pi\u00f9 profondo. Ogni camera dispone di:<\/p><ul dir=\"auto\"><li><strong>Un minibar curato<\/strong> con snack locali, t\u00e8 artigianali e bevande analcoliche ispirate al Sichuan<\/li><li><strong>Un kit culturale in camera<\/strong> inclusa una mappa di Chengdu disegnata a mano, una guida al dialetto locale e campioni di t\u00e8 artigianale<\/li><li><strong>Men\u00f9 dei cuscini<\/strong> offrendo opzioni come cuscini di supporto per il collo in grano saraceno, memory foam ed erbe<\/li><li><strong>Servizio di couverture<\/strong> con diffusione notturna di aromaterapia, un asciugamano caldo e un biglietto scritto a mano con le previsioni del tempo per il giorno successivo e gli eventi locali pi\u00f9 importanti<\/li><\/ul><p>Per gli ospiti che soggiornano a lungo, <strong>organizzazione personalizzata dell&#039;armadio, stiratura dei capi e servizi di lavanderia<\/strong> sono disponibili con consegna in giornata.<\/p><div class=\"py-2 my-3\"><hr \/><\/div><h3><strong>Esperienze culinarie radicate nella tradizione del Sichuan<\/strong><\/h3><p>Cenare all&#039;Hotel CD YUENCHI non \u00e8 solo un pasto, \u00e8 un&#039;immersione culturale. Il nostro <strong>ristorante e sala da t\u00e8 in loco<\/strong> offrono pi\u00f9 di semplici sapori squisiti; regalano esperienze:<\/p><ul dir=\"auto\"><li><strong>Cene private con chef al tavolo<\/strong> dove gli ospiti cenano nella cucina a vista, imparando i segreti dell&#039;equilibrio delle spezie del Sichuan dai nostri maestri chef<\/li><li><strong>Men\u00f9 degustazione personalizzabili<\/strong> in base alle esigenze dietetiche, alle preferenze regionali o agli ingredienti stagionali<\/li><li><strong>Servizio di colazione in camera<\/strong> con una scelta di congee in stile Sichuan, noodles tirati a mano o classici internazionali<\/li><li><strong>Abbinamenti di t\u00e8 guidati da sommelier<\/strong> che abbinano rari t\u00e8 locali al tuo pasto per un viaggio sensoriale olistico<\/li><\/ul><p>Offriamo anche <strong>tour culinari fuori sede<\/strong>, tra cui visite ai mercati locali, masterclass di hot pot ed escursioni nelle piantagioni di t\u00e8, il tutto organizzato esclusivamente per i nostri ospiti.<\/p><div class=\"py-2 my-3\"><hr \/><\/div><h3><strong>Benessere e vita consapevole: un approccio olistico al ringiovanimento<\/strong><\/h3><p>Riconoscendo che il vero lusso include il benessere, l&#039;Hotel CD YUENCHI offre un <strong>programma di benessere ponderato<\/strong> che fonde le antiche tradizioni cinesi con il comfort moderno:<\/p><ul dir=\"auto\"><li><strong>Kit per yoga e meditazione in camera<\/strong> con sessioni audio guidate<\/li><li><strong>Massaggio e terapia di digitopressione su richiesta<\/strong> utilizzando tecniche tradizionali e oli biologici<\/li><li><strong>Sessioni di respirazione e qigong<\/strong> nel nostro tranquillo giardino del cortile all&#039;alba<\/li><li><strong>Terapia del vapore alle erbe<\/strong> utilizzando erbe medicinali del Sichuan come chuanxiong e duhuo<\/li><\/ul><p>Nostro <strong>concierge del benessere<\/strong> pu\u00f2 progettare un piano di ringiovanimento personalizzato, sia che tu stia cercando un profondo rilassamento, un allineamento energetico o un recupero post-viaggio.<\/p><div class=\"py-2 my-3\"><hr \/><\/div><h3><strong>Servizi aziendali ed eventi: dove la produttivit\u00e0 incontra l&#039;eleganza<\/strong><\/h3><p>Per i viaggiatori d&#039;affari e gli organizzatori di eventi, il nostro <strong>servizi alle imprese<\/strong> sono progettati per garantire efficienza e impatto. L&#039;hotel offre:<\/p><ul dir=\"auto\"><li><strong>Cinque spazi per riunioni e banchetti completamente attrezzati<\/strong>, compresa la sala da ballo Grand YUENCHI da 300 posti<\/li><li><strong>Capacit\u00e0 di eventi ibridi<\/strong> con streaming live, interpretazione multilingue e trascrizione basata sull&#039;intelligenza artificiale<\/li><li><strong>Lounge business dedicata<\/strong> con postazioni di lavoro private, stampa, scansione e gestione sicura dei documenti<\/li><li><strong>Team di supporto esecutivo<\/strong> offrendo servizi di traduzione, referenze notarili, servizi di corriere (DHL, SF Express) e backup di presentazioni in tempo reale<\/li><\/ul><p>Nostro <strong>organizzatori di eventi<\/strong> specializzati nell&#039;organizzazione di incontri aziendali culturalmente coinvolgenti, dalle cene a tema opera del Sichuan alle cerimonie del t\u00e8 per il team building.<\/p><div class=\"py-2 my-3\"><hr \/><\/div><h3><strong>Programmi di immersione culturale e arricchimento degli ospiti<\/strong><\/h3><p>All&#039;Hotel CD YUENCHI, crediamo che il viaggio debba essere trasformativo. Il nostro <strong>Curatori dell&#039;esperienza degli ospiti<\/strong> progettare programmi unici che ti connettano alla cultura viva di Chengdu:<\/p><ul dir=\"auto\"><li><strong>\u201cSerate a Chengdu\u201d mensili<\/strong> con musica guzheng, laboratori di calligrafia e sessioni di narrazione<\/li><li><strong>Incontri tra artigiani<\/strong> con maestri del ricamo locale, tessitori di bamb\u00f9 e pittori di porcellana<\/li><li><strong>Tour privati del santuario dei panda<\/strong> con esperti di conservazione presso la Chengdu Research Base<\/li><li><strong>Corsi di lingua e cucina<\/strong> ospitato dai residenti locali nella nostra cucina dimostrativa<\/li><\/ul><p>Le famiglie ricevono <strong>kit di attivit\u00e0 personalizzati<\/strong>, mentre i viaggiatori solitari sono invitati a unirsi ai tavoli della comunit\u00e0 e ai salotti culturali per promuovere connessioni significative.<\/p><div class=\"py-2 my-3\"><hr \/><\/div><h3><strong>Sostenibilit\u00e0 e gestione attenta<\/strong><\/h3><p>I nostri servizi sono pensati non solo per il comfort degli ospiti, ma anche per la cura del pianeta. Siamo orgogliosi di essere un <strong>boutique hotel certificato green<\/strong>, con iniziative tra cui:<\/p><ul dir=\"auto\"><li><strong>Zero plastica monouso<\/strong> nelle camere e nei punti ristoro<\/li><li><strong>Men\u00f9 stagionali a base di prodotti locali<\/strong> che sostengono gli agricoltori regionali<\/li><li><strong>Riscaldamento dell&#039;acqua ad energia solare<\/strong> e illuminazione a basso consumo energetico<\/li><li><strong>Bottiglie riutilizzabili per i servizi igienici<\/strong> con profumi naturali ispirati al Sichuan (osmanto, t\u00e8 verde, legno invecchiato)<\/li><li><strong>Programmi di partecipazione degli ospiti<\/strong> come premi per il riutilizzo degli asciugamani e monitoraggio dell&#039;impronta di carbonio<\/li><\/ul><p>Collaboriamo anche con ONG locali per sostenere la conservazione culturale e lo sviluppo della comunit\u00e0.<\/p><div class=\"py-2 my-3\"><hr \/><\/div><h3><strong>Assistenza personalizzata, esigenze anticipate<\/strong><\/h3><p>Ci\u00f2 che distingue veramente i nostri servizi \u00e8 <strong>ospitalit\u00e0 anticipata<\/strong>Il nostro personale \u00e8 addestrato a cogliere i segnali pi\u00f9 sottili (l&#039;ospite che preferisce cuscini extra, il viaggiatore che ama leggere in tranquillit\u00e0, l&#039;ospite d&#039;affari che ha bisogno di una stampa dell&#039;ultimo minuto) e ad agire prima che gli venga chiesto.<\/p><p>Che si tratti di organizzare una cena a sorpresa per l&#039;anniversario sulla terrazza panoramica, di assicurarsi i biglietti per un&#039;opera esaurita o di aiutare un ospite a riconnettersi con un amico d&#039;infanzia a Chengdu, il nostro team prospera nel creare <strong>risonanza emotiva<\/strong> attraverso il servizio.<\/p><div class=\"py-2 my-3\"><hr \/><\/div><h3><strong>Un&#039;etica di servizio ispirata allo spirito del Sichuan<\/strong><\/h3><p>Nella cultura del Sichuan, l&#039;ospitalit\u00e0 non \u00e8 una transazione, \u00e8 un atto di <em>renqing<\/em>, un profondo calore umano e generosit\u00e0. All&#039;Hotel CD YUENCHI, questo spirito vive in ogni interazione. Dalla governante che lascia un biglietto di ringraziamento disegnato a mano, all&#039;addetto alla reception che ricorda il vostro nome e il vostro t\u00e8 preferito, i nostri servizi sono forniti con <strong>cura autentica, eleganza discreta e impatto duraturo<\/strong>.<\/p><p>Questo non \u00e8 solo un hotel.<br \/>Questo \u00e8 un luogo in cui il servizio diventa narrazione.<br \/>Dove ogni gesto ha un significato.<br \/>Dove non sei solo visto, ma veramente conosciuto.<\/p><p data-spm-anchor-id=\"a2ty_o01.29997173.0.i60.652bc921hbIzpS\">Benvenuti a <strong>Hotel CD YUENCHI<\/strong>, dove non viene fornito un servizio eccezionale, ma si percepisce.<\/p>\t\t\t\t\t\t\t\t<\/div>\n\t\t\t\t\t<\/div>\n\t\t\t\t<\/div>\n\t\t\t\t<section class=\"elementor-section elementor-top-section elementor-element elementor-element-605a413a elementor-section-stretched elementor-section-boxed elementor-section-gap-beside-yes elementor-section-height-default elementor-section-height-default elementor-section-column-vertical-align-stretch\" data-id=\"605a413a\" data-element_type=\"section\" data-e-type=\"section\" data-settings=\"{&quot;background_background&quot;:&quot;classic&quot;,&quot;stretch_section&quot;:&quot;section-stretched&quot;}\">\n\t\t\t\t\t\t<div class=\"elementor-container elementor-column-gap-extended\">\n\t\t\t\t\t<div class=\"elementor-column elementor-col-100 elementor-top-column elementor-element elementor-element-42a3868f\" data-id=\"42a3868f\" data-element_type=\"column\" data-e-type=\"column\">\n\t\t\t<div class=\"elementor-widget-wrap elementor-element-populated\">\n\t\t\t\t\t\t<div class=\"elementor-element elementor-element-43c4f145 elementor-widget elementor-widget-nuss-heading\" data-id=\"43c4f145\" data-element_type=\"widget\" data-e-type=\"widget\" data-widget_type=\"nuss-heading.default\">\n\t\t\t\t<div class=\"elementor-widget-container\">\n\t\t\t\t\t\t\t<div class=\"nuss-modern-heading\">\r\n\t\t\t\r\n\t\t\t\t\t\t<div class=\"heading-primary-wrap\">\r\n\t\t\t\t<h2 class=\"heading-primary elementor-heading-title\">Controlla disponibile <\/h2>\t\t\t<\/div>\r\n\t\t\r\n\t\t\t\r\n\t\t\t\t\t<\/div>\r\n\t\t\t\t\t<\/div>\n\t\t\t\t<\/div>\n\t\t\t\t<div class=\"elementor-element elementor-element-95f8b7e elementor-widget elementor-widget-text-editor\" data-id=\"95f8b7e\" data-element_type=\"widget\" data-e-type=\"widget\" data-widget_type=\"text-editor.default\">\n\t\t\t\t\t\t\t\t\t<iframe border=\"0\" src=\"https:\/\/www.trip.com\/partners\/ad\/S5278611?Allianceid=4590391&#038;SID=257375959&#038;trip_sub1=\" style=\"width:900px;height:200px\" frameborder=\"0\" scrolling=\"no\" id=\"S5278611\"><\/iframe>\t\t\t\t\t\t\t\t<\/div>\n\t\t\t\t\t<\/div>\n\t\t<\/div>\n\t\t\t\t\t<\/div>\n\t\t<\/section>\n\t\t\t\t<\/div>","protected":false},"excerpt":{"rendered":"<p>Elevated Hospitality, Personalized Perfection: Discover the Signature Services at Hotel CD YUENCHI, Chengdu At Hotel CD YUENCHI, located at No. 28 Wuyuegong Street, Qingyang District, Chengdu, Sichuan 610017, China, luxury is not defined by opulence alone\u2014but by the quiet, thoughtful moments that make a stay truly unforgettable. Nestled in the cultural heart of one of [&hellip;]<\/p>\n","protected":false},"author":1,"featured_media":0,"parent":0,"menu_order":0,"comment_status":"closed","ping_status":"closed","template":"","meta":{"footnotes":""},"class_list":["post-647","page","type-page","status-publish","hentry","post-no-thumbnail"],"_links":{"self":[{"href":"https:\/\/cdyuenchi.com\/it\/wp-json\/wp\/v2\/pages\/647","targetHints":{"allow":["GET"]}}],"collection":[{"href":"https:\/\/cdyuenchi.com\/it\/wp-json\/wp\/v2\/pages"}],"about":[{"href":"https:\/\/cdyuenchi.com\/it\/wp-json\/wp\/v2\/types\/page"}],"author":[{"embeddable":true,"href":"https:\/\/cdyuenchi.com\/it\/wp-json\/wp\/v2\/users\/1"}],"replies":[{"embeddable":true,"href":"https:\/\/cdyuenchi.com\/it\/wp-json\/wp\/v2\/comments?post=647"}],"version-history":[{"count":0,"href":"https:\/\/cdyuenchi.com\/it\/wp-json\/wp\/v2\/pages\/647\/revisions"}],"wp:attachment":[{"href":"https:\/\/cdyuenchi.com\/it\/wp-json\/wp\/v2\/media?parent=647"}],"curies":[{"name":"parola chiave","href":"https:\/\/api.w.org\/{rel}","templated":true}]}}